{"id":989,"date":"2018-03-08T18:22:09","date_gmt":"2018-03-08T17:22:09","guid":{"rendered":"http:\/\/www.altisfain.com\/?post_type=product&#038;p=989"},"modified":"2019-10-25T11:59:02","modified_gmt":"2019-10-25T09:59:02","slug":"bague-inox-dryade-rubis","status":"publish","type":"product","link":"https:\/\/www.altisfain.com\/en\/boutique\/nymphes\/bague-inox-dryade-rubis\/","title":{"rendered":"Bague inox Dryade Grenat"},"content":{"rendered":"<p style=\"text-align: center;\">Les dryades sont, dans la mythologie grecque, trois nymphes, des d\u00e9esses mineures li\u00e9es aux ch\u00eanes en particulier, et aux arbres en g\u00e9n\u00e9ral.<br \/>\nLe nom de dryades fut plus tard utilis\u00e9 pour d\u00e9signer les figures divines pr\u00e9sidant au culte des arbres et de la for\u00eat.<br \/>\nElles sont g\u00e9n\u00e9ralement consid\u00e9r\u00e9es comme des cr\u00e9atures tr\u00e8s timides qui se montrent rarement.<\/p>\n<div class=\"listing-tabs\" data-module=\"tabs\">\n<div class=\"col-wrapper\">\n<p class=\"col-sm-12 col-md-4\" style=\"text-align: center;\">\u00a0<strong>Bague monture inox, serti griffe avec un cabochon rond de Grenat rouge sombre.<\/strong><br \/>\n<strong>Anneau r\u00e9glable, soud\u00e9 sur la monture rectangulaire martel\u00e9e et dentel\u00e9e.<\/strong><br \/>\n<strong>Dimension monture: 3,8 cm par 1,8 cm.<\/strong><br \/>\n<strong>Dimension du cabochon: 0,8 cm de diam\u00e8tre.<\/strong><br \/>\n<strong>Dimension anneau: 0,6 cm de large.<\/strong><\/p>\n<div class=\"col-sm-12 col-md-8\">\n<div class=\"tab-contents\">\n<div class=\"tab-content\" data-ui=\"tab-content\">\n<p style=\"text-align: center;\" data-module=\"listing-description\"><strong>Bague livr\u00e9e dans son \u00e9crin.<\/strong><\/p>\n<\/div>\n<\/div>\n<\/div>\n<\/div>\n<\/div>\n<p style=\"text-align: center;\"><strong>Bague infiniment elfique et onirique!! <\/strong><\/p>\n","protected":false},"excerpt":{"rendered":"<p style=\"text-align: center;\"><strong>Bague inox r\u00e9glable serti Rubis Rouge Intense.<\/strong><\/p>\n<p style=\"text-align: center;\"><strong>Bague infiniment elfique et esprit Art Nouveau.<\/strong><\/p>\n","protected":false},"featured_media":2941,"comment_status":"open","ping_status":"closed","template":"","meta":[],"product_brand":[],"product_cat":[22],"product_tag":[32],"class_list":{"0":"post-989","1":"product","2":"type-product","3":"status-publish","4":"has-post-thumbnail","6":"product_cat-nymphes","7":"product_tag-bague","8":"pa_ambiance-art-nouveau","9":"pa_ambiance-celtique","10":"pa_ambiance-elfique","11":"pa_ambiance-feerique","12":"pa_ambiance-medieval","13":"pa_ambiance-vegetal","14":"pa_matiere-inox","15":"pa_ornement-pierre-rouge","16":"pa_ornement-pierre-semi","17":"pa_ornement-rubis","19":"first","20":"instock","21":"featured","22":"sold-individually","23":"shipping-taxable","24":"purchasable","25":"product-type-simple"},"translation":{"provider":"WPGlobus","version":"3.0.2","language":"en","enabled_languages":["fr","en"],"languages":{"fr":{"title":true,"content":true,"excerpt":true},"en":{"title":false,"content":false,"excerpt":false}}},"jetpack-related-posts":[],"jetpack_sharing_enabled":true,"_links":{"self":[{"href":"https:\/\/www.altisfain.com\/en\/wp-json\/wp\/v2\/product\/989","targetHints":{"allow":["GET"]}}],"collection":[{"href":"https:\/\/www.altisfain.com\/en\/wp-json\/wp\/v2\/product"}],"about":[{"href":"https:\/\/www.altisfain.com\/en\/wp-json\/wp\/v2\/types\/product"}],"replies":[{"embeddable":true,"href":"https:\/\/www.altisfain.com\/en\/wp-json\/wp\/v2\/comments?post=989"}],"wp:featuredmedia":[{"embeddable":true,"href":"https:\/\/www.altisfain.com\/en\/wp-json\/wp\/v2\/media\/2941"}],"wp:attachment":[{"href":"https:\/\/www.altisfain.com\/en\/wp-json\/wp\/v2\/media?parent=989"}],"wp:term":[{"taxonomy":"product_brand","embeddable":true,"href":"https:\/\/www.altisfain.com\/en\/wp-json\/wp\/v2\/product_brand?post=989"},{"taxonomy":"product_cat","embeddable":true,"href":"https:\/\/www.altisfain.com\/en\/wp-json\/wp\/v2\/product_cat?post=989"},{"taxonomy":"product_tag","embeddable":true,"href":"https:\/\/www.altisfain.com\/en\/wp-json\/wp\/v2\/product_tag?post=989"}],"curies":[{"name":"wp","href":"https:\/\/api.w.org\/{rel}","templated":true}]}}