{"id":966,"date":"2018-03-08T16:24:16","date_gmt":"2018-03-08T15:24:16","guid":{"rendered":"http:\/\/www.altisfain.com\/?post_type=product&#038;p=966"},"modified":"2019-10-20T16:15:34","modified_gmt":"2019-10-20T14:15:34","slug":"bague-psylle-orme","status":"publish","type":"product","link":"https:\/\/www.altisfain.com\/en\/boutique\/psylle\/bague-psylle-orme\/","title":{"rendered":"Bague Psylle Orme"},"content":{"rendered":"<p style=\"text-align: center;\">Les Psylles sont le nom d&#8217;un peuple de Cyr\u00e9na\u00efque qui avait la r\u00e9putation de gu\u00e9rir les morsures de serpent et d&#8217;\u00eatre immunis\u00e9 contre elles. Ils d\u00e9signent \u00e9galement les charmeurs de serpents!<\/p>\n<div class=\"listing-tabs\">\n<div class=\"col-wrapper\">\n<div class=\"col-sm-12 col-md-8\">\n<div class=\"tab-contents\">\n<div class=\"tab-content\">\n<div style=\"text-align: center;\"><strong>Bague aluminium r\u00e9glable, anneau et feuille d&#8217;orme.<br \/>\nElle est form\u00e9e sur enclume d&#8217;un seul tenant.<br \/>\nFeuille d&#8217;orme de 1,5 cm de large cm avec un anneau de 0,5 cm de large.<br \/>\nBague livr\u00e9e dans son \u00e9crin.<\/strong><\/div>\n<\/div>\n<\/div>\n<\/div>\n<\/div>\n<\/div>\n<p style=\"text-align: center;\"><strong>Bague infiniment elfique et onirique!! <\/strong><\/p>\n<hr \/>\n<p style=\"text-align: center;\"><span class=\"tlid-translation translation\" lang=\"en\"><span class=\"\" title=\"\">The Psylles are the name of a people of Cyrenaica who had the reputation of healing snake bites and being immune to them.<\/span> <span title=\"\">They also designate snake charmers!<\/span><\/span><\/p>\n<p style=\"text-align: center;\"><span class=\"tlid-translation translation\" lang=\"en\"><br \/>\n<strong><span title=\"\">Adjustable aluminum ring, ring and elm leaf.<\/span><\/strong><br \/>\n<strong><span title=\"\">It is formed on an anvil in one piece.<\/span><\/strong><br \/>\n<strong><span title=\"\">Elm leaf 1.5 cm wide cm with a ring 0.5 cm wide.<\/span><\/strong><br \/>\n<strong><span title=\"\">Ring delivered in its case.<\/span><\/strong><\/p>\n<p><strong><span title=\"\">Ring infinitely elven and dreamlike !!<\/span><\/strong><\/span><\/p>\n","protected":false},"excerpt":{"rendered":"<p style=\"text-align: center;\"><strong>Bague aluminium r\u00e9glable avec feuille d&#8217;Orme.<\/strong><\/p>\n<p style=\"text-align: center;\"><strong>Bague infiniment elfique et esprit Art Nouveau.<\/strong><\/p>\n<hr \/>\n<p style=\"text-align: center;\"><span class=\"tlid-translation translation\" lang=\"en\"><strong><span class=\"\" title=\"\">Adjustable aluminum ring with elm leaf.<\/span><\/strong><\/p>\n<p><strong><span title=\"\">Infinitely elven ring and Art Nouveau spirit.<\/span><\/strong><\/span><\/p>\n","protected":false},"featured_media":963,"comment_status":"open","ping_status":"closed","template":"","meta":{"jetpack_publicize_message":"","jetpack_publicize_feature_enabled":true,"jetpack_social_post_already_shared":false,"jetpack_social_options":{"image_generator_settings":{"template":"highway","default_image_id":0,"font":"","enabled":false},"version":2}},"product_brand":[],"product_cat":[26],"product_tag":[32],"class_list":{"0":"post-966","1":"product","2":"type-product","3":"status-publish","4":"has-post-thumbnail","6":"product_cat-psylle","7":"product_tag-bague","8":"pa_ambiance-art-nouveau","9":"pa_ambiance-celtique","10":"pa_ambiance-elfique","11":"pa_ambiance-feerique","12":"pa_ambiance-medieval","13":"pa_ambiance-vegetal","14":"pa_feuille-orme","15":"pa_matiere-aluminium","17":"first","18":"instock","19":"sold-individually","20":"shipping-taxable","21":"purchasable","22":"product-type-simple"},"translation":{"provider":"WPGlobus","version":"3.0.2","language":"en","enabled_languages":["fr","en"],"languages":{"fr":{"title":true,"content":true,"excerpt":true},"en":{"title":false,"content":false,"excerpt":false}}},"jetpack_publicize_connections":[],"jetpack-related-posts":[],"jetpack_sharing_enabled":true,"jetpack_likes_enabled":true,"_links":{"self":[{"href":"https:\/\/www.altisfain.com\/en\/wp-json\/wp\/v2\/product\/966","targetHints":{"allow":["GET"]}}],"collection":[{"href":"https:\/\/www.altisfain.com\/en\/wp-json\/wp\/v2\/product"}],"about":[{"href":"https:\/\/www.altisfain.com\/en\/wp-json\/wp\/v2\/types\/product"}],"replies":[{"embeddable":true,"href":"https:\/\/www.altisfain.com\/en\/wp-json\/wp\/v2\/comments?post=966"}],"wp:featuredmedia":[{"embeddable":true,"href":"https:\/\/www.altisfain.com\/en\/wp-json\/wp\/v2\/media\/963"}],"wp:attachment":[{"href":"https:\/\/www.altisfain.com\/en\/wp-json\/wp\/v2\/media?parent=966"}],"wp:term":[{"taxonomy":"product_brand","embeddable":true,"href":"https:\/\/www.altisfain.com\/en\/wp-json\/wp\/v2\/product_brand?post=966"},{"taxonomy":"product_cat","embeddable":true,"href":"https:\/\/www.altisfain.com\/en\/wp-json\/wp\/v2\/product_cat?post=966"},{"taxonomy":"product_tag","embeddable":true,"href":"https:\/\/www.altisfain.com\/en\/wp-json\/wp\/v2\/product_tag?post=966"}],"curies":[{"name":"wp","href":"https:\/\/api.w.org\/{rel}","templated":true}]}}