{"id":960,"date":"2018-03-08T16:00:33","date_gmt":"2018-03-08T15:00:33","guid":{"rendered":"http:\/\/www.altisfain.com\/?post_type=product&#038;p=960"},"modified":"2019-10-20T16:15:53","modified_gmt":"2019-10-20T14:15:53","slug":"bague-psylle-deux-ormes","status":"publish","type":"product","link":"https:\/\/www.altisfain.com\/en\/boutique\/psylle\/bague-psylle-deux-ormes\/","title":{"rendered":"Bague Psylle Deux Ormes"},"content":{"rendered":"<p style=\"text-align: center;\">Les Psylles sont le nom d&#8217;un peuple de Cyr\u00e9na\u00efque qui avait la r\u00e9putation de gu\u00e9rir les morsures de serpent et d&#8217;\u00eatre immunis\u00e9 contre elles. Ils d\u00e9signent \u00e9galement les charmeurs de serpents!<\/p>\n<div class=\"listing-tabs\" data-module=\"tabs\">\n<div class=\"col-wrapper\">\n<div class=\"col-sm-12 col-md-4\"><\/div>\n<div class=\"col-sm-12 col-md-8\">\n<div class=\"tab-contents\">\n<div class=\"tab-content\" data-ui=\"tab-content\">\n<div style=\"text-align: center;\" data-module=\"listing-description\"><strong>Bague aluminium r\u00e9glable, anneau et feuilles d&#8217;orme qui se croisent.<br \/>\nElle est form\u00e9e sur enclume d&#8217;un seul tenant.<br \/>\nFeuilles d&#8217;orme de 2,4 cm de large cm avec un anneau de 0,5 cm de large.<br \/>\nLargeur totale de la bague: 2,7 cm<br \/>\nBague livr\u00e9e dans son \u00e9crin.<\/strong><\/div>\n<\/div>\n<\/div>\n<\/div>\n<\/div>\n<\/div>\n<p style=\"text-align: center;\"><strong>Bague infiniment elfique et onirique!! <\/strong><\/p>\n<hr \/>\n<p style=\"text-align: center;\"><strong>The Suckers are a people of Cyrenaica who was reputed to cure snake bites and be immunized against elles.<\/strong><br \/>\n<strong>They also designate the caste of snake charmers.<\/strong><\/p>\n<p style=\"text-align: center;\"><strong>Elven adjustable aluminum ring, ring and elm leaves that intersect.<\/strong><br \/>\n<strong>It is formed on anvil integrally.<\/strong><br \/>\n<strong>Elm leaf cm 2.4 cm wide with a ring of 0.5 cm wide.<\/strong><br \/>\n<strong>Total width of the ring: 2.7 cm<\/strong><br \/>\n<strong>Ring comes in its case.<\/strong><\/p>\n<p style=\"text-align: center;\"><strong>Ring infinitely elfic and dreamlike !!<\/strong><\/p>\n","protected":false},"excerpt":{"rendered":"<p style=\"text-align: center;\"><strong>Bague aluminium r\u00e9glable avec deux feuilles d&#8217;Orme.<\/strong><\/p>\n<p style=\"text-align: center;\"><strong>Bague infiniment elfique et esprit Art Nouveau.<\/strong><\/p>\n<hr \/>\n<div class=\"text-wrap tlid-copy-target\" style=\"text-align: center;\">\n<p><span class=\"tlid-translation translation\" lang=\"en\"><strong><span class=\"\" title=\"\">Adjustable aluminum ring with two elm leaves.<\/span><\/strong><\/span><\/p>\n<p><strong><span title=\"\">Infinitely elven ring and Art Nouveau spirit.<\/span><\/strong><\/p>\n<\/div>\n<div class=\"tlid-result-transliteration-container result-transliteration-container transliteration-container\">\n<div class=\"tlid-transliteration-content transliteration-content full\"><\/div>\n<\/div>\n","protected":false},"featured_media":961,"comment_status":"open","ping_status":"closed","template":"","meta":[],"product_brand":[],"product_cat":[26],"product_tag":[32],"class_list":{"0":"post-960","1":"product","2":"type-product","3":"status-publish","4":"has-post-thumbnail","6":"product_cat-psylle","7":"product_tag-bague","8":"pa_ambiance-art-nouveau","9":"pa_ambiance-celtique","10":"pa_ambiance-elfique","11":"pa_ambiance-feerique","12":"pa_ambiance-medieval","13":"pa_ambiance-vegetal","14":"pa_feuille-orme","15":"pa_matiere-aluminium","17":"first","18":"instock","19":"sold-individually","20":"shipping-taxable","21":"purchasable","22":"product-type-simple"},"translation":{"provider":"WPGlobus","version":"3.0.2","language":"en","enabled_languages":["fr","en"],"languages":{"fr":{"title":true,"content":true,"excerpt":true},"en":{"title":false,"content":false,"excerpt":false}}},"jetpack-related-posts":[],"jetpack_sharing_enabled":true,"_links":{"self":[{"href":"https:\/\/www.altisfain.com\/en\/wp-json\/wp\/v2\/product\/960","targetHints":{"allow":["GET"]}}],"collection":[{"href":"https:\/\/www.altisfain.com\/en\/wp-json\/wp\/v2\/product"}],"about":[{"href":"https:\/\/www.altisfain.com\/en\/wp-json\/wp\/v2\/types\/product"}],"replies":[{"embeddable":true,"href":"https:\/\/www.altisfain.com\/en\/wp-json\/wp\/v2\/comments?post=960"}],"wp:featuredmedia":[{"embeddable":true,"href":"https:\/\/www.altisfain.com\/en\/wp-json\/wp\/v2\/media\/961"}],"wp:attachment":[{"href":"https:\/\/www.altisfain.com\/en\/wp-json\/wp\/v2\/media?parent=960"}],"wp:term":[{"taxonomy":"product_brand","embeddable":true,"href":"https:\/\/www.altisfain.com\/en\/wp-json\/wp\/v2\/product_brand?post=960"},{"taxonomy":"product_cat","embeddable":true,"href":"https:\/\/www.altisfain.com\/en\/wp-json\/wp\/v2\/product_cat?post=960"},{"taxonomy":"product_tag","embeddable":true,"href":"https:\/\/www.altisfain.com\/en\/wp-json\/wp\/v2\/product_tag?post=960"}],"curies":[{"name":"wp","href":"https:\/\/api.w.org\/{rel}","templated":true}]}}