{"id":951,"date":"2018-03-08T14:59:42","date_gmt":"2018-03-08T13:59:42","guid":{"rendered":"http:\/\/www.altisfain.com\/?post_type=product&#038;p=951"},"modified":"2019-10-20T15:00:04","modified_gmt":"2019-10-20T13:00:04","slug":"collier-psylle-deux-ormes","status":"publish","type":"product","link":"https:\/\/www.altisfain.com\/en\/boutique\/psylle\/collier-psylle-deux-ormes\/","title":{"rendered":"Collier Psylle Deux Ormes inox ou laiton"},"content":{"rendered":"<p style=\"text-align: center;\">Les Psylles sont le nom d&#8217;un peuple de Cyr\u00e9na\u00efque qui avait la r\u00e9putation de gu\u00e9rir les morsures de serpent et d&#8217;\u00eatre immunis\u00e9 contre elles. Ils d\u00e9signent \u00e9galement les charmeurs de serpents!<\/p>\n<div class=\"listing-tabs\" data-module=\"tabs\">\n<div class=\"col-wrapper\">\n<div class=\"col-sm-12 col-md-4\"><\/div>\n<div class=\"col-sm-12 col-md-8\">\n<div class=\"tab-contents\">\n<div class=\"tab-content\" data-ui=\"tab-content\">\n<div style=\"text-align: center;\" data-module=\"listing-description\"><strong>Collier inox type torque rigide asym\u00e9trique.<br \/>\nDeux feuilles d&#8217;orme martel\u00e9es terminent le collier.<br \/>\nInox 304L mall\u00e9able, ce qui permet de serrer et desserrer le torque selon son anatomie.<br \/>\nDimension grande feuille d&#8217;orme : 5,3 cm par 3 cm.<br \/>\nDimension petite feuille d&#8217;orme: 4,1 cm par 2,4 cm.<br \/>\nType alimentaire, ne noircit pas et ne provoque pas d&#8217;allergies cutan\u00e9es.<br \/>\n<\/strong><\/div>\n<div data-module=\"listing-description\"><\/div>\n<\/div>\n<\/div>\n<\/div>\n<\/div>\n<\/div>\n<p style=\"text-align: center;\"><strong>Collier infiniment elfique et esprit m\u00e9di\u00e9val!!<\/strong><\/p>\n<p style=\"text-align: center;\"><strong>Peut \u00eatre r\u00e9alis\u00e9 en laiton verni satin haute r\u00e9sistance.<\/strong><\/p>\n<hr \/>\n<p style=\"text-align: center;\"><span class=\"tlid-translation translation\" lang=\"en\"><span class=\"\" title=\"\">The Psylles are the name of a people of Cyrenaica who had the reputation of healing snake bites and being immune to them.<\/span> <span title=\"\">They also designate snake charmers!<\/span><\/p>\n<p><strong><span title=\"\">Stainless steel collar type asymmetric rigid torque.<\/span><\/strong><br \/>\n<strong><span title=\"\">Two hammered elm leaves finish the necklace.<\/span><\/strong><br \/>\n<strong><span title=\"\">304L stainless steel malleable, which allows to tighten and loosen the torque according to its anatomy.<\/span><\/strong><br \/>\n<strong><span title=\"\">Dimension large elm leaf: 5.3 cm by 3 cm.<\/span><\/strong><br \/>\n<strong><span title=\"\">Dimension small elm leaf: 4.1 cm by 2.4 cm.<\/span><\/strong><br \/>\n<strong><span title=\"\">Food type, does not blacken and does not cause skin allergies.<\/span><\/strong><\/p>\n<p><strong><span title=\"\">Necklace infinitely Elvish and medieval spirit !!<\/span><\/strong><\/p>\n<p><strong><span title=\"\">Can be made of high resistance satin varnished brass.<\/span><\/strong><\/span><\/p>\n","protected":false},"excerpt":{"rendered":"<p style=\"text-align: center;\"><strong>Collier inox torque asym\u00e9trique avec deux feuilles d&#8217;Orme.<\/strong><\/p>\n<p style=\"text-align: center;\"><strong>Collier infiniment elfique et esprit Art Nouveau.<\/strong><\/p>\n<hr \/>\n<p style=\"text-align: center;\"><span class=\"tlid-translation translation\" lang=\"en\"><strong><span class=\"\" title=\"\">Asymmetric torque stainless steel necklace with two elm leaves.<\/span><\/strong><\/p>\n<p><strong><span title=\"\">Infinitely elven necklace and Art Nouveau spirit.<\/span><\/strong><\/span><\/p>\n","protected":false},"featured_media":953,"comment_status":"open","ping_status":"closed","template":"","meta":[],"product_brand":[],"product_cat":[26],"product_tag":[31,36],"class_list":{"0":"post-951","1":"product","2":"type-product","3":"status-publish","4":"has-post-thumbnail","6":"product_cat-psylle","7":"product_tag-collier","8":"product_tag-torque","9":"pa_ambiance-art-nouveau","10":"pa_ambiance-celtique","11":"pa_ambiance-elfique","12":"pa_ambiance-feerique","13":"pa_ambiance-medieval","14":"pa_ambiance-vegetal","15":"pa_feuille-orme","16":"pa_matiere-inox","17":"pa_matiere-laiton","19":"first","20":"instock","21":"sold-individually","22":"shipping-taxable","23":"purchasable","24":"product-type-variable"},"translation":{"provider":"WPGlobus","version":"3.0.2","language":"en","enabled_languages":["fr","en"],"languages":{"fr":{"title":true,"content":true,"excerpt":true},"en":{"title":false,"content":false,"excerpt":false}}},"jetpack-related-posts":[],"jetpack_sharing_enabled":true,"_links":{"self":[{"href":"https:\/\/www.altisfain.com\/en\/wp-json\/wp\/v2\/product\/951","targetHints":{"allow":["GET"]}}],"collection":[{"href":"https:\/\/www.altisfain.com\/en\/wp-json\/wp\/v2\/product"}],"about":[{"href":"https:\/\/www.altisfain.com\/en\/wp-json\/wp\/v2\/types\/product"}],"replies":[{"embeddable":true,"href":"https:\/\/www.altisfain.com\/en\/wp-json\/wp\/v2\/comments?post=951"}],"wp:featuredmedia":[{"embeddable":true,"href":"https:\/\/www.altisfain.com\/en\/wp-json\/wp\/v2\/media\/953"}],"wp:attachment":[{"href":"https:\/\/www.altisfain.com\/en\/wp-json\/wp\/v2\/media?parent=951"}],"wp:term":[{"taxonomy":"product_brand","embeddable":true,"href":"https:\/\/www.altisfain.com\/en\/wp-json\/wp\/v2\/product_brand?post=951"},{"taxonomy":"product_cat","embeddable":true,"href":"https:\/\/www.altisfain.com\/en\/wp-json\/wp\/v2\/product_cat?post=951"},{"taxonomy":"product_tag","embeddable":true,"href":"https:\/\/www.altisfain.com\/en\/wp-json\/wp\/v2\/product_tag?post=951"}],"curies":[{"name":"wp","href":"https:\/\/api.w.org\/{rel}","templated":true}]}}