{"id":924,"date":"2018-03-08T13:18:10","date_gmt":"2018-03-08T12:18:10","guid":{"rendered":"http:\/\/www.altisfain.com\/?post_type=product&#038;p=924"},"modified":"2019-10-20T14:56:16","modified_gmt":"2019-10-20T12:56:16","slug":"collier-psylle-deux-ginkgos-biloba","status":"publish","type":"product","link":"https:\/\/www.altisfain.com\/en\/boutique\/psylle\/collier-psylle-deux-ginkgos-biloba\/","title":{"rendered":"Collier Psylle Deux Ginkgos Biloba inox ou laiton"},"content":{"rendered":"<p style=\"text-align: center;\">Les Psylles sont le nom d&#8217;un peuple de Cyr\u00e9na\u00efque qui avait la r\u00e9putation de gu\u00e9rir les morsures de serpent et d&#8217;\u00eatre immunis\u00e9 contre elles. Ils d\u00e9signent \u00e9galement les charmeurs de serpents!<\/p>\n<div class=\"listing-tabs\" data-module=\"tabs\">\n<div class=\"col-wrapper\">\n<div class=\"col-sm-12 col-md-4\"><\/div>\n<div class=\"col-sm-12 col-md-8\">\n<div class=\"tab-contents\">\n<div class=\"tab-content\" data-ui=\"tab-content\">\n<div style=\"text-align: center;\" data-module=\"listing-description\"><strong>Collier inox type torque rigide asym\u00e9trique.<\/strong><br \/>\n<strong>Deux feuilles de ginkgo biloba martel\u00e9es terminent le collier.<\/strong><br \/>\n<strong>Inox 304L mall\u00e9able, ce qui permet de serrer et desserrer le torque selon son anatomie.<\/strong><br \/>\n<strong>Dimension grande feuille de ginkgo: 5,3 cm par 2,9 cm.<\/strong><br \/>\n<strong>Dimension feuille moyenne ginkgo: 4 cm par 2,3 cm.<\/strong><br \/>\n<strong>Inox type alimentaire, ne noircit pas et ne provoque pas d&#8217;allergies cutan\u00e9es.<\/strong><\/div>\n<div data-module=\"listing-description\"><\/div>\n<\/div>\n<\/div>\n<\/div>\n<\/div>\n<\/div>\n<p style=\"text-align: center;\"><strong>Collier infiniment elfique et esprit m\u00e9di\u00e9val!!<\/strong><\/p>\n<p style=\"text-align: center;\"><strong>Peut \u00eatre r\u00e9alis\u00e9 en laiton verni satin haute r\u00e9sistance.<\/strong><\/p>\n<hr \/>\n<p style=\"text-align: center;\">The Suckers are the name of a people of Cyrenaica who was reputed to cure snake bites and being immunized against them. They also designate the snake charmers!<\/p>\n<p style=\"text-align: center;\"><strong>Stainless type necklace asymmetric torc rigid.<\/strong><br \/>\n<strong>Two leaves of ginkgo biloba hammered finish the necklace.<\/strong><br \/>\n<strong>304L stainless malleable, allowing for tightening and loosening the torc according to its anatomy.<\/strong><br \/>\n<strong>Big ginkgo leaf size: 5.3 cm by 2.9 cm.<\/strong><br \/>\n<strong>Dimension ginkgo leaf average: 4 cm by 2.3 cm.<\/strong><br \/>\n<strong>Inox type food, do not darken and does not cause skin allergies.<\/strong><\/p>\n<p style=\"text-align: center;\"><strong>Infinitely elven necklace and medieval spirit !!<\/strong><\/p>\n<p style=\"text-align: center;\"><strong><span class=\"tlid-translation translation\" lang=\"en\"><span class=\"\" title=\"\">Can be made of high resistance satin varnished brass.<\/span><\/span><\/strong><\/p>\n","protected":false},"excerpt":{"rendered":"<p style=\"text-align: center;\"><strong>Collier inox torque asym\u00e9trique avec deux feuilles de Ginkgo Biloba.<\/strong><\/p>\n<p style=\"text-align: center;\"><strong>Collier infiniment elfique et esprit Art Nouveau.<\/strong><\/p>\n<hr \/>\n<p style=\"text-align: center;\"><span class=\"tlid-translation translation\" lang=\"en\"><strong><span class=\"\" title=\"\">Asymmetric torque stainless steel necklace with two leaves of Ginkgo Biloba.<\/span><\/strong><\/span><\/p>\n<p style=\"text-align: center;\"><strong><span title=\"\">Infinitely elven necklace and Art Nouveau spirit.<\/span><\/strong><\/p>\n","protected":false},"featured_media":925,"comment_status":"open","ping_status":"closed","template":"","meta":[],"product_brand":[],"product_cat":[26],"product_tag":[31,36],"class_list":{"0":"post-924","1":"product","2":"type-product","3":"status-publish","4":"has-post-thumbnail","6":"product_cat-psylle","7":"product_tag-collier","8":"product_tag-torque","9":"pa_ambiance-art-nouveau","10":"pa_ambiance-celtique","11":"pa_ambiance-elfique","12":"pa_ambiance-feerique","13":"pa_ambiance-medieval","14":"pa_ambiance-vegetal","15":"pa_feuille-ginkgo-biloba","16":"pa_matiere-inox","17":"pa_matiere-laiton","19":"first","20":"instock","21":"sold-individually","22":"shipping-taxable","23":"purchasable","24":"product-type-variable"},"translation":{"provider":"WPGlobus","version":"3.0.2","language":"en","enabled_languages":["fr","en"],"languages":{"fr":{"title":true,"content":true,"excerpt":true},"en":{"title":false,"content":false,"excerpt":false}}},"jetpack-related-posts":[],"jetpack_sharing_enabled":true,"_links":{"self":[{"href":"https:\/\/www.altisfain.com\/en\/wp-json\/wp\/v2\/product\/924","targetHints":{"allow":["GET"]}}],"collection":[{"href":"https:\/\/www.altisfain.com\/en\/wp-json\/wp\/v2\/product"}],"about":[{"href":"https:\/\/www.altisfain.com\/en\/wp-json\/wp\/v2\/types\/product"}],"replies":[{"embeddable":true,"href":"https:\/\/www.altisfain.com\/en\/wp-json\/wp\/v2\/comments?post=924"}],"wp:featuredmedia":[{"embeddable":true,"href":"https:\/\/www.altisfain.com\/en\/wp-json\/wp\/v2\/media\/925"}],"wp:attachment":[{"href":"https:\/\/www.altisfain.com\/en\/wp-json\/wp\/v2\/media?parent=924"}],"wp:term":[{"taxonomy":"product_brand","embeddable":true,"href":"https:\/\/www.altisfain.com\/en\/wp-json\/wp\/v2\/product_brand?post=924"},{"taxonomy":"product_cat","embeddable":true,"href":"https:\/\/www.altisfain.com\/en\/wp-json\/wp\/v2\/product_cat?post=924"},{"taxonomy":"product_tag","embeddable":true,"href":"https:\/\/www.altisfain.com\/en\/wp-json\/wp\/v2\/product_tag?post=924"}],"curies":[{"name":"wp","href":"https:\/\/api.w.org\/{rel}","templated":true}]}}