{"id":898,"date":"2018-03-08T12:34:03","date_gmt":"2018-03-08T11:34:03","guid":{"rendered":"http:\/\/www.altisfain.com\/?post_type=product&#038;p=898"},"modified":"2019-10-20T13:49:54","modified_gmt":"2019-10-20T11:49:54","slug":"bracelet-psylle-ginkgo-biloba","status":"publish","type":"product","link":"https:\/\/www.altisfain.com\/en\/boutique\/psylle\/bracelet-psylle-ginkgo-biloba\/","title":{"rendered":"Bracelet Psylle Hedera Lierre inox ou laiton"},"content":{"rendered":"<p style=\"text-align: center;\">Les Psylles sont le nom d&#8217;un peuple de Cyr\u00e9na\u00efque qui avait la r\u00e9putation de gu\u00e9rir les morsures de serpent et d&#8217;\u00eatre immunis\u00e9 contre elles. Ils d\u00e9signent \u00e9galement les charmeurs de serpents!<\/p>\n<p style=\"text-align: center;\"><strong>Bracelet inox, feuille de lierre hedera martel\u00e9e, tour de poignet modulable.<br \/>\nDimension de la feuille: 3,7 cm par 2,5 cm.<br \/>\nSe porte sur le poignet en le resserrant ou sur le milieu de l&#8217;avant-bras dans un esprit celte et f\u00e9erique.<br \/>\nInox type alimentaire, ne noircit pas et ne provoque pas d&#8217;allergies cutan\u00e9es.<br \/>\nBracelet livr\u00e9 dans son \u00e9crin.<br \/>\n<\/strong><\/p>\n<p style=\"text-align: center;\"><strong>Bracelet infiniment elfique et esprit m\u00e9di\u00e9val!! <\/strong><\/p>\n<p style=\"text-align: center;\"><strong>Peut \u00eatre r\u00e9alis\u00e9 en laiton verni satin haute r\u00e9sistance.<\/strong><\/p>\n<hr \/>\n<p style=\"text-align: center;\">Name of a people of Cyrenaica who was reputed to cure snake bites and being immunized against them.<br \/>\nSnake charmer.<\/p>\n<p style=\"text-align: center;\"><strong>Wire wrapped bracelet stainless steel, ivy leaf hammered, adjustable wrist size.<\/strong><br \/>\n<strong>Dimension of the leaf: 3,7 cm by 2,5 cm.<\/strong><br \/>\n<strong>Worn on the wrist by tightening or the middle of the forearm in a Celtic and magical mind.<\/strong><br \/>\n<strong>Stainless steel , do not darken and does not cause skin allergies.<\/strong><br \/>\n<strong>Delivered in this case.<\/strong><\/p>\n<p style=\"text-align: center;\"><strong>Bracelet infinitely elven and medieval spirit !!<\/strong><\/p>\n<div class=\"text-wrap tlid-copy-target\">\n<p class=\"result-shield-container tlid-copy-target\" style=\"text-align: center;\" tabindex=\"0\"><strong><span class=\"tlid-translation translation\" lang=\"en\"><span class=\"\" title=\"\">Can be made of high resistance satin varnished brass.<\/span><\/span><\/strong><\/p>\n<\/div>\n<div class=\"tlid-result-transliteration-container result-transliteration-container transliteration-container\">\n<div class=\"tlid-transliteration-content transliteration-content full\"><\/div>\n<\/div>\n","protected":false},"excerpt":{"rendered":"<p style=\"text-align: center;\"><strong>Bracelet inox r\u00e9glable feuille de Hedera Lierre.<\/strong><\/p>\n<p style=\"text-align: center;\"><strong>Infiniment elfique et esprit Art Nouveau.<\/strong><\/p>\n<hr \/>\n<div class=\"text-wrap tlid-copy-target\">\n<div class=\"result-shield-container tlid-copy-target\" style=\"text-align: center;\" tabindex=\"0\">\n<p><strong><span class=\"tlid-translation translation\" lang=\"en\"><span class=\"\" title=\"\">Stainless steel adjustable bracelet of Hedera Ivy leaf.<\/span><\/span><\/strong><\/p>\n<p><strong><span class=\"\" title=\"\">Infinitely elven and Art Nouveau spirit.<\/span><\/strong><\/p>\n<\/div>\n<\/div>\n<div class=\"tlid-result-transliteration-container result-transliteration-container transliteration-container\">\n<div class=\"tlid-transliteration-content transliteration-content full\"><\/div>\n<\/div>\n","protected":false},"featured_media":903,"comment_status":"open","ping_status":"closed","template":"","meta":[],"product_brand":[],"product_cat":[26],"product_tag":[33],"class_list":{"0":"post-898","1":"product","2":"type-product","3":"status-publish","4":"has-post-thumbnail","6":"product_cat-psylle","7":"product_tag-bracelet","8":"pa_ambiance-art-nouveau","9":"pa_ambiance-celtique","10":"pa_ambiance-elfique","11":"pa_ambiance-feerique","12":"pa_ambiance-medieval","13":"pa_ambiance-vegetal","14":"pa_feuille-hedera","15":"pa_feuille-lierre","16":"pa_matiere-inox","17":"pa_matiere-laiton","19":"first","20":"instock","21":"sold-individually","22":"shipping-taxable","23":"purchasable","24":"product-type-variable"},"translation":{"provider":"WPGlobus","version":"3.0.2","language":"en","enabled_languages":["fr","en"],"languages":{"fr":{"title":true,"content":true,"excerpt":true},"en":{"title":false,"content":false,"excerpt":false}}},"jetpack-related-posts":[],"jetpack_sharing_enabled":true,"_links":{"self":[{"href":"https:\/\/www.altisfain.com\/en\/wp-json\/wp\/v2\/product\/898","targetHints":{"allow":["GET"]}}],"collection":[{"href":"https:\/\/www.altisfain.com\/en\/wp-json\/wp\/v2\/product"}],"about":[{"href":"https:\/\/www.altisfain.com\/en\/wp-json\/wp\/v2\/types\/product"}],"replies":[{"embeddable":true,"href":"https:\/\/www.altisfain.com\/en\/wp-json\/wp\/v2\/comments?post=898"}],"wp:featuredmedia":[{"embeddable":true,"href":"https:\/\/www.altisfain.com\/en\/wp-json\/wp\/v2\/media\/903"}],"wp:attachment":[{"href":"https:\/\/www.altisfain.com\/en\/wp-json\/wp\/v2\/media?parent=898"}],"wp:term":[{"taxonomy":"product_brand","embeddable":true,"href":"https:\/\/www.altisfain.com\/en\/wp-json\/wp\/v2\/product_brand?post=898"},{"taxonomy":"product_cat","embeddable":true,"href":"https:\/\/www.altisfain.com\/en\/wp-json\/wp\/v2\/product_cat?post=898"},{"taxonomy":"product_tag","embeddable":true,"href":"https:\/\/www.altisfain.com\/en\/wp-json\/wp\/v2\/product_tag?post=898"}],"curies":[{"name":"wp","href":"https:\/\/api.w.org\/{rel}","templated":true}]}}