{"id":867,"date":"2018-03-07T14:52:35","date_gmt":"2018-03-07T13:52:35","guid":{"rendered":"http:\/\/www.altisfain.com\/?post_type=product&#038;p=867"},"modified":"2019-10-19T15:27:11","modified_gmt":"2019-10-19T13:27:11","slug":"collier-inox-arcane-le-monde","status":"publish","type":"product","link":"https:\/\/www.altisfain.com\/en\/boutique\/arcane\/collier-inox-arcane-le-monde\/","title":{"rendered":"Collier inox &#8220;Arcane: Le Monde&#8221;"},"content":{"rendered":"<p style=\"text-align: center;\">&#8220;Chaque chose est une apparence. Et derri\u00e8re chaque apparence se cachent ses arcanes: son essence r\u00e9elle, sa v\u00e9rit\u00e9. La d\u00e9couvrir c&#8217;est la connaissance du monde. Le pouvoir.&#8221;<br \/>\nMaxime Chattam.<\/p>\n<p style=\"text-align: center;\">&#8220;Le Monde&#8221; symbolise l\u2019\u00e9quilibre, la l\u00e9g\u00e8ret\u00e9, la concr\u00e9tisation, le bien-\u00eatre, l\u2019\u00e9panouissement mais aussi la r\u00e9ussite.<br \/>\nLa carte symbolise tout ce qui est beau, esth\u00e9tique, artistique, stable durable, parfait.<\/p>\n<p style=\"text-align: center;\"><strong>Collier inox, soud\u00e9 argent en 18 points, articul\u00e9 et attache pendentif.<br \/>\nChainette de rallonge termin\u00e9e par un entrelacs permet de jouer sur la longueur du collier.<br \/>\nCollier forme corbeille repr\u00e9sentant le &#8220;berceau du monde&#8221;, et jeu d&#8217;entrelacs qui se m\u00ealent et sortent du cadre.<br \/>\n<\/strong><\/p>\n<p style=\"text-align: center;\"><strong>Collier infiniment elfique!!<\/strong><\/p>\n<hr \/>\n<p style=\"text-align: center;\">&#8220;Everything is an appearance And behind each appearance hides its secrets&#8230;. Its real essence, its truth is discovered the knowledge of the world The Power&#8221;<br \/>\nMaxime Chattam.<\/p>\n<p style=\"text-align: center;\">\n&#8220;The World&#8221; symbolizes balance, lightness, concretization, well-being, fulfillment but also success.<br \/>\nThe tarot blade symbolizes everything that is beautiful, aesthetic, artistic, stable, lasting, perfect.<\/p>\n<p><strong>Stainless steel necklace, silver soldered in 18 points, articulated and attaches pendant.<\/strong><br \/>\n<strong>Extension chain completed by an interlacing allows to play on the length of the necklace.<\/strong><br \/>\n<strong>Necklace shaped basket representing the &#8220;cradle of the world&#8221;, and intertwined game that mingle and leave the frame.<\/strong><\/p>\n<p><strong>Necklace infinitely mystical and magical !!<\/strong><\/p>\n","protected":false},"excerpt":{"rendered":"<p style=\"text-align: center;\"><strong>Collier inox entrelacs, esprit mystique et elfique.<\/strong><\/p>\n<hr \/>\n<p style=\"text-align: center;\"><strong><span class=\"tlid-translation translation\" lang=\"en\"><span class=\"\" title=\"\">Stainless steel interlaced necklace, mystic and elven spirit.<\/span><\/span><\/strong><\/p>\n","protected":false},"featured_media":868,"comment_status":"open","ping_status":"closed","template":"","meta":[],"product_brand":[],"product_cat":[16],"product_tag":[31],"class_list":{"0":"post-867","1":"product","2":"type-product","3":"status-publish","4":"has-post-thumbnail","6":"product_cat-arcane","7":"product_tag-collier","8":"pa_ambiance-baroque","9":"pa_ambiance-celtique","10":"pa_ambiance-elfique","11":"pa_ambiance-feerique","12":"pa_ambiance-mystique","13":"pa_ambiance-victorien","14":"pa_matiere-inox","16":"first","17":"instock","18":"sold-individually","19":"shipping-taxable","20":"purchasable","21":"product-type-simple"},"translation":{"provider":"WPGlobus","version":"3.0.2","language":"en","enabled_languages":["fr","en"],"languages":{"fr":{"title":true,"content":true,"excerpt":true},"en":{"title":false,"content":false,"excerpt":false}}},"jetpack-related-posts":[],"jetpack_sharing_enabled":true,"_links":{"self":[{"href":"https:\/\/www.altisfain.com\/en\/wp-json\/wp\/v2\/product\/867","targetHints":{"allow":["GET"]}}],"collection":[{"href":"https:\/\/www.altisfain.com\/en\/wp-json\/wp\/v2\/product"}],"about":[{"href":"https:\/\/www.altisfain.com\/en\/wp-json\/wp\/v2\/types\/product"}],"replies":[{"embeddable":true,"href":"https:\/\/www.altisfain.com\/en\/wp-json\/wp\/v2\/comments?post=867"}],"wp:featuredmedia":[{"embeddable":true,"href":"https:\/\/www.altisfain.com\/en\/wp-json\/wp\/v2\/media\/868"}],"wp:attachment":[{"href":"https:\/\/www.altisfain.com\/en\/wp-json\/wp\/v2\/media?parent=867"}],"wp:term":[{"taxonomy":"product_brand","embeddable":true,"href":"https:\/\/www.altisfain.com\/en\/wp-json\/wp\/v2\/product_brand?post=867"},{"taxonomy":"product_cat","embeddable":true,"href":"https:\/\/www.altisfain.com\/en\/wp-json\/wp\/v2\/product_cat?post=867"},{"taxonomy":"product_tag","embeddable":true,"href":"https:\/\/www.altisfain.com\/en\/wp-json\/wp\/v2\/product_tag?post=867"}],"curies":[{"name":"wp","href":"https:\/\/api.w.org\/{rel}","templated":true}]}}