{"id":862,"date":"2018-03-07T14:37:51","date_gmt":"2018-03-07T13:37:51","guid":{"rendered":"http:\/\/www.altisfain.com\/?post_type=product&#038;p=862"},"modified":"2019-10-19T15:11:37","modified_gmt":"2019-10-19T13:11:37","slug":"collier-inox-arcane-le-bateleur-ou-le-magicien","status":"publish","type":"product","link":"https:\/\/www.altisfain.com\/en\/boutique\/arcane\/collier-inox-arcane-le-bateleur-ou-le-magicien\/","title":{"rendered":"Collier inox &#8220;Arcane: Le Bateleur ou le Magicien&#8221;"},"content":{"rendered":"<p style=\"text-align: center;\">&#8220;Chaque chose est une apparence. Et derri\u00e8re chaque apparence se cachent ses arcanes: son essence r\u00e9elle, sa v\u00e9rit\u00e9. La d\u00e9couvrir c&#8217;est la connaissance du monde. Le pouvoir.&#8221;<br \/>\nMaxime Chattam.<\/p>\n<p style=\"text-align: center;\">&#8220;Le Bateleur&#8221; ou &#8220;Magicien&#8221; repr\u00e9sente la volont\u00e9 cr\u00e9atrice et l&#8217;initiative: le message fondamental est de prendre le d\u00e9part avec confiance.<br \/>\nCet arcane nous montre que l&#8217;univers est un formidable jeu cosmique, la r\u00e9alit\u00e9 une illusion, une projection de notre conscience que nous devons pas trop prendre au s\u00e9rieux.<br \/>\n&#8220;Le Bateleur&#8221; nous dit qu&#8217;il faut regarder le monde avec des yeux d&#8217;enfant, et \u00eatre capable de s&#8217;\u00e9merveiller \u00e0 tout instant, de savoir cr\u00e9er, inventer, innover.<\/p>\n<p style=\"text-align: center;\"><strong>Collier inox, soud\u00e9 argent en 24 points, articul\u00e9 et attache pendentif.<br \/>\nMartelage de dix fils d&#8217;inox entrem\u00eal\u00e9s pour un un effet de collerette plongeant, presque \u00e9lisab\u00e9thain.<br \/>\nTour de cou articul\u00e9, termin\u00e9 par une chainette de rallonge qui permet de jouer sur la longueur du collier et de s&#8217;adapter \u00e0 toutes les tailles et morphologies!<br \/>\nJeu de volutes martel\u00e9es et polies.<\/strong><\/p>\n<p style=\"text-align: center;\"><strong>Collier pi\u00e8ce unique, infiniment elfique!!<\/strong><\/p>\n<hr \/>\n<p style=\"text-align: center;\">&#8220;Everything is an appearance And behind each appearance hides its secrets&#8230;. Its real essence, its truth is discovered the knowledge of the world The Power&#8221;<br \/>\nMaxime Chattam.<\/p>\n<p style=\"text-align: center;\">&#8220;The Fool&#8221; or &#8220;Magician&#8221; represents the creative will and the initiative: the fundamental message is to start with confidence.<br \/>\nThis arcane shows us that the universe is a formidable cosmic game, reality an illusion, a projection of our consciousness that we must not take too seriously.<br \/>\n&#8220;Le Bateleur&#8221; tells us that we must look at the world with the eyes of a child, and be able to marvel at every moment, to know how to create, to invent, to innovate.<\/p>\n<p><strong>Stainless steel necklace, silver welded in 24 points, articulated and pendant attachment.<\/strong><br \/>\n<strong>Hammering ten stainless steel threads intertwined for a plunging necklace effect, almost Elizabethan.<\/strong><br \/>\n<strong>Articulated neck, finished by an extension chain that allows to play along the length of the necklace and to adapt to all sizes and morphologies!<\/strong><br \/>\n<strong>Set of tracery hammered and polished.<\/strong><\/p>\n<p><strong>Necklace very Victorian, &#8230; with an elf point of effect!<\/strong><\/p>\n","protected":false},"excerpt":{"rendered":"<p style=\"text-align: center;\"><strong>Collier inox entrelacs, esprit mystique et elfique.<\/strong><\/p>\n<hr \/>\n<p style=\"text-align: center;\"><strong><span class=\"tlid-translation translation\" lang=\"en\"><span class=\"\" title=\"\">Stainless steel interlaced necklace, mystic and elven spirit.<\/span><\/span><\/strong><\/p>\n","protected":false},"featured_media":863,"comment_status":"open","ping_status":"closed","template":"","meta":[],"product_brand":[],"product_cat":[16],"product_tag":[31],"class_list":{"0":"post-862","1":"product","2":"type-product","3":"status-publish","4":"has-post-thumbnail","6":"product_cat-arcane","7":"product_tag-collier","8":"pa_ambiance-baroque","9":"pa_ambiance-celtique","10":"pa_ambiance-elfique","11":"pa_ambiance-feerique","12":"pa_ambiance-mystique","13":"pa_ambiance-victorien","14":"pa_matiere-inox","16":"first","17":"instock","18":"sold-individually","19":"shipping-taxable","20":"purchasable","21":"product-type-simple"},"translation":{"provider":"WPGlobus","version":"3.0.2","language":"en","enabled_languages":["fr","en"],"languages":{"fr":{"title":true,"content":true,"excerpt":true},"en":{"title":false,"content":false,"excerpt":false}}},"jetpack-related-posts":[],"jetpack_sharing_enabled":true,"_links":{"self":[{"href":"https:\/\/www.altisfain.com\/en\/wp-json\/wp\/v2\/product\/862","targetHints":{"allow":["GET"]}}],"collection":[{"href":"https:\/\/www.altisfain.com\/en\/wp-json\/wp\/v2\/product"}],"about":[{"href":"https:\/\/www.altisfain.com\/en\/wp-json\/wp\/v2\/types\/product"}],"replies":[{"embeddable":true,"href":"https:\/\/www.altisfain.com\/en\/wp-json\/wp\/v2\/comments?post=862"}],"wp:featuredmedia":[{"embeddable":true,"href":"https:\/\/www.altisfain.com\/en\/wp-json\/wp\/v2\/media\/863"}],"wp:attachment":[{"href":"https:\/\/www.altisfain.com\/en\/wp-json\/wp\/v2\/media?parent=862"}],"wp:term":[{"taxonomy":"product_brand","embeddable":true,"href":"https:\/\/www.altisfain.com\/en\/wp-json\/wp\/v2\/product_brand?post=862"},{"taxonomy":"product_cat","embeddable":true,"href":"https:\/\/www.altisfain.com\/en\/wp-json\/wp\/v2\/product_cat?post=862"},{"taxonomy":"product_tag","embeddable":true,"href":"https:\/\/www.altisfain.com\/en\/wp-json\/wp\/v2\/product_tag?post=862"}],"curies":[{"name":"wp","href":"https:\/\/api.w.org\/{rel}","templated":true}]}}