{"id":857,"date":"2018-03-07T14:37:00","date_gmt":"2018-03-07T13:37:00","guid":{"rendered":"http:\/\/www.altisfain.com\/?post_type=product&#038;p=857"},"modified":"2019-10-19T15:01:41","modified_gmt":"2019-10-19T13:01:41","slug":"collier-inox-arcane-le-chariot","status":"publish","type":"product","link":"https:\/\/www.altisfain.com\/en\/boutique\/arcane\/collier-inox-arcane-le-chariot\/","title":{"rendered":"Collier inox &#8220;Arcane: Le Chariot&#8221;"},"content":{"rendered":"<p style=\"text-align: center;\">&#8220;Chaque chose est une apparence. Et derri\u00e8re chaque apparence se cachent ses arcanes: son essence r\u00e9elle, sa v\u00e9rit\u00e9. La d\u00e9couvrir c&#8217;est la connaissance du monde. Le pouvoir.&#8221;<br \/>\nMaxime Chattam.<\/p>\n<p style=\"text-align: center;\">&#8220;Je suis le Chariot, je suis plein, plein de force. Rien n&#8217;est gaspill\u00e9: enracin\u00e9 dans la plan\u00e8te, amant de toutes les \u00e9nergies, c&#8217;est avec elle que je me meus<br \/>\nJe suis la source de tous les guerriers, des champions, des h\u00e9ros, de toute endurance et de tout courage.<br \/>\nJe suis la force d&#8217;action pr\u00e9sente en chaque \u00eatre vivant, le triomphe de la nature.&#8221;<\/p>\n<p style=\"text-align: center;\"><strong>Collier inox f\u00e9erique, elfique: 11 fils inox s&#8217;entrecroisent entrelacs martel\u00e9s et soud\u00e9s argent en 24 points.<\/strong><br \/>\n<strong>Une cha\u00eenette de rallonge termin\u00e9e par un entrelacs permet de jouer sur la longueur du collier.<\/strong><\/p>\n<p style=\"text-align: center;\"><strong>Collier pi\u00e8ce unique, infiniment elfique!!<\/strong><\/p>\n<hr \/>\n<p style=\"text-align: center;\">&#8220;Everything is an appearance And behind every appearance hides its mysteries&#8230;. Its real essence, its truth is discovered the knowledge of the world The Power&#8221;<br \/>\nMaxime Chattam.<\/p>\n<p style=\"text-align: center;\">&#8220;I am the Chariot, I am full, full of strength Nothing is wasted. Rooted in the planet, lover of all energies, it is with her that I move<br \/>\nI am the source of all the warriors, champions, heroes, all endurance and all courage.<br \/>\nI am the action force present in every living being, the triumph of nature.<\/p>\n<p><strong>Stainless fairy necklace, Elvish: 11 stainless wires intersecting tracery hammered and welded silver 24 points.<\/strong><br \/>\n<strong>An extension chain ended with a tracery allows playing on the length of the necklace.<\/strong><\/p>\n<p><strong>Unique piece, infinitely elven !!<\/strong><\/p>\n","protected":false},"excerpt":{"rendered":"<p style=\"text-align: center;\"><strong>Collier inox entrelacs, esprit mystique et elfique.<\/strong><\/p>\n<hr \/>\n<p style=\"text-align: center;\"><strong><span class=\"tlid-translation translation\" lang=\"en\"><span class=\"\" title=\"\">Stainless steel interlaced necklace, mystic and elven spirit.<\/span><\/span><\/strong><\/p>\n","protected":false},"featured_media":858,"comment_status":"open","ping_status":"closed","template":"","meta":[],"product_brand":[],"product_cat":[16],"product_tag":[31],"class_list":{"0":"post-857","1":"product","2":"type-product","3":"status-publish","4":"has-post-thumbnail","6":"product_cat-arcane","7":"product_tag-collier","8":"pa_ambiance-baroque","9":"pa_ambiance-celtique","10":"pa_ambiance-elfique","11":"pa_ambiance-feerique","12":"pa_ambiance-mystique","13":"pa_ambiance-victorien","14":"pa_matiere-inox","16":"first","17":"instock","18":"sold-individually","19":"shipping-taxable","20":"purchasable","21":"product-type-simple"},"translation":{"provider":"WPGlobus","version":"3.0.2","language":"en","enabled_languages":["fr","en"],"languages":{"fr":{"title":true,"content":true,"excerpt":true},"en":{"title":false,"content":false,"excerpt":false}}},"jetpack-related-posts":[],"jetpack_sharing_enabled":true,"_links":{"self":[{"href":"https:\/\/www.altisfain.com\/en\/wp-json\/wp\/v2\/product\/857","targetHints":{"allow":["GET"]}}],"collection":[{"href":"https:\/\/www.altisfain.com\/en\/wp-json\/wp\/v2\/product"}],"about":[{"href":"https:\/\/www.altisfain.com\/en\/wp-json\/wp\/v2\/types\/product"}],"replies":[{"embeddable":true,"href":"https:\/\/www.altisfain.com\/en\/wp-json\/wp\/v2\/comments?post=857"}],"wp:featuredmedia":[{"embeddable":true,"href":"https:\/\/www.altisfain.com\/en\/wp-json\/wp\/v2\/media\/858"}],"wp:attachment":[{"href":"https:\/\/www.altisfain.com\/en\/wp-json\/wp\/v2\/media?parent=857"}],"wp:term":[{"taxonomy":"product_brand","embeddable":true,"href":"https:\/\/www.altisfain.com\/en\/wp-json\/wp\/v2\/product_brand?post=857"},{"taxonomy":"product_cat","embeddable":true,"href":"https:\/\/www.altisfain.com\/en\/wp-json\/wp\/v2\/product_cat?post=857"},{"taxonomy":"product_tag","embeddable":true,"href":"https:\/\/www.altisfain.com\/en\/wp-json\/wp\/v2\/product_tag?post=857"}],"curies":[{"name":"wp","href":"https:\/\/api.w.org\/{rel}","templated":true}]}}