{"id":836,"date":"2018-03-07T12:22:30","date_gmt":"2018-03-07T11:22:30","guid":{"rendered":"http:\/\/www.altisfain.com\/?post_type=product&#038;p=836"},"modified":"2019-10-24T19:44:42","modified_gmt":"2019-10-24T17:44:42","slug":"boucles-doreilles-conte-les-lumieres-feuilles-orme","status":"publish","type":"product","link":"https:\/\/www.altisfain.com\/en\/boutique\/conte\/boucles-doreilles-conte-les-lumieres-feuilles-orme\/","title":{"rendered":"Boucles d&#8217;oreilles Conte &#8220;Les Lumi\u00e8res&#8221; feuilles orme"},"content":{"rendered":"<p style=\"text-align: center;\">&#8220;La vie ressemble \u00e0 un conte ; ce qui importe, ce n&#8217;est pas sa longueur, mais sa valeur.&#8221;<br \/>\nS\u00e9n\u00e8que.<\/p>\n<p style=\"text-align: center;\">&#8220;Les Lumi\u00e8res&#8221; est un conte d&#8217;Andersen.<\/p>\n<p style=\"text-align: center;\"><strong>Boucles d&#8217;oreilles inox, fil inox martel\u00e9 soud\u00e9 argent sur une feuille d&#8217;orme martel\u00e9es martel\u00e9es et form\u00e9es \u00e0 l&#8217;enclume.<br \/>\nPolissage final. Inox 304L, type alimentaire, ne provoque pas d\u2019allergies, ne noircit pas.<br \/>\nPi\u00e8ce fait main, dimension feuille: 2,9 cm par 1,5 cm.<br \/>\nLongueur totale boucle: 5,7 cm.<br \/>\nAttaches am\u00e9ricaine argent 925. <\/strong><\/p>\n<p style=\"text-align: center;\"><strong>Livr\u00e9es dans leur \u00e9crin!<br \/>\n<\/strong><\/p>\n<p style=\"text-align: center;\"><strong>Peut \u00eatre r\u00e9alis\u00e9es en laiton verni satin haute r\u00e9sistance.<\/strong><\/p>\n<hr \/>\n<div class=\"text-wrap tlid-copy-target\">\n<div class=\"result-shield-container tlid-copy-target\" tabindex=\"0\"><span class=\"tlid-translation translation\" lang=\"en\"><span class=\"\" title=\"\">&#8220;Life is like a tale, what matters is not its length, but its value.&#8221;<\/span><br \/>\n<span title=\"\">Seneca.<\/span><\/p>\n<p><span title=\"\">&#8220;The Lights&#8221; is a tale of Andersen.<\/span><\/p>\n<p><strong><span title=\"\">Stainless steel earrings, hammered stainless steel wire soldered on a hammered and hammered elm leaf.<\/span><\/strong><br \/>\n<strong><span title=\"\">Final polishing.<\/span> <span title=\"\">Stainless steel 304L, food type, does not cause allergies, does not blacken.<\/span><\/strong><br \/>\n<strong><span title=\"\">Handmade piece, sheet size: 2.9 cm by 1.5 cm.<\/span><\/strong><br \/>\n<strong><span title=\"\">Total length loop: 5.7 cm.<\/span><\/strong><br \/>\n<strong><span title=\"\">925 American silver ties.<\/span><\/strong><\/p>\n<p><strong><span title=\"\">Delivered in their case!<\/span><\/strong><\/p>\n<p><strong><span title=\"\">Can be made of high resistance varnished satin brass.<\/span><\/strong><\/span><\/div>\n<\/div>\n<div class=\"tlid-result-transliteration-container result-transliteration-container transliteration-container\">\n<div class=\"tlid-transliteration-content transliteration-content full\"><\/div>\n<\/div>\n","protected":false},"excerpt":{"rendered":"<p style=\"text-align: center;\"><strong>Boucles d&#8217;oreilles avec feuilles d&#8217;orme et entrelacs, attaches argent 925, inspiration elfique et f\u00e9\u00e9rique.<\/strong><\/p>\n<hr \/>\n<div class=\"text-wrap tlid-copy-target\">\n<p class=\"result-shield-container tlid-copy-target\" style=\"text-align: center;\" tabindex=\"0\"><strong><span class=\"tlid-translation translation\" lang=\"en\"><span class=\"\" title=\"\">Earrings with elm leaves and tracery, silver 925 fasteners, elven and fairy inspiration.<\/span><\/span><\/strong><\/p>\n<\/div>\n<div class=\"tlid-result-transliteration-container result-transliteration-container transliteration-container\">\n<div class=\"tlid-transliteration-content transliteration-content full\"><\/div>\n<\/div>\n","protected":false},"featured_media":839,"comment_status":"open","ping_status":"closed","template":"","meta":[],"product_brand":[],"product_cat":[29],"product_tag":[34],"class_list":{"0":"post-836","1":"product","2":"type-product","3":"status-publish","4":"has-post-thumbnail","6":"product_cat-conte","7":"product_tag-boucles-oreilles","8":"pa_ambiance-bucolique","9":"pa_ambiance-celtique","10":"pa_ambiance-elfique","11":"pa_ambiance-feerique","12":"pa_ambiance-vegetal","13":"pa_feuille-orme","14":"pa_matiere-argent-925","15":"pa_matiere-inox","16":"pa_matiere-laiton","18":"first","19":"instock","20":"shipping-taxable","21":"purchasable","22":"product-type-variable"},"translation":{"provider":"WPGlobus","version":"3.0.2","language":"en","enabled_languages":["fr","en"],"languages":{"fr":{"title":true,"content":true,"excerpt":true},"en":{"title":false,"content":false,"excerpt":false}}},"jetpack-related-posts":[],"jetpack_sharing_enabled":true,"_links":{"self":[{"href":"https:\/\/www.altisfain.com\/en\/wp-json\/wp\/v2\/product\/836","targetHints":{"allow":["GET"]}}],"collection":[{"href":"https:\/\/www.altisfain.com\/en\/wp-json\/wp\/v2\/product"}],"about":[{"href":"https:\/\/www.altisfain.com\/en\/wp-json\/wp\/v2\/types\/product"}],"replies":[{"embeddable":true,"href":"https:\/\/www.altisfain.com\/en\/wp-json\/wp\/v2\/comments?post=836"}],"wp:featuredmedia":[{"embeddable":true,"href":"https:\/\/www.altisfain.com\/en\/wp-json\/wp\/v2\/media\/839"}],"wp:attachment":[{"href":"https:\/\/www.altisfain.com\/en\/wp-json\/wp\/v2\/media?parent=836"}],"wp:term":[{"taxonomy":"product_brand","embeddable":true,"href":"https:\/\/www.altisfain.com\/en\/wp-json\/wp\/v2\/product_brand?post=836"},{"taxonomy":"product_cat","embeddable":true,"href":"https:\/\/www.altisfain.com\/en\/wp-json\/wp\/v2\/product_cat?post=836"},{"taxonomy":"product_tag","embeddable":true,"href":"https:\/\/www.altisfain.com\/en\/wp-json\/wp\/v2\/product_tag?post=836"}],"curies":[{"name":"wp","href":"https:\/\/api.w.org\/{rel}","templated":true}]}}