{"id":835,"date":"2018-03-07T12:22:13","date_gmt":"2018-03-07T11:22:13","guid":{"rendered":"http:\/\/www.altisfain.com\/?post_type=product&#038;p=835"},"modified":"2019-10-24T19:42:55","modified_gmt":"2019-10-24T17:42:55","slug":"boucles-doreilles-conte-les-musiciens-de-breme-feuilles-bambou-ou-plumes","status":"publish","type":"product","link":"https:\/\/www.altisfain.com\/en\/boutique\/conte\/boucles-doreilles-conte-les-musiciens-de-breme-feuilles-bambou-ou-plumes\/","title":{"rendered":"Boucles d&#8217;oreilles Conte &#8220;Les Musiciens de Br\u00eame&#8221; feuilles bambou ou plumes"},"content":{"rendered":"<p style=\"text-align: center;\">&#8220;La vie ressemble \u00e0 un conte ; ce qui importe, ce n&#8217;est pas sa longueur, mais sa valeur.&#8221;<br \/>\nS\u00e9n\u00e8que.<\/p>\n<p style=\"text-align: center;\">&#8220;Les Musiciens de Br\u00eame&#8221; est un conte des Fr\u00e8res Grimm.<\/p>\n<p style=\"text-align: center;\"><strong>Boucles d&#8217;oreilles inox, fil inox martel\u00e9 soud\u00e9 argent sur feuille de bambou ou plumes martel\u00e9es et piqu\u00e9es en surface \u00e0 l&#8217;acide. Polissage final. Inox 304L, type alimentaire, ne provoque pas d\u2019allergies, ne noircit pas.<\/strong><br \/>\n<strong>Pi\u00e8ce fait main, dimension feuille: 3,8 cm par 1,2 cm. <\/strong><br \/>\n<strong>Longueur totale boucle: 6,2 cm.<\/strong><br \/>\n<strong>Attaches am\u00e9ricaine argent 925. <\/strong><br \/>\n<strong>Boucles d&#8217;oreilles infiniment elfiques et bucoliques!!<\/strong><\/p>\n<p style=\"text-align: center;\"><strong>Livr\u00e9es dans leur \u00e9crin.<\/strong><\/p>\n<p style=\"text-align: center;\"><strong>Peut \u00eatre r\u00e9alis\u00e9es en laiton verni satin haute r\u00e9sistance.<\/strong><\/p>\n<hr \/>\n<p style=\"text-align: center;\"><span class=\"tlid-translation translation\" lang=\"en\"><span class=\"\" title=\"\">&#8220;Life is like a tale, what matters is not its length, but its value.&#8221;<\/span><br \/>\n<span title=\"\">Seneca.<\/span><\/span><\/p>\n<p><span class=\"\" title=\"\">&#8220;The Musicians of Bremen&#8221; is a tale of the Brothers Grimm.<\/span><\/p>\n<p><strong><span title=\"\">Stainless steel earrings, hammered stainless steel wire soldered on bamboo leaf or hammered and acid etched feathers.<\/span> <span title=\"\">Final polishing.<\/span> <span title=\"\">Stainless steel 304L, food type, does not cause allergies, does not blacken.<\/span><\/strong><br \/>\n<strong><span title=\"\">Handmade piece, sheet size: 3.8 cm by 1.2 cm.<\/span><\/strong><br \/>\n<strong><span title=\"\">Total length loop: 6.2 cm.<\/span><\/strong><br \/>\n<strong><span title=\"\">925 American silver ties.<\/span><\/strong><br \/>\n<strong><span title=\"\">Earrings infinitely elfic and bucolic !!<\/span><\/strong><\/p>\n<p><strong><span title=\"\">Delivered in their case.<\/span><\/strong><\/p>\n<p><strong><span title=\"\">Can be made of high resistance varnished satin brass.<\/span><\/strong><\/p>\n","protected":false},"excerpt":{"rendered":"<p style=\"text-align: center;\"><strong>Boucles d&#8217;oreilles avec feuille de bambou ou forme plume et entrelacs, attaches argent 925,\u00a0 esprit elfique et f\u00e9\u00e9rique.<\/strong><\/p>\n<hr \/>\n<div class=\"text-wrap tlid-copy-target\">\n<p class=\"result-shield-container tlid-copy-target\" style=\"text-align: center;\" tabindex=\"0\"><strong><span class=\"tlid-translation translation\" lang=\"en\"><span class=\"\" title=\"\">Earrings with bamboo leaf or feather and interlacing, silver 925 fasteners, elven and fairy spirit.<\/span><\/span><\/strong><\/p>\n<\/div>\n<div class=\"tlid-result-transliteration-container result-transliteration-container transliteration-container\">\n<div class=\"tlid-transliteration-content transliteration-content full\"><\/div>\n<\/div>\n","protected":false},"featured_media":837,"comment_status":"open","ping_status":"closed","template":"","meta":{"jetpack_publicize_message":"","jetpack_publicize_feature_enabled":true,"jetpack_social_post_already_shared":false,"jetpack_social_options":{"image_generator_settings":{"template":"highway","default_image_id":0,"font":"","enabled":false},"version":2}},"product_brand":[],"product_cat":[29],"product_tag":[34],"class_list":{"0":"post-835","1":"product","2":"type-product","3":"status-publish","4":"has-post-thumbnail","6":"product_cat-conte","7":"product_tag-boucles-oreilles","8":"pa_ambiance-bucolique","9":"pa_ambiance-celtique","10":"pa_ambiance-elfique","11":"pa_ambiance-feerique","12":"pa_ambiance-vegetal","13":"pa_feuille-bambou","14":"pa_matiere-argent-925","15":"pa_matiere-inox","16":"pa_matiere-laiton","18":"first","19":"instock","20":"featured","21":"shipping-taxable","22":"purchasable","23":"product-type-variable"},"translation":{"provider":"WPGlobus","version":"3.0.2","language":"en","enabled_languages":["fr","en"],"languages":{"fr":{"title":true,"content":true,"excerpt":true},"en":{"title":false,"content":false,"excerpt":false}}},"jetpack_publicize_connections":[],"jetpack-related-posts":[],"jetpack_sharing_enabled":true,"jetpack_likes_enabled":true,"_links":{"self":[{"href":"https:\/\/www.altisfain.com\/en\/wp-json\/wp\/v2\/product\/835","targetHints":{"allow":["GET"]}}],"collection":[{"href":"https:\/\/www.altisfain.com\/en\/wp-json\/wp\/v2\/product"}],"about":[{"href":"https:\/\/www.altisfain.com\/en\/wp-json\/wp\/v2\/types\/product"}],"replies":[{"embeddable":true,"href":"https:\/\/www.altisfain.com\/en\/wp-json\/wp\/v2\/comments?post=835"}],"wp:featuredmedia":[{"embeddable":true,"href":"https:\/\/www.altisfain.com\/en\/wp-json\/wp\/v2\/media\/837"}],"wp:attachment":[{"href":"https:\/\/www.altisfain.com\/en\/wp-json\/wp\/v2\/media?parent=835"}],"wp:term":[{"taxonomy":"product_brand","embeddable":true,"href":"https:\/\/www.altisfain.com\/en\/wp-json\/wp\/v2\/product_brand?post=835"},{"taxonomy":"product_cat","embeddable":true,"href":"https:\/\/www.altisfain.com\/en\/wp-json\/wp\/v2\/product_cat?post=835"},{"taxonomy":"product_tag","embeddable":true,"href":"https:\/\/www.altisfain.com\/en\/wp-json\/wp\/v2\/product_tag?post=835"}],"curies":[{"name":"wp","href":"https:\/\/api.w.org\/{rel}","templated":true}]}}