{"id":824,"date":"2018-03-07T11:27:40","date_gmt":"2018-03-07T10:27:40","guid":{"rendered":"http:\/\/www.altisfain.com\/?post_type=product&#038;p=824"},"modified":"2019-10-21T00:04:23","modified_gmt":"2019-10-20T22:04:23","slug":"bracelet-conte-le-roman-de-la-rose-feuilles-lierre-trilobe-2","status":"publish","type":"product","link":"https:\/\/www.altisfain.com\/en\/boutique\/conte\/bracelet-conte-le-roman-de-la-rose-feuilles-lierre-trilobe-2\/","title":{"rendered":"Bracelet Conte &#8220;Le Roman de la Rose&#8221; feuilles lierre trilob\u00e9"},"content":{"rendered":"<p style=\"text-align: center;\">&#8220;La vie ressemble \u00e0 un conte ; ce qui importe, ce n&#8217;est pas sa longueur, mais sa valeur.&#8221;<br \/>\nS\u00e9n\u00e8que.<\/p>\n<p style=\"text-align: center;\">&#8220;Le Roman de la Rose&#8221; est un conte, une oeuvre po\u00e9tique de Guillaume de Lorris et Jean de Meun.<\/p>\n<p style=\"text-align: center;\"><strong>Bracelet inox modulable, se porte soit sur le coup de poignet, soit sur le milieu de l&#8217;avant-bras.<br \/>\nInox type alimentaire, mall\u00e9able, permettant de desserrer et resserrer \u00e0 volont\u00e9.<br \/>\nFeuille de Ch\u00eane martel\u00e9e main et fils inox travaill\u00e9s en entrelacs, martel\u00e9s et soud\u00e9s argent.<br \/>\nDimension des feuilles: 3 cm par 2 cm.<br \/>\nLivr\u00e9 dans son \u00e9crin.<br \/>\n<\/strong><\/p>\n<p style=\"text-align: center;\"><b>Bracelet \u00e9perdument elfique!!<\/b><\/p>\n<p style=\"text-align: center;\"><strong>Peut \u00eatre r\u00e9alis\u00e9 en laiton verni satin haute r\u00e9sistance.<\/strong><\/p>\n<hr \/>\n<p><span class=\"tlid-translation translation\" lang=\"en\"><span class=\"\" title=\"\">&#8220;Life is like a tale, what matters is not its length, but its value.&#8221;<\/span><br \/>\n<span class=\"\" title=\"\">Seneca.<\/span><\/p>\n<p><span title=\"\">&#8220;The Roman of the Rose&#8221; is a tale, a poetic work of Guillaume de Lorris and Jean de Meun.<\/span><\/p>\n<p><strong><span title=\"\">Adjustable stainless steel bracelet, worn on the wrist or on the middle of the forearm.<\/span><\/strong><br \/>\n<strong><span title=\"\">Inox type food, malleable, allowing to loosen and tighten at will.<\/span><\/strong><br \/>\n<strong><span title=\"\">Oak leaf hammered hand and stainless steel son worked in interlacing, hammered and soldered silver.<\/span><\/strong><br \/>\n<strong><span title=\"\">Size of the leaves: 3 cm by 2 cm.<\/span><\/strong><br \/>\n<strong><span title=\"\">Delivered in its case.<\/span><\/strong><\/p>\n<p><strong><span title=\"\">Desperately Elvish Bracelet !!<\/span><\/strong><\/p>\n<p><strong><span title=\"\">Can be made of high resistance satin varnished brass.<\/span><\/strong><\/span><\/p>\n","protected":false},"excerpt":{"rendered":"<p style=\"text-align: center;\"><strong>Bracelet inox r\u00e9glable avec feuille de lierre trilob\u00e9 et entrelacs, inspiration elfique et f\u00e9\u00e9rique.<\/strong><\/p>\n<hr \/>\n<p style=\"text-align: center;\"><strong><span class=\"tlid-translation translation\" lang=\"en\"><span class=\"\" title=\"\">Adjustable stainless steel bracelet with ivy leaf trilobed and interlacing, elven and fairy inspiration.<\/span><\/span><\/strong><\/p>\n","protected":false},"featured_media":829,"comment_status":"open","ping_status":"closed","template":"","meta":[],"product_brand":[],"product_cat":[29],"product_tag":[33],"class_list":{"0":"post-824","1":"product","2":"type-product","3":"status-publish","4":"has-post-thumbnail","6":"product_cat-conte","7":"product_tag-bracelet","8":"pa_ambiance-bucolique","9":"pa_ambiance-celtique","10":"pa_ambiance-elfique","11":"pa_ambiance-feerique","12":"pa_ambiance-vegetal","13":"pa_feuille-lierre","14":"pa_matiere-inox","15":"pa_matiere-laiton","17":"first","18":"instock","19":"shipping-taxable","20":"purchasable","21":"product-type-variable"},"translation":{"provider":"WPGlobus","version":"3.0.2","language":"en","enabled_languages":["fr","en"],"languages":{"fr":{"title":true,"content":true,"excerpt":true},"en":{"title":false,"content":false,"excerpt":false}}},"jetpack-related-posts":[],"jetpack_sharing_enabled":true,"_links":{"self":[{"href":"https:\/\/www.altisfain.com\/en\/wp-json\/wp\/v2\/product\/824","targetHints":{"allow":["GET"]}}],"collection":[{"href":"https:\/\/www.altisfain.com\/en\/wp-json\/wp\/v2\/product"}],"about":[{"href":"https:\/\/www.altisfain.com\/en\/wp-json\/wp\/v2\/types\/product"}],"replies":[{"embeddable":true,"href":"https:\/\/www.altisfain.com\/en\/wp-json\/wp\/v2\/comments?post=824"}],"wp:featuredmedia":[{"embeddable":true,"href":"https:\/\/www.altisfain.com\/en\/wp-json\/wp\/v2\/media\/829"}],"wp:attachment":[{"href":"https:\/\/www.altisfain.com\/en\/wp-json\/wp\/v2\/media?parent=824"}],"wp:term":[{"taxonomy":"product_brand","embeddable":true,"href":"https:\/\/www.altisfain.com\/en\/wp-json\/wp\/v2\/product_brand?post=824"},{"taxonomy":"product_cat","embeddable":true,"href":"https:\/\/www.altisfain.com\/en\/wp-json\/wp\/v2\/product_cat?post=824"},{"taxonomy":"product_tag","embeddable":true,"href":"https:\/\/www.altisfain.com\/en\/wp-json\/wp\/v2\/product_tag?post=824"}],"curies":[{"name":"wp","href":"https:\/\/api.w.org\/{rel}","templated":true}]}}