{"id":743,"date":"2018-03-06T19:10:38","date_gmt":"2018-03-06T18:10:38","guid":{"rendered":"http:\/\/www.altisfain.com\/?post_type=product&#038;p=743"},"modified":"2019-10-20T23:59:55","modified_gmt":"2019-10-20T21:59:55","slug":"collier-conte-le-roman-de-la-rose-feuilles-lierre-trilobe","status":"publish","type":"product","link":"https:\/\/www.altisfain.com\/en\/boutique\/conte\/collier-conte-le-roman-de-la-rose-feuilles-lierre-trilobe\/","title":{"rendered":"Collier Conte &#8220;Le Roman de la Rose&#8221; feuilles lierre trilob\u00e9"},"content":{"rendered":"<p style=\"text-align: center;\">&#8220;La vie ressemble \u00e0 un conte ; ce qui importe, ce n&#8217;est pas sa longueur, mais sa valeur.&#8221;<br \/>\nS\u00e9n\u00e8que.<\/p>\n<p style=\"text-align: center;\">&#8220;Le Roman de la Rose&#8221; est un conte, une oeuvre po\u00e9tique de Guillaume de Lorris et Jean de Meun.<\/p>\n<p style=\"text-align: center;\"><strong>Collier inox torque asym\u00e9trique mall\u00e9able, s&#8217;adaptant \u00e0 toutes les anatomies.<br \/>\nTorque de 40 cm environ.<br \/>\nForme serpent, fil martel\u00e9 termin\u00e9 par une s\u00e9rie d&#8217;entrelacs soud\u00e9s argent qui entourent deux branches de feuilles de lierre martel\u00e9es main et form\u00e9es \u00e0 l&#8217;enclume.<br \/>\nRetour asym\u00e9trique sur feuille de lierre et entrelacs.<br \/>\nSoudure argent en 23 points.<br \/>\nDimension des feuilles de lierre: 3 cm par 2 cm.<\/strong><\/p>\n<p style=\"text-align: center;\"><b>Collier \u00e9perdument elfique!!<\/b><\/p>\n<p style=\"text-align: center;\"><strong>Peut \u00eatre r\u00e9alis\u00e9 en laiton verni satin haute r\u00e9sistance.<\/strong><\/p>\n<hr \/>\n<p><span class=\"tlid-translation translation\" lang=\"en\"><span title=\"\">&#8220;Life is like a tale, what matters is not its length, but its value.&#8221;<\/span><br \/>\n<span class=\"\" title=\"\">Seneca.<\/span><\/p>\n<p><span title=\"\">&#8220;The Roman of the Rose&#8221; is a tale, a poetic work of Guillaume de Lorris and Jean de Meun.<\/span><\/p>\n<p><strong><span title=\"\">Stainless steel asymmetrical torque collar, adaptable to all anatomies.<\/span><\/strong><br \/>\n<strong><span title=\"\">Torque of about 40 cm.<\/span><\/strong><br \/>\n<strong><span title=\"\">Snake shape, hammered wire finished by a series of silver welded tracery which surround two branches of hand-hammered ivy leaves and formed at the anvil.<\/span><\/strong><br \/>\n<strong><span title=\"\">Asymmetric back on ivy leaf and interlacing.<\/span><\/strong><br \/>\n<strong><span title=\"\">Silver soldering in 23 points.<\/span><\/strong><br \/>\n<strong><span title=\"\">Size of ivy leaves: 3 cm by 2 cm.<\/span><\/strong><\/p>\n<p><strong><span title=\"\">Necklace madly elfic !!<\/span><\/strong><\/p>\n<p><strong><span title=\"\">Can be made of high resistance satin varnished brass.<\/span><\/strong><\/span><\/p>\n","protected":false},"excerpt":{"rendered":"<p style=\"text-align: center;\"><strong>Collier torque inox asym\u00e9trique avec trois feuilles de lierre trilob\u00e9 et entrelacs, inspiration elfique et f\u00e9\u00e9rique.<\/strong><\/p>\n<hr \/>\n<div class=\"text-wrap tlid-copy-target\">\n<p class=\"result-shield-container tlid-copy-target\" style=\"text-align: center;\" tabindex=\"0\"><strong><span class=\"tlid-translation translation\" lang=\"en\"><span class=\"\" title=\"\">Asymmetric stainless steel torque necklace with three leaves of ivy trilobed and tracery, elven and fairy inspiration.<\/span><\/span><\/strong><\/p>\n<\/div>\n<div class=\"tlid-result-transliteration-container result-transliteration-container transliteration-container\">\n<div class=\"tlid-transliteration-content transliteration-content full\"><\/div>\n<\/div>\n","protected":false},"featured_media":744,"comment_status":"open","ping_status":"closed","template":"","meta":[],"product_brand":[],"product_cat":[29],"product_tag":[31,36],"class_list":{"0":"post-743","1":"product","2":"type-product","3":"status-publish","4":"has-post-thumbnail","6":"product_cat-conte","7":"product_tag-collier","8":"product_tag-torque","9":"pa_ambiance-bucolique","10":"pa_ambiance-celtique","11":"pa_ambiance-elfique","12":"pa_ambiance-feerique","13":"pa_ambiance-vegetal","14":"pa_feuille-lierre","15":"pa_matiere-inox","16":"pa_matiere-laiton","18":"first","19":"instock","20":"sold-individually","21":"shipping-taxable","22":"purchasable","23":"product-type-variable"},"translation":{"provider":"WPGlobus","version":"3.0.2","language":"en","enabled_languages":["fr","en"],"languages":{"fr":{"title":true,"content":true,"excerpt":true},"en":{"title":false,"content":false,"excerpt":false}}},"jetpack-related-posts":[],"jetpack_sharing_enabled":true,"_links":{"self":[{"href":"https:\/\/www.altisfain.com\/en\/wp-json\/wp\/v2\/product\/743","targetHints":{"allow":["GET"]}}],"collection":[{"href":"https:\/\/www.altisfain.com\/en\/wp-json\/wp\/v2\/product"}],"about":[{"href":"https:\/\/www.altisfain.com\/en\/wp-json\/wp\/v2\/types\/product"}],"replies":[{"embeddable":true,"href":"https:\/\/www.altisfain.com\/en\/wp-json\/wp\/v2\/comments?post=743"}],"wp:featuredmedia":[{"embeddable":true,"href":"https:\/\/www.altisfain.com\/en\/wp-json\/wp\/v2\/media\/744"}],"wp:attachment":[{"href":"https:\/\/www.altisfain.com\/en\/wp-json\/wp\/v2\/media?parent=743"}],"wp:term":[{"taxonomy":"product_brand","embeddable":true,"href":"https:\/\/www.altisfain.com\/en\/wp-json\/wp\/v2\/product_brand?post=743"},{"taxonomy":"product_cat","embeddable":true,"href":"https:\/\/www.altisfain.com\/en\/wp-json\/wp\/v2\/product_cat?post=743"},{"taxonomy":"product_tag","embeddable":true,"href":"https:\/\/www.altisfain.com\/en\/wp-json\/wp\/v2\/product_tag?post=743"}],"curies":[{"name":"wp","href":"https:\/\/api.w.org\/{rel}","templated":true}]}}