{"id":711,"date":"2018-03-06T16:00:55","date_gmt":"2018-03-06T15:00:55","guid":{"rendered":"http:\/\/www.altisfain.com\/?post_type=product&#038;p=711"},"modified":"2019-10-20T23:13:29","modified_gmt":"2019-10-20T21:13:29","slug":"collier-conte-dans-des-milliers-dannees-feuilles-chene","status":"publish","type":"product","link":"https:\/\/www.altisfain.com\/en\/boutique\/conte\/collier-conte-dans-des-milliers-dannees-feuilles-chene\/","title":{"rendered":"Collier Conte &#8220;Dans des Milliers d&#8217;Ann\u00e9es&#8221; feuilles ch\u00eane"},"content":{"rendered":"<p style=\"text-align: center;\">&#8220;La vie ressemble \u00e0 un conte ; ce qui importe, ce n&#8217;est pas sa longueur, mais sa valeur.&#8221;<br \/>\nS\u00e9n\u00e8que.<\/p>\n<p style=\"text-align: center;\">&#8220;Dans des Milliers d&#8217;Ann\u00e9es&#8221; est un conte d&#8217;Andersen.<\/p>\n<p style=\"text-align: center;\"><strong>Collier inox torque asym\u00e9trique mall\u00e9able, s&#8217;adaptant \u00e0 toutes les anatomies.<\/strong><br \/>\n<strong>Torque de 40 cm environ.<\/strong><br \/>\n<strong>Forme serpent, fil martel\u00e9 termin\u00e9 par une s\u00e9rie d&#8217;entrelacs soud\u00e9s argent qui entourent deux branches de feuilles de ch\u00eane martel\u00e9es main et form\u00e9es \u00e0 l&#8217;enclume.<\/strong><br \/>\n<strong>Retour asym\u00e9trique sur feuille de ch\u00eane et entrelacs.<\/strong><br \/>\n<strong>Soudure argent en 15 points.<\/strong><br \/>\n<strong>Dimension des feuilles de ch\u00eane: 3 cm par 2 cm.<\/strong><\/p>\n<p style=\"text-align: center;\"><b>Collier \u00e9perdument elfique!!<\/b><\/p>\n<p style=\"text-align: center;\"><strong>Peut \u00eatre r\u00e9alis\u00e9 en laiton verni satin haute r\u00e9sistance.<\/strong><\/p>\n<hr \/>\n<p><span class=\"tlid-translation translation\" lang=\"en\"><span title=\"\">&#8220;Life is like a tale, what matters is not its length, but its value.&#8221;<br \/>\nSeneca.<\/p>\n<p>&#8220;In Thousands of Years&#8221; is a tale of Andersen.<\/p>\n<p><strong>Stainless steel asymmetrical torque collar, adaptable to all anatomies.<\/strong><br \/>\n<strong>Torque of about 40 cm.<\/strong><br \/>\n<strong>Snake-shaped, hammered wire finished with a series of silver-welded tracery that surround two branches of hand-hammered oak leaves and formed at the anvil.<\/strong><br \/>\n<strong>Asymmetric back on oak leaf and interlacing.<\/strong><br \/>\n<strong>Silver soldering in 15 points.<\/strong><br \/>\n<strong>Size of the oak leaves: 3 cm by 2 cm.<\/strong><\/p>\n<p><strong>Necklace madly elfic !!<\/strong><\/p>\n<p><strong>Can be made of high resistance satin varnished brass.<\/strong><\/span><\/span><\/p>\n<p>&nbsp;<\/p>\n","protected":false},"excerpt":{"rendered":"<p style=\"text-align: center;\"><strong>Collier torque inox asym\u00e9trique avec trois feuilles de ch\u00eane et entrelacs, inspiration elfique et f\u00e9\u00e9rique.<\/strong><\/p>\n<hr \/>\n<p style=\"text-align: center;\"><strong><span class=\"tlid-translation translation\" lang=\"en\"><span class=\"\" title=\"\">Asymmetrical stainless steel torque necklace with three oak leaves and interlacing, elven and fairy-tale inspiration.<\/span><\/span><\/strong><\/p>\n","protected":false},"featured_media":712,"comment_status":"open","ping_status":"closed","template":"","meta":[],"product_brand":[],"product_cat":[29],"product_tag":[31,36],"class_list":{"0":"post-711","1":"product","2":"type-product","3":"status-publish","4":"has-post-thumbnail","6":"product_cat-conte","7":"product_tag-collier","8":"product_tag-torque","9":"pa_ambiance-bucolique","10":"pa_ambiance-celtique","11":"pa_ambiance-elfique","12":"pa_ambiance-feerique","13":"pa_ambiance-vegetal","14":"pa_feuille-chene","15":"pa_matiere-inox","16":"pa_matiere-laiton","18":"first","19":"instock","20":"sold-individually","21":"shipping-taxable","22":"purchasable","23":"product-type-variable"},"translation":{"provider":"WPGlobus","version":"3.0.2","language":"en","enabled_languages":["fr","en"],"languages":{"fr":{"title":true,"content":true,"excerpt":true},"en":{"title":false,"content":false,"excerpt":false}}},"jetpack-related-posts":[],"jetpack_sharing_enabled":true,"_links":{"self":[{"href":"https:\/\/www.altisfain.com\/en\/wp-json\/wp\/v2\/product\/711","targetHints":{"allow":["GET"]}}],"collection":[{"href":"https:\/\/www.altisfain.com\/en\/wp-json\/wp\/v2\/product"}],"about":[{"href":"https:\/\/www.altisfain.com\/en\/wp-json\/wp\/v2\/types\/product"}],"replies":[{"embeddable":true,"href":"https:\/\/www.altisfain.com\/en\/wp-json\/wp\/v2\/comments?post=711"}],"wp:featuredmedia":[{"embeddable":true,"href":"https:\/\/www.altisfain.com\/en\/wp-json\/wp\/v2\/media\/712"}],"wp:attachment":[{"href":"https:\/\/www.altisfain.com\/en\/wp-json\/wp\/v2\/media?parent=711"}],"wp:term":[{"taxonomy":"product_brand","embeddable":true,"href":"https:\/\/www.altisfain.com\/en\/wp-json\/wp\/v2\/product_brand?post=711"},{"taxonomy":"product_cat","embeddable":true,"href":"https:\/\/www.altisfain.com\/en\/wp-json\/wp\/v2\/product_cat?post=711"},{"taxonomy":"product_tag","embeddable":true,"href":"https:\/\/www.altisfain.com\/en\/wp-json\/wp\/v2\/product_tag?post=711"}],"curies":[{"name":"wp","href":"https:\/\/api.w.org\/{rel}","templated":true}]}}