{"id":704,"date":"2018-03-06T14:56:08","date_gmt":"2018-03-06T13:56:08","guid":{"rendered":"http:\/\/www.altisfain.com\/?post_type=product&#038;p=704"},"modified":"2019-10-20T13:43:24","modified_gmt":"2019-10-20T11:43:24","slug":"boucles-doreilles-psylle-frene","status":"publish","type":"product","link":"https:\/\/www.altisfain.com\/en\/boutique\/psylle\/boucles-doreilles-psylle-frene\/","title":{"rendered":"Boucles d&#8217;oreilles Psylle Fr\u00eane inox ou laiton"},"content":{"rendered":"<p style=\"text-align: center;\">Les Psylles sont le nom d&#8217;un peuple de Cyr\u00e9na\u00efque qui avait la r\u00e9putation de gu\u00e9rir les morsures de serpent et d&#8217;\u00eatre immunis\u00e9 contre elles. Ils d\u00e9signent \u00e9galement les charmeurs de serpents!<\/p>\n<p style=\"text-align: center;\"><strong>Boucles d&#8217;oreilles inox et attaches argent 925.<br \/>\nFeuille de fr\u00eane martel\u00e9es main, form\u00e9es \u00e0 l&#8217;enclume et polies.<br \/>\nInox 304L type alimentaire, ne noircit pas et ne s&#8217;oxyde pas.<br \/>\nDimension feuille de fr\u00eane: 4 cm par 2 cm.<br \/>\nLongueur totale feuille et attache argent: 5 cm.<\/strong><\/p>\n<p style=\"text-align: center;\"><strong>Livr\u00e9es dans leur \u00e9crin.<\/strong><\/p>\n<p style=\"text-align: center;\"><strong>Infiniment elfique et v\u00e9g\u00e9tal!! <\/strong><\/p>\n<p style=\"text-align: center;\"><strong>Peut \u00eatre r\u00e9alis\u00e9es en laiton verni satin haute r\u00e9sistance.<\/strong><\/p>\n<hr \/>\n<p style=\"text-align: center;\"><span class=\"tlid-translation translation\" lang=\"en\"><span class=\"\" title=\"\">The Psylles are the name of a people of Cyrenaica who had the reputation of healing snake bites and being immune to them.<\/span> <span title=\"\">They also designate snake charmers!<\/span><\/p>\n<p><strong><span title=\"\">Stainless steel earrings and 925 silver ties.<\/span><\/strong><br \/>\n<strong><span title=\"\">Hand-hammered ash leaf, formed anvil and polished.<\/span><\/strong><br \/>\n<strong><span title=\"\">Stainless steel 304L food type, does not blacken and does not oxidize.<\/span><\/strong><br \/>\n<strong><span title=\"\">Dimension ash leaf: 4 cm by 2 cm.<\/span><\/strong><br \/>\n<strong><span title=\"\">Total length leaf and silver clip: 5 cm.<\/span><\/strong><\/p>\n<p><strong><span title=\"\">Delivered in their case.<\/span><\/strong><\/p>\n<p><strong><span title=\"\">Infinitely elfic and vegetal !!<\/span><\/strong><\/p>\n<p><strong><span title=\"\">Can be made of high resistance varnished satin brass.<\/span><\/strong><\/span><\/p>\n","protected":false},"excerpt":{"rendered":"<p style=\"text-align: center;\"><strong>Boucles d&#8217;oreilles inox feuille de Fr\u00eane.<\/strong><\/p>\n<p style=\"text-align: center;\"><strong>Infiniment elfique et esprit Art Nouveau.<\/strong><\/p>\n<hr \/>\n<p style=\"text-align: center;\"><span class=\"tlid-translation translation\" lang=\"en\"><strong><span class=\"\" title=\"\">Ash leaf stainless steel earrings.<\/span><\/strong><\/p>\n<p><strong><span title=\"\">Infinitely elven and Art Nouveau spirit.<\/span><\/strong><\/span><\/p>\n","protected":false},"featured_media":705,"comment_status":"open","ping_status":"closed","template":"","meta":[],"product_brand":[],"product_cat":[26],"product_tag":[34],"class_list":{"0":"post-704","1":"product","2":"type-product","3":"status-publish","4":"has-post-thumbnail","6":"product_cat-psylle","7":"product_tag-boucles-oreilles","8":"pa_ambiance-art-nouveau","9":"pa_ambiance-celtique","10":"pa_ambiance-elfique","11":"pa_ambiance-feerique","12":"pa_ambiance-medieval","13":"pa_ambiance-vegetal","14":"pa_feuille-frene","15":"pa_matiere-argent-925","16":"pa_matiere-inox","17":"pa_matiere-laiton","19":"first","20":"instock","21":"sold-individually","22":"shipping-taxable","23":"purchasable","24":"product-type-variable"},"translation":{"provider":"WPGlobus","version":"3.0.2","language":"en","enabled_languages":["fr","en"],"languages":{"fr":{"title":true,"content":true,"excerpt":true},"en":{"title":false,"content":false,"excerpt":false}}},"jetpack-related-posts":[],"jetpack_sharing_enabled":true,"_links":{"self":[{"href":"https:\/\/www.altisfain.com\/en\/wp-json\/wp\/v2\/product\/704","targetHints":{"allow":["GET"]}}],"collection":[{"href":"https:\/\/www.altisfain.com\/en\/wp-json\/wp\/v2\/product"}],"about":[{"href":"https:\/\/www.altisfain.com\/en\/wp-json\/wp\/v2\/types\/product"}],"replies":[{"embeddable":true,"href":"https:\/\/www.altisfain.com\/en\/wp-json\/wp\/v2\/comments?post=704"}],"wp:featuredmedia":[{"embeddable":true,"href":"https:\/\/www.altisfain.com\/en\/wp-json\/wp\/v2\/media\/705"}],"wp:attachment":[{"href":"https:\/\/www.altisfain.com\/en\/wp-json\/wp\/v2\/media?parent=704"}],"wp:term":[{"taxonomy":"product_brand","embeddable":true,"href":"https:\/\/www.altisfain.com\/en\/wp-json\/wp\/v2\/product_brand?post=704"},{"taxonomy":"product_cat","embeddable":true,"href":"https:\/\/www.altisfain.com\/en\/wp-json\/wp\/v2\/product_cat?post=704"},{"taxonomy":"product_tag","embeddable":true,"href":"https:\/\/www.altisfain.com\/en\/wp-json\/wp\/v2\/product_tag?post=704"}],"curies":[{"name":"wp","href":"https:\/\/api.w.org\/{rel}","templated":true}]}}