{"id":698,"date":"2018-03-06T14:34:21","date_gmt":"2018-03-06T13:34:21","guid":{"rendered":"http:\/\/www.altisfain.com\/?post_type=product&#038;p=698"},"modified":"2019-10-20T14:56:44","modified_gmt":"2019-10-20T12:56:44","slug":"boucles-doreilles-psylle-bambou","status":"publish","type":"product","link":"https:\/\/www.altisfain.com\/en\/boutique\/psylle\/boucles-doreilles-psylle-bambou\/","title":{"rendered":"Boucles d&#8217;oreilles Psylle Bambou inox ou laiton"},"content":{"rendered":"<p style=\"text-align: center;\">Les Psylles sont le nom d&#8217;un peuple de Cyr\u00e9na\u00efque qui avait la r\u00e9putation de gu\u00e9rir les morsures de serpent et d&#8217;\u00eatre immunis\u00e9 contre elles. Ils d\u00e9signent \u00e9galement les charmeurs de serpents!<\/p>\n<p style=\"text-align: center;\"><strong>Boucles d&#8217;oreilles inox et attaches argent 925.<br \/>\nFeuille de bambou ou plume martel\u00e9es main, form\u00e9es \u00e0 l&#8217;enclume et polies.<br \/>\nInox 304L type alimentaire, ne noircit pas et ne s&#8217;oxyde pas.<br \/>\nDimension feuille de bambou: 4,3 cm par 1,5 cm.<br \/>\nLongueur totale feuille et attache argent: 5,5 cm.<br \/>\nLivr\u00e9es dans leur \u00e9crin.<\/strong><\/p>\n<p style=\"text-align: center;\"><strong>Infiniment elfique et v\u00e9g\u00e9tal!! <\/strong><\/p>\n<p style=\"text-align: center;\"><strong>Peut \u00eatre r\u00e9alis\u00e9es en laiton verni satin haute r\u00e9sistance.<\/strong><\/p>\n<hr \/>\n<p style=\"text-align: center;\">The psyllids are the name of a people of Cyrenaica which was reputed to cure snake bites and to be immunized against them. They also designate the snake charmers!<\/p>\n<p style=\"text-align: center;\"><strong>Pierced ears and stainless steel fasteners 925.<\/strong><br \/>\n<strong>Bamboo leaf or feather hand hammered, formed in the anvil and polished.<\/strong><br \/>\n<strong>304L stainless steel food type, do not darken and does not oxidize.<\/strong><br \/>\n<strong>Bamboo leaf Dimension: 4.3 cm by 1.5 cm.<\/strong><br \/>\n<strong>Total length leaf and silver fasteners: 5.5 cm.<\/strong><\/p>\n<p style=\"text-align: center;\"><strong>Delivered in their case.<\/strong><\/p>\n<p style=\"text-align: center;\"><strong>Infinitely elven and Art Nouveau !!<\/strong><\/p>\n<p style=\"text-align: center;\"><strong><span class=\"tlid-translation translation\" lang=\"en\"><span class=\"\" title=\"\">Can be made of high resistance varnished satin brass.<\/span><\/span><\/strong><\/p>\n","protected":false},"excerpt":{"rendered":"<p style=\"text-align: center;\"><strong>Boucles d&#8217;oreilles inox feuille de Bambou ou Plume.<\/strong><\/p>\n<p style=\"text-align: center;\"><strong>Infiniment elfique et esprit Art Nouveau.<\/strong><\/p>\n<hr \/>\n<div class=\"text-wrap tlid-copy-target\">\n<div class=\"result-shield-container tlid-copy-target\" style=\"text-align: center;\" tabindex=\"0\">\n<p><strong><span class=\"tlid-translation translation\" lang=\"en\"><span class=\"\" title=\"\">Bamboo leaf or feather earrings.<\/span><\/span><\/strong><\/p>\n<p><strong><span title=\"\">Infinitely elven and Art Nouveau spirit.<\/span><\/strong><\/p>\n<\/div>\n<\/div>\n<div class=\"tlid-result-transliteration-container result-transliteration-container transliteration-container\">\n<div class=\"tlid-transliteration-content transliteration-content full\"><\/div>\n<\/div>\n<div class=\"result-footer source-or-target-footer tlid-copy-target\" style=\"text-align: center;\"><\/div>\n","protected":false},"featured_media":699,"comment_status":"open","ping_status":"closed","template":"","meta":[],"product_brand":[],"product_cat":[26],"product_tag":[34],"class_list":{"0":"post-698","1":"product","2":"type-product","3":"status-publish","4":"has-post-thumbnail","6":"product_cat-psylle","7":"product_tag-boucles-oreilles","8":"pa_ambiance-art-nouveau","9":"pa_ambiance-celtique","10":"pa_ambiance-elfique","11":"pa_ambiance-feerique","12":"pa_ambiance-medieval","13":"pa_ambiance-vegetal","14":"pa_feuille-bambou","15":"pa_matiere-argent-925","16":"pa_matiere-inox","17":"pa_matiere-laiton","19":"first","20":"instock","21":"sold-individually","22":"shipping-taxable","23":"purchasable","24":"product-type-variable"},"translation":{"provider":"WPGlobus","version":"3.0.2","language":"en","enabled_languages":["fr","en"],"languages":{"fr":{"title":true,"content":true,"excerpt":true},"en":{"title":false,"content":false,"excerpt":false}}},"jetpack-related-posts":[],"jetpack_sharing_enabled":true,"_links":{"self":[{"href":"https:\/\/www.altisfain.com\/en\/wp-json\/wp\/v2\/product\/698","targetHints":{"allow":["GET"]}}],"collection":[{"href":"https:\/\/www.altisfain.com\/en\/wp-json\/wp\/v2\/product"}],"about":[{"href":"https:\/\/www.altisfain.com\/en\/wp-json\/wp\/v2\/types\/product"}],"replies":[{"embeddable":true,"href":"https:\/\/www.altisfain.com\/en\/wp-json\/wp\/v2\/comments?post=698"}],"wp:featuredmedia":[{"embeddable":true,"href":"https:\/\/www.altisfain.com\/en\/wp-json\/wp\/v2\/media\/699"}],"wp:attachment":[{"href":"https:\/\/www.altisfain.com\/en\/wp-json\/wp\/v2\/media?parent=698"}],"wp:term":[{"taxonomy":"product_brand","embeddable":true,"href":"https:\/\/www.altisfain.com\/en\/wp-json\/wp\/v2\/product_brand?post=698"},{"taxonomy":"product_cat","embeddable":true,"href":"https:\/\/www.altisfain.com\/en\/wp-json\/wp\/v2\/product_cat?post=698"},{"taxonomy":"product_tag","embeddable":true,"href":"https:\/\/www.altisfain.com\/en\/wp-json\/wp\/v2\/product_tag?post=698"}],"curies":[{"name":"wp","href":"https:\/\/api.w.org\/{rel}","templated":true}]}}