{"id":676,"date":"2018-03-06T13:16:48","date_gmt":"2018-03-06T12:16:48","guid":{"rendered":"http:\/\/www.altisfain.com\/?post_type=product&#038;p=676"},"modified":"2019-10-20T13:09:43","modified_gmt":"2019-10-20T11:09:43","slug":"collier-psylle-trois-lierres-hedera","status":"publish","type":"product","link":"https:\/\/www.altisfain.com\/en\/boutique\/psylle\/collier-psylle-trois-lierres-hedera\/","title":{"rendered":"Collier Psylle Trois Lierres Hedera inox ou laiton"},"content":{"rendered":"<p style=\"text-align: center;\">Les Psylles sont le nom d&#8217;un peuple de Cyr\u00e9na\u00efque qui avait la r\u00e9putation de gu\u00e9rir les morsures de serpent et d&#8217;\u00eatre immunis\u00e9 contre elles. Ils d\u00e9signent \u00e9galement les charmeurs de serpents!<\/p>\n<p style=\"text-align: center;\"><strong>Collier inox type torque rigide asym\u00e9trique.<br \/>\nTrois feuilles de lierre hedera martel\u00e9es terminent le collier.<br \/>\nInox 304L mall\u00e9able, ce qui permet de serrer et desserrer le torque selon son anatomie. Dimension grande feuille de lierre hedera: 5 cm par 3 cm.<br \/>\nDimension feuille moyenne lierre: 3,8 cm par 2,5 cm.<br \/>\nDimension petite feuille lierre: 2,5 cm par 2,5 cm.<br \/>\nInox type alimentaire, ne noircit pas et ne provoque pas d&#8217;allergies cutan\u00e9es.<\/strong><\/p>\n<p style=\"text-align: center;\"><strong>Collier infiniment elfique et esprit m\u00e9di\u00e9val!!<\/strong><\/p>\n<p style=\"text-align: center;\"><strong>Peut \u00eatre r\u00e9alis\u00e9 en laiton verni satin haute r\u00e9sistance.<\/strong><\/p>\n<hr \/>\n<p style=\"text-align: center;\">The Psylles are the name of a people of Cyrenaica who had the reputation of healing snake bites and being immune to them. They also designate snake charmers!<\/p>\n<p style=\"text-align: center;\"><strong>Stainless steel collar type asymmetric rigid torque.<\/strong><br \/>\n<strong>Three leaves of hedera or hammered ivy finish the necklace.<\/strong><br \/>\n<strong>304L stainless steel malleable, which allows to tighten and loosen the torque according to its anatomy.<\/strong><br \/>\n<strong>Dimension large ivy leaf: 5.3 cm by 2.9 cm.<\/strong><br \/>\n<strong>Average leaf size ivy: 4 cm by 2.3 cm.<\/strong><br \/>\n<strong>Dimension small ivy leaf: 3 cm by 1.6 cm.<\/strong><br \/>\n<strong>Inox type food, does not blacken and does not cause skin allergies.<\/strong><\/p>\n<p style=\"text-align: center;\"><strong>Necklace infinitely Elvish and medieval spirit !!<\/strong><\/p>\n<div class=\"text-wrap tlid-copy-target\">\n<p class=\"result-shield-container tlid-copy-target\" style=\"text-align: center;\" tabindex=\"0\"><strong><span class=\"tlid-translation translation\" lang=\"en\"><span class=\"\" title=\"\">Can be made of high resistance satin varnished brass.<\/span><\/span><\/strong><\/p>\n<\/div>\n<div class=\"tlid-result-transliteration-container result-transliteration-container transliteration-container\">\n<div class=\"tlid-transliteration-content transliteration-content full\"><\/div>\n<\/div>\n","protected":false},"excerpt":{"rendered":"<p style=\"text-align: center;\"><strong>Collier inox torque asym\u00e9trique avec trois feuilles de Lierre Hedera.<\/strong><\/p>\n<p style=\"text-align: center;\"><strong>Collier infiniment elfique et esprit Art Nouveau.<\/strong><\/p>\n<hr \/>\n<p style=\"text-align: center;\"><strong><span class=\"tlid-translation translation\" lang=\"en\"><span class=\"\" title=\"\">Asymmetric torque stainless steel necklace with three Ivy Hedera leaves.<\/span><\/span><\/strong><\/p>\n<p style=\"text-align: center;\"><strong><span title=\"\">Infinitely elven necklace and Art Nouveau spirit.<\/span><\/strong><\/p>\n","protected":false},"featured_media":677,"comment_status":"open","ping_status":"closed","template":"","meta":[],"product_brand":[],"product_cat":[26],"product_tag":[31,36],"class_list":{"0":"post-676","1":"product","2":"type-product","3":"status-publish","4":"has-post-thumbnail","6":"product_cat-psylle","7":"product_tag-collier","8":"product_tag-torque","9":"pa_ambiance-art-nouveau","10":"pa_ambiance-celtique","11":"pa_ambiance-elfique","12":"pa_ambiance-feerique","13":"pa_ambiance-medieval","14":"pa_ambiance-vegetal","15":"pa_feuille-hedera","16":"pa_feuille-lierre","17":"pa_matiere-inox","18":"pa_matiere-laiton","20":"first","21":"instock","22":"sold-individually","23":"shipping-taxable","24":"purchasable","25":"product-type-variable"},"translation":{"provider":"WPGlobus","version":"3.0.2","language":"en","enabled_languages":["fr","en"],"languages":{"fr":{"title":true,"content":true,"excerpt":true},"en":{"title":false,"content":false,"excerpt":false}}},"jetpack-related-posts":[],"jetpack_sharing_enabled":true,"_links":{"self":[{"href":"https:\/\/www.altisfain.com\/en\/wp-json\/wp\/v2\/product\/676","targetHints":{"allow":["GET"]}}],"collection":[{"href":"https:\/\/www.altisfain.com\/en\/wp-json\/wp\/v2\/product"}],"about":[{"href":"https:\/\/www.altisfain.com\/en\/wp-json\/wp\/v2\/types\/product"}],"replies":[{"embeddable":true,"href":"https:\/\/www.altisfain.com\/en\/wp-json\/wp\/v2\/comments?post=676"}],"wp:featuredmedia":[{"embeddable":true,"href":"https:\/\/www.altisfain.com\/en\/wp-json\/wp\/v2\/media\/677"}],"wp:attachment":[{"href":"https:\/\/www.altisfain.com\/en\/wp-json\/wp\/v2\/media?parent=676"}],"wp:term":[{"taxonomy":"product_brand","embeddable":true,"href":"https:\/\/www.altisfain.com\/en\/wp-json\/wp\/v2\/product_brand?post=676"},{"taxonomy":"product_cat","embeddable":true,"href":"https:\/\/www.altisfain.com\/en\/wp-json\/wp\/v2\/product_cat?post=676"},{"taxonomy":"product_tag","embeddable":true,"href":"https:\/\/www.altisfain.com\/en\/wp-json\/wp\/v2\/product_tag?post=676"}],"curies":[{"name":"wp","href":"https:\/\/api.w.org\/{rel}","templated":true}]}}