{"id":665,"date":"2018-03-06T12:47:13","date_gmt":"2018-03-06T11:47:13","guid":{"rendered":"http:\/\/www.altisfain.com\/?post_type=product&#038;p=665"},"modified":"2019-10-20T13:02:46","modified_gmt":"2019-10-20T11:02:46","slug":"collier-psylle-trois-bambous","status":"publish","type":"product","link":"https:\/\/www.altisfain.com\/en\/boutique\/psylle\/collier-psylle-trois-bambous\/","title":{"rendered":"Collier Psylle Trois Bambous inox ou laiton"},"content":{"rendered":"<p style=\"text-align: center;\">Les Psylles sont le nom d&#8217;un peuple de Cyr\u00e9na\u00efque qui avait la r\u00e9putation de gu\u00e9rir les morsures de serpent et d&#8217;\u00eatre immunis\u00e9 contre elles. Ils d\u00e9signent \u00e9galement les charmeurs de serpents!<\/p>\n<p style=\"text-align: center;\"><strong>Collier inox type torque rigide asym\u00e9trique.<br \/>\nTrois feuilles de bambou ou plumes martel\u00e9es terminent le collier.<br \/>\nInox 304L mall\u00e9able, ce qui permet de serrer et desserrer le torque selon son anatomie.<br \/>\nDimension grande feuille de bambou: 6 cm par 1,5 cm.<br \/>\nDimension feuille moyenne bambou: 4,6 cm par 1,3 cm.<br \/>\nDimension petite feuille de bambou: 3,8 cm par 1,2 cm.<br \/>\nInox type alimentaire, ne noircit pas et ne provoque pas d&#8217;allergies cutan\u00e9es.<\/strong><\/p>\n<p style=\"text-align: center;\"><strong>Collier infiniment elfique et esprit m\u00e9di\u00e9val!!<\/strong><\/p>\n<hr \/>\n<p style=\"text-align: center;\"><span class=\"tlid-translation translation\" lang=\"en\"><span class=\"\" title=\"\">The Psylles are the name of a people of Cyrenaica who had the reputation of healing snake bites and being immune to them.<\/span> <span class=\"\" title=\"\">They also designate snake charmers!<\/span><\/span><\/p>\n<p><strong><span class=\"\" title=\"\">Stainless steel collar type asymmetric rigid torque.<\/span><\/strong><br \/>\n<strong><span class=\"\" title=\"\">Three bamboo leaves or hammered feathers finish the necklace.<\/span><\/strong><br \/>\n<strong><span title=\"\">304L stainless steel malleable, which allows to tighten and loosen the torque according to its anatomy.<\/span><\/strong><br \/>\n<strong><span title=\"\">Large size bamboo leaf: 6 cm by 1.5 cm.<\/span><\/strong><br \/>\n<strong><span title=\"\">Medium bamboo leaf size: 4.6 cm by 1.3 cm.<\/span><\/strong><br \/>\n<strong><span title=\"\">Dimension small bamboo leaf: 3.8 cm by 1.2 cm.<\/span><\/strong><br \/>\n<strong><span title=\"\">Inox type food, does not blacken and does not cause skin allergies.<\/span><\/strong><\/p>\n<p><strong><span title=\"\">Necklace infinitely Elvish and medieval spirit !!<\/span><\/strong><\/p>\n<p>&nbsp;<\/p>\n","protected":false},"excerpt":{"rendered":"<p style=\"text-align: center;\"><strong>Collier inox torque asym\u00e9trique avec trois feuilles de Bambou ou Plumes.<\/strong><\/p>\n<p style=\"text-align: center;\"><strong>Collier infiniment elfique et esprit Art Nouveau.<\/strong><\/p>\n<hr \/>\n<p style=\"text-align: center;\"><strong><span class=\"tlid-translation translation\" lang=\"en\"><span class=\"\" title=\"\">Asymmetric torque stainless steel necklace with three leaves of Bamboo or Feathers.<\/span><\/span><\/strong><\/p>\n<p><span title=\"\">Infinitely elven necklace and Art Nouveau spirit.<\/span><\/p>\n","protected":false},"featured_media":667,"comment_status":"open","ping_status":"closed","template":"","meta":[],"product_brand":[],"product_cat":[26],"product_tag":[31,36],"class_list":{"0":"post-665","1":"product","2":"type-product","3":"status-publish","4":"has-post-thumbnail","6":"product_cat-psylle","7":"product_tag-collier","8":"product_tag-torque","9":"pa_ambiance-art-nouveau","10":"pa_ambiance-celtique","11":"pa_ambiance-elfique","12":"pa_ambiance-feerique","13":"pa_ambiance-medieval","14":"pa_ambiance-vegetal","15":"pa_feuille-bambou","16":"pa_matiere-inox","17":"pa_matiere-laiton","19":"first","20":"instock","21":"featured","22":"sold-individually","23":"shipping-taxable","24":"purchasable","25":"product-type-variable"},"translation":{"provider":"WPGlobus","version":"3.0.2","language":"en","enabled_languages":["fr","en"],"languages":{"fr":{"title":true,"content":true,"excerpt":true},"en":{"title":false,"content":false,"excerpt":false}}},"jetpack-related-posts":[],"jetpack_sharing_enabled":true,"_links":{"self":[{"href":"https:\/\/www.altisfain.com\/en\/wp-json\/wp\/v2\/product\/665","targetHints":{"allow":["GET"]}}],"collection":[{"href":"https:\/\/www.altisfain.com\/en\/wp-json\/wp\/v2\/product"}],"about":[{"href":"https:\/\/www.altisfain.com\/en\/wp-json\/wp\/v2\/types\/product"}],"replies":[{"embeddable":true,"href":"https:\/\/www.altisfain.com\/en\/wp-json\/wp\/v2\/comments?post=665"}],"wp:featuredmedia":[{"embeddable":true,"href":"https:\/\/www.altisfain.com\/en\/wp-json\/wp\/v2\/media\/667"}],"wp:attachment":[{"href":"https:\/\/www.altisfain.com\/en\/wp-json\/wp\/v2\/media?parent=665"}],"wp:term":[{"taxonomy":"product_brand","embeddable":true,"href":"https:\/\/www.altisfain.com\/en\/wp-json\/wp\/v2\/product_brand?post=665"},{"taxonomy":"product_cat","embeddable":true,"href":"https:\/\/www.altisfain.com\/en\/wp-json\/wp\/v2\/product_cat?post=665"},{"taxonomy":"product_tag","embeddable":true,"href":"https:\/\/www.altisfain.com\/en\/wp-json\/wp\/v2\/product_tag?post=665"}],"curies":[{"name":"wp","href":"https:\/\/api.w.org\/{rel}","templated":true}]}}