{"id":650,"date":"2018-03-06T11:33:29","date_gmt":"2018-03-06T10:33:29","guid":{"rendered":"http:\/\/www.altisfain.com\/?post_type=product&#038;p=650"},"modified":"2023-01-05T11:29:50","modified_gmt":"2023-01-05T10:29:50","slug":"collier-inox-les-peches-capitaux-la-luxure-goldstone-bleu-nuit","status":"publish","type":"product","link":"https:\/\/www.altisfain.com\/en\/boutique\/peches-capitaux\/collier-inox-les-peches-capitaux-la-luxure-goldstone-bleu-nuit\/","title":{"rendered":"Collier inox &#8220;Les P\u00e9ch\u00e9s Capitaux: la Luxure&#8221; Goldstone bleu nuit"},"content":{"rendered":"<p style=\"text-align: center;\">&#8220;J&#8217;imagine que ce qui est vraiment tragique pour les pauvres, c&#8217;est de ne rien pouvoir s&#8217;offrir que de l&#8217;abn\u00e9gation. Les beaux p\u00e9ch\u00e9s comme les beaux objets sont le privil\u00e8ge des riches.&#8221;<br \/>\nOscar Wilde.<\/p>\n<p style=\"text-align: center;\">Dans la religion catholique, les p\u00e9ch\u00e9s capitaux correspondent aux p\u00e9ch\u00e9s dont d\u00e9coulent tous les autres. Ainsi, le mot capital n&#8217;est pas en rapport avec la gravit\u00e9 (par exemple, le meurtre n\u2019y figure pas ; le blasph\u00e8me non plus). Il vient du latin caput (\u00ab t\u00eate \u00bb), par comparaison \u00e0 cette partie du corps qui dirige l\u2019ensemble : le p\u00e9ch\u00e9 capital conduit \u00e0 d\u2019autres p\u00e9ch\u00e9s.<br \/>\n&#8220;La Luxure&#8221; est l&#8217;un d&#8217;entre eux.<\/p>\n<p style=\"text-align: center;\"><b>Collier inox articul\u00e9 et asym\u00e9trique, jeu de fils martel\u00e9s termin\u00e9s par une s\u00e9rie d&#8217;entrelacs soud\u00e9s argent qui enserrent un cabochon ovale serti griffe de pierre Goldstone bleu nuit paillet\u00e9e de poussi\u00e8re de m\u00e9tal argent\u00e9.<br \/>\nOn l&#8217;appelle \u00e9galement la Pierre des F\u00e9es!<br \/>\nLa couleur bleu fonc\u00e9 du cabochon symbolise la Luxure selon la hi\u00e9rarchie m\u00e9di\u00e9vale.<br \/>\nCollier termin\u00e9 par une chainette de rallonge permettant de jouer sur la longueur du collier.<br \/>\nDimension du cabochon: 18mm par 13mm.<br \/>\n<\/b><\/p>\n<p style=\"text-align: center;\"><b>Collier elfique et mystique!!<\/b><\/p>\n","protected":false},"excerpt":{"rendered":"<p style=\"text-align: center;\"><strong>Collier inox articul\u00e9 entrelacs et serti Goldstone bleu nuit paillet\u00e9 argent\u00e9, inspir\u00e9 des couleurs des P\u00e9ch\u00e9s Capitaux au Moyen \u00c2ge. Ambiance elfique et mystique.<\/strong><\/p>\n<p>&nbsp;<\/p>\n","protected":false},"featured_media":651,"comment_status":"open","ping_status":"closed","template":"","meta":[],"product_brand":[],"product_cat":[23],"product_tag":[31],"class_list":{"0":"post-650","1":"product","2":"type-product","3":"status-publish","4":"has-post-thumbnail","6":"product_cat-peches-capitaux","7":"product_tag-collier","8":"pa_ambiance-baroque","9":"pa_ambiance-elfique","10":"pa_ambiance-feerique","11":"pa_ambiance-victorien","12":"pa_matiere-inox","13":"pa_ornement-goldstone-bleu-nuit","14":"pa_ornement-pierres-reconstituees","16":"first","17":"instock","18":"sold-individually","19":"shipping-taxable","20":"purchasable","21":"product-type-simple"},"translation":{"provider":"WPGlobus","version":"3.0.2","language":"en","enabled_languages":["fr","en"],"languages":{"fr":{"title":true,"content":true,"excerpt":true},"en":{"title":false,"content":false,"excerpt":false}}},"jetpack-related-posts":[],"jetpack_sharing_enabled":true,"_links":{"self":[{"href":"https:\/\/www.altisfain.com\/en\/wp-json\/wp\/v2\/product\/650","targetHints":{"allow":["GET"]}}],"collection":[{"href":"https:\/\/www.altisfain.com\/en\/wp-json\/wp\/v2\/product"}],"about":[{"href":"https:\/\/www.altisfain.com\/en\/wp-json\/wp\/v2\/types\/product"}],"replies":[{"embeddable":true,"href":"https:\/\/www.altisfain.com\/en\/wp-json\/wp\/v2\/comments?post=650"}],"wp:featuredmedia":[{"embeddable":true,"href":"https:\/\/www.altisfain.com\/en\/wp-json\/wp\/v2\/media\/651"}],"wp:attachment":[{"href":"https:\/\/www.altisfain.com\/en\/wp-json\/wp\/v2\/media?parent=650"}],"wp:term":[{"taxonomy":"product_brand","embeddable":true,"href":"https:\/\/www.altisfain.com\/en\/wp-json\/wp\/v2\/product_brand?post=650"},{"taxonomy":"product_cat","embeddable":true,"href":"https:\/\/www.altisfain.com\/en\/wp-json\/wp\/v2\/product_cat?post=650"},{"taxonomy":"product_tag","embeddable":true,"href":"https:\/\/www.altisfain.com\/en\/wp-json\/wp\/v2\/product_tag?post=650"}],"curies":[{"name":"wp","href":"https:\/\/api.w.org\/{rel}","templated":true}]}}