{"id":6234,"date":"2026-02-13T14:43:05","date_gmt":"2026-02-13T13:43:05","guid":{"rendered":"https:\/\/www.altisfain.com\/?post_type=product&#038;p=6234"},"modified":"2026-02-13T14:52:53","modified_gmt":"2026-02-13T13:52:53","slug":"collier-inox-les-passages-celestes-la-course-de-re-labradorite","status":"publish","type":"product","link":"https:\/\/www.altisfain.com\/en\/boutique\/les-passages-celestes\/collier-inox-les-passages-celestes-la-course-de-re-labradorite\/","title":{"rendered":"Collier inox &#8220;les Passages C\u00e9lestes: la course de R\u00ea&#8221; Labradorite"},"content":{"rendered":"<p style=\"text-align:left\"><strong>\u201cSi la vie n&#8217;est qu&#8217;un passage, sur ce passage au moins semons des fleurs.\u201d<\/strong><\/p>\n<p><strong>Montaigne<\/strong><\/p>\n<p style=\"text-align:center\"><strong>\u00ab Les Passages C\u00e9lestes \u00bb est une collection inspir\u00e9e des diff\u00e9rents portes conduisant \u00e0 des univers oniriques mais aussi personnels, des voies qui m\u00e8nent \u00e0 la pleine conscience de soi et du monde. Ces passerelles nous transportent vers des havres supr\u00eames, des finalit\u00e9s plus hautes, des buts ultimes. Ils touchent l&#8217;Histoire, la Spiritualit\u00e9, le Fantastique. Empruntons ces passages et nous entrons dans des contr\u00e9es intimes et fantaisistes.<\/strong><\/p>\n<p style=\"text-align:center\">Tous les jours, le soleil se l\u00e8ve et parcourt le ciel : les \u00c9gyptiens croyaient que R\u00e2 effectuait ce voyage \u00e0 bord d&#8217;une barque magique, volant dans les cieux. R\u00e2 parcourait ainsi chaque jour le ciel pour \u00e9clairer et r\u00e9chauffer le monde. Mais parvenu au bout de son voyage, Nout, la d\u00e9esse du ciel, l&#8217;avalait, et ne le recrachait que le lendemain. Ainsi arrivait la nuit. Durant tout le temps que dure la nuit, R\u00e2 sur sa barque parcourt des \u00e9tendues sombres, o\u00f9 le guette son ennemi, le gigantesque serpent Apophis. Chaque nuit, ce monstrueux serpent affronte R\u00e2, et tente de faire chavirer la barque o\u00f9 voyage le dieu. S&#8217;il y parvient, le jour ne se l\u00e8vera pas le matin suivant, et ce seront les t\u00e9n\u00e8bres \u00e9ternelles. Heureusement, Seth, dieu du d\u00e9sert, de la foudre et de l&#8217;orage, voyage avec R\u00e2. Dans la nuit, il foudroie le serpent Apophis. Une fois celui-ci vaincu, la barque peut reprendre son trajet et le soleil se lever le matin. Les \u00c9gyptiens croyaient, quand il y avait une \u00e9clipse de soleil, que c&#8217;\u00e9tait la faute du serpent Apophis, qui attaquait R\u00e2, et tentait de d\u00e9vorer le disque du soleil.<\/p>\n<p style=\"text-align:center\"><strong><strong> <\/strong><\/strong><strong>Collier inox ambiance elfique, serti Labradorite, d\u00e9cor d&#8217;entrelacs elfiques. Cabochon de tr\u00e8s belle qualit\u00e9 forme marquise aux reflets  bleus et dor\u00e9s tr\u00e8s intenses. Tour de cou de 40 \u00e0 45 cm de long, avec chainette de rallonge termin\u00e9 par un entrelacs, afin de jouer sur la longueur du collier. Dimensions du cabochon: 3,8 cm par 1,8 c<\/strong>m.<\/p>\n<p style=\"text-align:center\">Pendentif infiniment elfique et mystique!!<\/p>\n<hr>\n<p style=\"text-align:center\">&#8220;\u201cIf life is but a passage, let us at least scatter flowers along that passage.\u201d<\/p>\n<p>Montaigne<\/p>\n<p>\u201cCelestial Passages\u201d is a collection inspired by the various gateways leading to dreamlike and personal universes, paths that lead to full awareness of oneself and the world. These bridges transport us to supreme havens, higher purposes, ultimate goals. They touch upon History, Spirituality, and Fantasy. Let us take these passages and enter intimate and fantastical realms.<\/p>\n<p>Every day, the sun rises and travels across the sky: the Egyptians believed that Ra made this journey aboard a magical barque, flying through the heavens. Ra thus traversed the sky each day to illuminate and warm the world. But upon reaching the end of his journey, Nut, the goddess of the sky, swallowed him, and only spat him out the next day.  Thus night fell. Throughout the night, Ra, in his barque, travels across dark expanses, where his enemy, the gigantic serpent Apophis, lies in wait. Each night, this monstrous serpent confronts Ra and tries to capsize the barque carrying the god. If it succeeds, day will not break the following morning, and there will be eternal darkness. Fortunately, Seth, god of the desert, lightning, and storms, travels with Ra. During the night, he strikes the serpent Apophis with lightning. Once defeated, the barque can resume its journey, and the sun will rise in the morning. The Egyptians believed that when there was a solar eclipse, it was the fault of the serpent Apophis, who attacked Ra and tried to devour the sun&#8217;s disk.<\/p>\n<p>Stainless steel necklace with an elven feel, set with Labradorite, decorated with elven interlacing.  Exquisite marquise-shaped cabochon with intense blue and gold reflections. The necklace is 40 to 45 cm long and includes an extension chain ending in an interlaced knot, allowing you to adjust the length. Cabochon dimensions: 3.8 cm x 1.8 cm.<\/p>\n<p>An infinitely elven and mystical pendant!<\/p>\n","protected":false},"excerpt":{"rendered":"<p style=\"text-align: center\"><strong>Collier pendentif esprit elfique et celtique, serti Labradorite. <\/strong><\/p>\n<p style=\"text-align: center\"><strong>Infiniment mystique et onirique!<\/strong><\/p>\n<hr \/>\n<p style=\"text-align: center\"><span class=\"tlid-translation translation\" lang=\"en\"><strong><span class=\"\" title=\"\">Elven and Celtic spirit pendant necklace, set with Labradorite.<\/span><\/strong><\/span><\/p>\n<p style=\"text-align: center\"><strong><span title=\"\">Infinitely mystical and dreamlike!<\/span><\/strong><\/p>\n","protected":false},"featured_media":6237,"comment_status":"open","ping_status":"closed","template":"","meta":{"jetpack_publicize_message":"","jetpack_publicize_feature_enabled":true,"jetpack_social_post_already_shared":false,"jetpack_social_options":{"image_generator_settings":{"template":"highway","default_image_id":0,"font":"","enabled":false},"version":2}},"product_brand":[],"product_cat":[130],"product_tag":[31],"class_list":{"0":"post-6234","1":"product","2":"type-product","3":"status-publish","4":"has-post-thumbnail","6":"product_cat-les-passages-celestes","7":"product_tag-collier","8":"pa_ambiance-baroque","9":"pa_ambiance-celtique","10":"pa_ambiance-elfique","11":"pa_ambiance-feerique","12":"pa_ambiance-mystique","13":"pa_ambiance-victorien","14":"pa_matiere-inox","15":"pa_ornement-labradorite","16":"pa_ornement-labradorite-bleue","17":"pa_ornement-labradorite-verte","18":"pa_ornement-pierre-semi","20":"first","21":"instock","22":"featured","23":"shipping-taxable","24":"purchasable","25":"product-type-simple"},"translation":{"provider":"WPGlobus","version":"3.0.2","language":"en","enabled_languages":["fr","en"],"languages":{"fr":{"title":true,"content":true,"excerpt":true},"en":{"title":false,"content":false,"excerpt":false}}},"jetpack_publicize_connections":[],"jetpack-related-posts":[],"jetpack_sharing_enabled":true,"jetpack_likes_enabled":true,"_links":{"self":[{"href":"https:\/\/www.altisfain.com\/en\/wp-json\/wp\/v2\/product\/6234","targetHints":{"allow":["GET"]}}],"collection":[{"href":"https:\/\/www.altisfain.com\/en\/wp-json\/wp\/v2\/product"}],"about":[{"href":"https:\/\/www.altisfain.com\/en\/wp-json\/wp\/v2\/types\/product"}],"replies":[{"embeddable":true,"href":"https:\/\/www.altisfain.com\/en\/wp-json\/wp\/v2\/comments?post=6234"}],"wp:featuredmedia":[{"embeddable":true,"href":"https:\/\/www.altisfain.com\/en\/wp-json\/wp\/v2\/media\/6237"}],"wp:attachment":[{"href":"https:\/\/www.altisfain.com\/en\/wp-json\/wp\/v2\/media?parent=6234"}],"wp:term":[{"taxonomy":"product_brand","embeddable":true,"href":"https:\/\/www.altisfain.com\/en\/wp-json\/wp\/v2\/product_brand?post=6234"},{"taxonomy":"product_cat","embeddable":true,"href":"https:\/\/www.altisfain.com\/en\/wp-json\/wp\/v2\/product_cat?post=6234"},{"taxonomy":"product_tag","embeddable":true,"href":"https:\/\/www.altisfain.com\/en\/wp-json\/wp\/v2\/product_tag?post=6234"}],"curies":[{"name":"wp","href":"https:\/\/api.w.org\/{rel}","templated":true}]}}