{"id":6225,"date":"2026-02-13T13:59:29","date_gmt":"2026-02-13T12:59:29","guid":{"rendered":"https:\/\/www.altisfain.com\/?post_type=product&#038;p=6225"},"modified":"2026-02-13T14:11:00","modified_gmt":"2026-02-13T13:11:00","slug":"collier-inox-les-passages-celestes-les-amants-papillons-labradorite","status":"publish","type":"product","link":"https:\/\/www.altisfain.com\/en\/boutique\/les-passages-celestes\/collier-inox-les-passages-celestes-les-amants-papillons-labradorite\/","title":{"rendered":"Collier inox &#8220;les Passages C\u00e9lestes: Les Amants Papillons &#8221; Labradorite"},"content":{"rendered":"<p style=\"text-align:left\"><strong>\u201cSi la vie n&#8217;est qu&#8217;un passage, sur ce passage au moins semons des fleurs.\u201d<\/strong><\/p>\n<p><strong>Montaigne<\/strong><\/p>\n<p style=\"text-align:center\"><strong>\u00ab Les Passages C\u00e9lestes \u00bb est une collection inspir\u00e9e des diff\u00e9rents portes conduisant \u00e0 des univers oniriques mais aussi personnels, des voies qui m\u00e8nent \u00e0 la pleine conscience de soi et du monde. Ces passerelles nous transportent vers des havres supr\u00eames, des finalit\u00e9s plus hautes, des buts ultimes. Ils touchent l&#8217;Histoire, la Spiritualit\u00e9, le Fantastique. Empruntons ces passages et nous entrons dans des contr\u00e9es intimes et fantaisistes.<\/strong><\/p>\n<p style=\"text-align:center\">La Romance de Liang Shanbo et Zhu Yingtai, parfois traduit par Les amants papillons, du fait de la traduction anglaise butterfly lovers, est une l\u00e9gende chinoise qui raconte l&#8217;histoire d&#8217;amants d\u00e9sesp\u00e9r\u00e9s, pr\u00e9f\u00e9rant mourir que d&#8217;\u00eatre s\u00e9par\u00e9s, \u00e0 l&#8217;instar de Rom\u00e9o et Juliette. Cette l\u00e9gende est un tel monument de la mythologie et de la culture chinoise qu&#8217;en 2006 elle a \u00e9t\u00e9 pr\u00e9sent\u00e9e au classement de l&#8217;UNESCO dans l&#8217;objectif d&#8217;entrer \u00e0 son r\u00e9pertoire du patrimoine oral et immat\u00e9riel.<\/p>\n<p style=\"text-align:center\"><strong><strong> <\/strong><\/strong><strong>Collier inox ambiance elfique, serti Labradorite, d\u00e9cor d&#8217;entrelacs et de papillons. Cabochon de tr\u00e8s belle qualit\u00e9 forme ronde, teintes vertes, dor\u00e9es et bleues tr\u00e8s intenses, stri\u00e9e de noir. Tour de cou de 40 \u00e0 45 cm de long, avec chainette de rallonge termin\u00e9 par un entrelacs, afin de jouer sur la longueur du collier. Diam\u00e8tre du cabochon: 3 cm.<\/strong><\/p>\n<p style=\"text-align:center\">Pendentif infiniment elfique et mystique!!<\/p>\n<hr>\n<p style=\"text-align:center\">&#8220;If life is only a passage, on this passage at least sow flowers.&#8221;<\/p>\n<p>Montaigne<\/p>\n<p style=\"text-align:center\">&#8220;The heavenly passages&#8221; is a collection inspired by the different doors leading to dreamlike but also personal worlds, paths that lead to the full awareness of oneself and the world. These bridges carry us to supreme havens, higher ends, ultimate goals. They touch History, Spirituality, Fantasy. Let&#8217;s take these passages and we enter intimate and fanciful countries.<\/p>\n<p style=\"text-align:center\"><span class=\"VIiyi\" lang=\"en\"><span class=\"JLqJ4b\" data-language-for-alternatives=\"en\" data-language-to-translate-into=\"fr\" data-phrase-index=\"0\"> <\/span><\/span>The Romance of Liang Shanbo and Zhu Yingtai, sometimes translated as The Butterfly Lovers, is a Chinese legend that tells the story of desperate lovers who, like Romeo and Juliet, prefer death to separation. This legend is such a cornerstone of Chinese mythology and culture that in 2006 it was submitted to UNESCO for inclusion in its repertoire of intangible cultural heritage.<\/p>\n<p style=\"text-align:center\"><strong>Elven-inspired stainless steel necklace, set with Labradorite, interlacing and butterfly decor. Cabochon of very good quality, round shape, very intense green and blue hues, streaked with black. Choker 40 to 45 cm long, with extension chain ending in interlacing, in order to play on the length of the necklace. Diameter of the cabochon: 3.6 cm by 4.8 cm.<\/strong><\/p>\n<p style=\"text-align:center\"><strong>Infinitely elven and mystical pendant!!<\/strong><\/p>\n","protected":false},"excerpt":{"rendered":"<p style=\"text-align: center\"><strong>Collier pendentif esprit elfique et celtique, serti Labradorite. <\/strong><\/p>\n<p style=\"text-align: center\"><strong>Infiniment mystique et onirique!<\/strong><\/p>\n<hr \/>\n<p style=\"text-align: center\"><span class=\"tlid-translation translation\" lang=\"en\"><strong><span class=\"\" title=\"\">Elven and Celtic spirit pendant necklace, set with Labradorite.<\/span><\/strong><\/span><\/p>\n<p style=\"text-align: center\"><strong><span title=\"\">Infinitely mystical and dreamlike!<\/span><\/strong><\/p>\n","protected":false},"featured_media":6230,"comment_status":"open","ping_status":"closed","template":"","meta":{"jetpack_publicize_message":"","jetpack_publicize_feature_enabled":true,"jetpack_social_post_already_shared":false,"jetpack_social_options":{"image_generator_settings":{"template":"highway","default_image_id":0,"font":"","enabled":false},"version":2}},"product_brand":[],"product_cat":[130],"product_tag":[31,131],"class_list":{"0":"post-6225","1":"product","2":"type-product","3":"status-publish","4":"has-post-thumbnail","6":"product_cat-les-passages-celestes","7":"product_tag-collier","8":"product_tag-pendentif","9":"pa_ambiance-baroque","10":"pa_ambiance-celtique","11":"pa_ambiance-elfique","12":"pa_ambiance-feerique","13":"pa_ambiance-mystique","14":"pa_ambiance-victorien","15":"pa_matiere-inox","16":"pa_ornement-labradorite","17":"pa_ornement-labradorite-bleue","18":"pa_ornement-labradorite-verte","19":"pa_ornement-pierre-semi","21":"first","22":"instock","23":"featured","24":"shipping-taxable","25":"purchasable","26":"product-type-simple"},"translation":{"provider":"WPGlobus","version":"3.0.2","language":"en","enabled_languages":["fr","en"],"languages":{"fr":{"title":true,"content":true,"excerpt":true},"en":{"title":false,"content":false,"excerpt":false}}},"jetpack_publicize_connections":[],"jetpack-related-posts":[],"jetpack_sharing_enabled":true,"jetpack_likes_enabled":true,"_links":{"self":[{"href":"https:\/\/www.altisfain.com\/en\/wp-json\/wp\/v2\/product\/6225","targetHints":{"allow":["GET"]}}],"collection":[{"href":"https:\/\/www.altisfain.com\/en\/wp-json\/wp\/v2\/product"}],"about":[{"href":"https:\/\/www.altisfain.com\/en\/wp-json\/wp\/v2\/types\/product"}],"replies":[{"embeddable":true,"href":"https:\/\/www.altisfain.com\/en\/wp-json\/wp\/v2\/comments?post=6225"}],"wp:featuredmedia":[{"embeddable":true,"href":"https:\/\/www.altisfain.com\/en\/wp-json\/wp\/v2\/media\/6230"}],"wp:attachment":[{"href":"https:\/\/www.altisfain.com\/en\/wp-json\/wp\/v2\/media?parent=6225"}],"wp:term":[{"taxonomy":"product_brand","embeddable":true,"href":"https:\/\/www.altisfain.com\/en\/wp-json\/wp\/v2\/product_brand?post=6225"},{"taxonomy":"product_cat","embeddable":true,"href":"https:\/\/www.altisfain.com\/en\/wp-json\/wp\/v2\/product_cat?post=6225"},{"taxonomy":"product_tag","embeddable":true,"href":"https:\/\/www.altisfain.com\/en\/wp-json\/wp\/v2\/product_tag?post=6225"}],"curies":[{"name":"wp","href":"https:\/\/api.w.org\/{rel}","templated":true}]}}