{"id":6205,"date":"2026-02-13T09:48:54","date_gmt":"2026-02-13T08:48:54","guid":{"rendered":"https:\/\/www.altisfain.com\/?post_type=product&#038;p=6205"},"modified":"2026-02-13T11:19:04","modified_gmt":"2026-02-13T10:19:04","slug":"collier-laiton-les-diaboliques-circe-pierre-de-lune-et-oeil-de-faucon","status":"publish","type":"product","link":"https:\/\/www.altisfain.com\/en\/boutique\/diaboliques\/collier-laiton-les-diaboliques-circe-pierre-de-lune-et-oeil-de-faucon\/","title":{"rendered":"Collier inox et laiton &#8220;Les Diaboliques: Circ\u00e9&#8221; Pierre de Lune et \u0152il de Faucon"},"content":{"rendered":"<p style=\"text-align:center\">&#8220;Le mot na\u00eff et \u00e9tonn\u00e9 de la Borgh\u00e8se, quand on lui demanda comment elle avait bien pu poser nue devant Canova: \u00abmais l&#8217;atelier \u00e9tait chaud! il y avait un po\u00eale!\u00bb&#8221;<\/p>\n<p>Les Diaboliques, Barbey d&#8217;Aurevilly.<\/p>\n<p style=\"text-align:center\">Circ\u00e9 \u00e9tait une d\u00e9esse et sorci\u00e8re de la mythologie grecque, fille d&#8217;H\u00e9lios (dieu du soleil) et de Pers\u00e9is, une nymphe. Elle \u00e9tait capable de cr\u00e9er des potions magiques qui transformaient les gens, comme dans l&#8217;Odyss\u00e9e, o\u00f9 elle transforma l&#8217;\u00e9quipage d&#8217;Ulysse en cochons. Circ\u00e9 a \u00e9t\u00e9 bannie sur l&#8217;\u00eele d&#8217;\u00c9\u00e9a parce qu&#8217;elle transformait les personnes en monstres. Elle a notamment transform\u00e9 la belle Scylla en monstre marin par jalousie pour Glaucus, l&#8217;amant de Scylla.<\/p>\n<p style=\"text-align:center\"><b>Ce collier marie un plastron fin serti Oeil de Faucon et un pendentif central serti Pierre de Lune. <\/b><b>La pierre du plastron est un cabochon de forme rectangulaire, de tr\u00e8s belle qualit\u00e9 avec des teintes grises, bleues et noires. La pi\u00e8ce centrale est sertie d&#8217;une Pierre de Lune de tr\u00e8s belle qualit\u00e9 de forme rectangulaire. Elle est martel\u00e9e, cisel\u00e9e et textur\u00e9e, orn\u00e9e de feuilles de lierre. Le m\u00e9tal utilis\u00e9 est un laiton premier titre bross\u00e9 et vernis satin haute r\u00e9sistance. <\/b><b>Le tour de cou se termine par un mousqueton et une chainette de rallonge agr\u00e9ment\u00e9e d\u2019une perle Hematite. Cela permet de jouer sur la longueur du collier et ajoute \u00e0 l\u2019ensemble une coh\u00e9rence harmonieuse. Le pendentif \u00e0 des motifs type Art d\u00e9co et antique. Dimension du cabochon du plastron: 2,5 cm par 1 cm. Dimension du plastron : 3,7 cm au plus large et 40 cm de tour de cou. Dimensions du cabochon du pendentif : 1,6 cm par 1 cm. Dimensions du pendentif : 9 cm par 8 cm.<\/b><\/p>\n<p style=\"text-align:center\"><strong>Collier infiniment Antique et Art d\u00e9co!!<\/strong><\/p>\n<hr>\n<p style=\"text-align:center\">&#8220;The naive and astonished remark of the Borghese family when asked how she could have posed nude for Canova: &#8216;But the studio was warm! There was a stove!'&#8221;<\/p>\n<p>Les Diaboliques, Barbey d&#8217;Aurevilly.<\/p>\n<p>Circe was a goddess and sorceress in Greek mythology, daughter of Helios (god of the sun) and Perseis, a nymph. She was able to create magic potions that transformed people, as in the Odyssey, where she transformed Odysseus&#8217;s crew into pigs. Circe was banished to the island of Aeaea because she transformed people into monsters. In particular, she transformed the beautiful Scylla into a sea monster out of jealousy for Glaucus, Scylla&#8217;s lover.<\/p>\n<p>This necklace combines a delicate bib set with Hawk&#8217;s Eye and a central pendant set with Moonstone.  The bib necklace features a beautiful rectangular cabochon with gray, blue, and black hues. The central piece is set with a high-quality rectangular moonstone. It is hammered, chiseled, and textured, adorned with ivy leaves. The metal used is brushed, satin-varnished, high-resistance brass. The necklace is finished with a lobster clasp and an extension chain embellished with a hematite bead. This allows for adjustable length and adds a harmonious touch to the overall design. The pendant features Art Deco and antique motifs. Bib necklace cabochon dimensions: 2.5 cm x 1 cm. Bib necklace dimensions: 3.7 cm at its widest point and 40 cm necklace length. Pendant cabochon dimensions: 1.6 cm x 1 cm. Pendant dimensions: 9 cm x 8 cm.<\/p>\n<p>An infinitely antique and Art Deco necklace!<\/p>\n","protected":false},"excerpt":{"rendered":"<p style=\"padding-left:40px;text-align:center\"><strong>Collier plastron laiton sert Oeil de Faucon, pendentif serti Pierre de Lune, d\u2019inspiration antique et mystique.<\/strong><\/p>\n<hr>\n<p style=\"text-align:center\"><strong>Brass necklace with Hawk&#8217;s eye setting, pendant with Moonstone setting, antic and mystical spirit.<\/strong><\/p>\n","protected":false},"featured_media":6209,"comment_status":"open","ping_status":"closed","template":"","meta":{"jetpack_publicize_message":"","jetpack_publicize_feature_enabled":true,"jetpack_social_post_already_shared":false,"jetpack_social_options":{"image_generator_settings":{"template":"highway","default_image_id":0,"font":"","enabled":false},"version":2}},"product_brand":[],"product_cat":[15],"product_tag":[31],"class_list":{"0":"post-6205","1":"product","2":"type-product","3":"status-publish","4":"has-post-thumbnail","6":"product_cat-diaboliques","7":"product_tag-collier","8":"pa_ambiance-elfique","9":"pa_ambiance-feerique","10":"pa_matiere-inox","11":"pa_ornement-labradorite","12":"pa_ornement-labradorite-bleue","13":"pa_ornement-labradorite-brune","14":"pa_ornement-labradorite-verte","15":"pa_ornement-pierre-semi","17":"first","18":"instock","19":"featured","20":"sold-individually","21":"shipping-taxable","22":"purchasable","23":"product-type-simple"},"translation":{"provider":"WPGlobus","version":"3.0.2","language":"en","enabled_languages":["fr","en"],"languages":{"fr":{"title":true,"content":true,"excerpt":true},"en":{"title":false,"content":false,"excerpt":false}}},"jetpack_publicize_connections":[],"jetpack-related-posts":[],"jetpack_sharing_enabled":true,"jetpack_likes_enabled":true,"_links":{"self":[{"href":"https:\/\/www.altisfain.com\/en\/wp-json\/wp\/v2\/product\/6205","targetHints":{"allow":["GET"]}}],"collection":[{"href":"https:\/\/www.altisfain.com\/en\/wp-json\/wp\/v2\/product"}],"about":[{"href":"https:\/\/www.altisfain.com\/en\/wp-json\/wp\/v2\/types\/product"}],"replies":[{"embeddable":true,"href":"https:\/\/www.altisfain.com\/en\/wp-json\/wp\/v2\/comments?post=6205"}],"wp:featuredmedia":[{"embeddable":true,"href":"https:\/\/www.altisfain.com\/en\/wp-json\/wp\/v2\/media\/6209"}],"wp:attachment":[{"href":"https:\/\/www.altisfain.com\/en\/wp-json\/wp\/v2\/media?parent=6205"}],"wp:term":[{"taxonomy":"product_brand","embeddable":true,"href":"https:\/\/www.altisfain.com\/en\/wp-json\/wp\/v2\/product_brand?post=6205"},{"taxonomy":"product_cat","embeddable":true,"href":"https:\/\/www.altisfain.com\/en\/wp-json\/wp\/v2\/product_cat?post=6205"},{"taxonomy":"product_tag","embeddable":true,"href":"https:\/\/www.altisfain.com\/en\/wp-json\/wp\/v2\/product_tag?post=6205"}],"curies":[{"name":"wp","href":"https:\/\/api.w.org\/{rel}","templated":true}]}}