{"id":6197,"date":"2026-02-12T11:49:00","date_gmt":"2026-02-12T10:49:00","guid":{"rendered":"https:\/\/www.altisfain.com\/?post_type=product&#038;p=6197"},"modified":"2026-02-13T09:38:38","modified_gmt":"2026-02-13T08:38:38","slug":"collier-laiton-le-petit-peuple-vala-agate-de-botswana-peinte","status":"publish","type":"product","link":"https:\/\/www.altisfain.com\/en\/boutique\/collection-feeries-associees\/collier-laiton-le-petit-peuple-vala-agate-de-botswana-peinte\/","title":{"rendered":"Collier laiton &#8220;Le Petit Peuple: Vala&#8221; Agate de Botswana peinte"},"content":{"rendered":"<p style=\"padding-left:40px\">&#8220;F\u00e9es r\u00e9pandez partout La ros\u00e9e sacr\u00e9e des champs.\u201d \u2014William Shakespeare<\/p>\n<p style=\"text-align:center\">Collection \u00e0 quatre mains inspir\u00e9e des \u00eatres f\u00e9eriques, elfiques et oniriques qui peuplent nos nuits et illuminent nos l\u00e9gendes&#8230;.<\/p>\n<p style=\"text-align:center\"> Vala nous invite \u00e0 repousser nos limites et sortir de notre zone de confort: tellement la chenille, elle sort de sa chrysalide pour devenir ce qu&#8217;elle a toujours senti en elle, un papillon majestueux.<\/p>\n<p style=\"text-align:center\"><strong>Collier laiton bross\u00e9 vernis satin articul\u00e9 asym\u00e9trique, compos\u00e9 d&#8217;une dizaine de fils laiton de diam\u00e8tres diff\u00e9rents, soud\u00e9s argent et martel\u00e9s main<\/strong>. <strong>En pi\u00e8ce centrale, un cabochon de tr\u00e8s belle qualit\u00e9 forme goutte serti griffe Labradorite, teintes brunes et blanches. La pierre est orn\u00e9e d&#8217;une illustration d&#8217;une f\u00e9e qui repousse le d\u00e9cor de l&#8217;agate, pour enfin sortir du cadre et s&#8217;epanouir. <\/strong><strong>Le collier est mall\u00e9able, il peut se serrer et desserrer pour s&#8217;adapter au plus pr\u00e8s de votre cou. Vernis satin haute r\u00e9sistance et hypoallergenique pour \u00e9viter toutes oxydation. Dimension du collier: 42 cm de long, cha\u00eenette de rallonge de 5 cm pour jouer sur la longueur. Dimension du cabochon: 4,2 cm par 3 cm.<\/strong><\/p>\n<p style=\"text-align:center\"><strong><strong><strong><strong><strong><strong><strong><strong><strong><strong><strong><strong>Style m\u00e9di\u00e9val fantastique et elfique, pi\u00e8ce unique!!<\/strong><\/strong><\/strong><\/strong><\/strong><\/strong><\/strong><\/strong><\/strong><\/strong><\/strong><\/strong><strong><\/strong><\/p>\n<hr>\n<div class=\"text-wrap tlid-copy-target\" style=\"text-align:center\">&#8220;Fairies, scatter everywhere the sacred dew of the fields.&#8221; &#8211; William Shakespeare<\/p>\n<p>A collaborative collection inspired by the fairy, elf, and dreamlike beings that populate our nights and illuminate our legends&#8230;<\/p>\n<p>Vala invites us to push our boundaries and step outside our comfort zone: like a caterpillar, she emerges from her chrysalis to become what she has always felt within, a majestic butterfly.<\/p>\n<p>This asymmetrical, articulated, satin-varnished, brushed brass necklace is composed of approximately ten brass wires of varying diameters, silver-soldered and hand-hammered. The central piece is a high-quality, teardrop-shaped cabochon of Labradorite in brown and white hues, set in a claw setting. The stone is adorned with an illustration of a fairy pushing back the agate&#8217;s design, finally breaking free from its frame and blossoming. The necklace is malleable; it can be tightened or loosened to fit snugly around your neck. High-resistance, hypoallergenic satin varnish to prevent oxidation. Necklace length: 42 cm, with a 5 cm extension chain for adjustable length. Cabochon dimensions: 4.2 cm x 3 cm.<\/p>\n<p>Medieval fantasy and elven style, one-of-a-kind!<\/p><\/div>\n","protected":false},"excerpt":{"rendered":"<p style=\"padding-left:40px;text-align:center\"><strong><strong><strong>Collier inox serti agate de Botswana, d\u2019inspiration f\u00e9erique.<\/strong><\/strong><\/strong><strong><\/strong><\/p>\n<hr>\n<div class=\"text-wrap tlid-copy-target\">\n<div class=\"result-shield-container tlid-copy-target\" style=\"text-align:center\">\n<div class=\"text-wrap tlid-copy-target\">\n<div class=\"result-shield-container tlid-copy-target\" style=\"text-align:left\"><span class=\"tlid-translation translation\" lang=\"en\"><span class=\"\" title=\"\"><strong>Stainless steel necklace with Botswana agate setting, of elvish inspiration.<\/strong><\/span><\/span>\n<\/div>\n<\/div>\n<div class=\"tlid-result-transliteration-container result-transliteration-container transliteration-container\">\n<div class=\"tlid-transliteration-content transliteration-content full\">\n<\/div>\n<\/div>\n<p><span class=\"tlid-translation translation\" lang=\"en\"><span class=\"\" title=\"\"><strong> <\/strong><\/span><\/span>\n<\/div>\n<\/div>\n<div class=\"tlid-result-transliteration-container result-transliteration-container transliteration-container\">\n<div class=\"tlid-transliteration-content transliteration-content full\">\n<\/div>\n<\/div>\n<div class=\"result-footer source-or-target-footer tlid-copy-target\"><\/div>\n","protected":false},"featured_media":6200,"comment_status":"open","ping_status":"closed","template":"","meta":{"jetpack_publicize_message":"","jetpack_publicize_feature_enabled":true,"jetpack_social_post_already_shared":false,"jetpack_social_options":{"image_generator_settings":{"template":"highway","default_image_id":0,"font":"","enabled":false},"version":2}},"product_brand":[],"product_cat":[223],"product_tag":[31],"class_list":{"0":"post-6197","1":"product","2":"type-product","3":"status-publish","4":"has-post-thumbnail","6":"product_cat-collection-feeries-associees","7":"product_tag-collier","8":"pa_ambiance-antique","9":"pa_ambiance-art-nouveau","10":"pa_ambiance-baroque","11":"pa_ambiance-elfique","12":"pa_ambiance-feerique","13":"pa_ambiance-gothique","14":"pa_ambiance-grece-antique","15":"pa_ambiance-victorien","16":"pa_matiere-inox","17":"pa_ornement-labradorite","18":"pa_ornement-labradorite-bleue","19":"pa_ornement-labradorite-doree","20":"pa_ornement-labradorite-verte","21":"pa_ornement-pierre-semi","23":"first","24":"instock","25":"sold-individually","26":"shipping-taxable","27":"purchasable","28":"product-type-simple"},"translation":{"provider":"WPGlobus","version":"3.0.2","language":"en","enabled_languages":["fr","en"],"languages":{"fr":{"title":true,"content":true,"excerpt":true},"en":{"title":false,"content":false,"excerpt":false}}},"jetpack_publicize_connections":[],"jetpack-related-posts":[],"jetpack_sharing_enabled":true,"jetpack_likes_enabled":true,"_links":{"self":[{"href":"https:\/\/www.altisfain.com\/en\/wp-json\/wp\/v2\/product\/6197","targetHints":{"allow":["GET"]}}],"collection":[{"href":"https:\/\/www.altisfain.com\/en\/wp-json\/wp\/v2\/product"}],"about":[{"href":"https:\/\/www.altisfain.com\/en\/wp-json\/wp\/v2\/types\/product"}],"replies":[{"embeddable":true,"href":"https:\/\/www.altisfain.com\/en\/wp-json\/wp\/v2\/comments?post=6197"}],"wp:featuredmedia":[{"embeddable":true,"href":"https:\/\/www.altisfain.com\/en\/wp-json\/wp\/v2\/media\/6200"}],"wp:attachment":[{"href":"https:\/\/www.altisfain.com\/en\/wp-json\/wp\/v2\/media?parent=6197"}],"wp:term":[{"taxonomy":"product_brand","embeddable":true,"href":"https:\/\/www.altisfain.com\/en\/wp-json\/wp\/v2\/product_brand?post=6197"},{"taxonomy":"product_cat","embeddable":true,"href":"https:\/\/www.altisfain.com\/en\/wp-json\/wp\/v2\/product_cat?post=6197"},{"taxonomy":"product_tag","embeddable":true,"href":"https:\/\/www.altisfain.com\/en\/wp-json\/wp\/v2\/product_tag?post=6197"}],"curies":[{"name":"wp","href":"https:\/\/api.w.org\/{rel}","templated":true}]}}