{"id":6189,"date":"2026-02-12T11:31:50","date_gmt":"2026-02-12T10:31:50","guid":{"rendered":"https:\/\/www.altisfain.com\/?post_type=product&#038;p=6189"},"modified":"2026-02-12T11:46:23","modified_gmt":"2026-02-12T10:46:23","slug":"collier-inox-les-galactiques-orion-apatite-bleue-peinte","status":"publish","type":"product","link":"https:\/\/www.altisfain.com\/en\/boutique\/collection-feeries-associees\/collier-inox-les-galactiques-orion-apatite-bleue-peinte\/","title":{"rendered":"Collier inox &#8220;Les Galactiques: &#8220;Orion&#8221; Apatite bleue peinte"},"content":{"rendered":"<p style=\"padding-left:40px\">&#8220;Ne vous excusez jamais de br\u00fbler trop fort ou de vous effondrer tous les soirs. C\u2019est ainsi que les galaxies sont faites. \u2014Tyler Kent Blanc<\/p>\n<p style=\"text-align:center\">Collection \u00e0 quatre mains inspir\u00e9e des galaxies, \u00e9toiles et corps c\u00e9lestes qui peuplent nos nuits et illuminent nos r\u00eaves&#8230;.<\/p>\n<p style=\"text-align:center\"> Orion est une constellation bien connue situ\u00e9e sur l\u2019\u00e9quateur c\u00e9leste. C\u2019est l\u2019une des constellations les plus facilement visibles et reconnaissables dans le ciel nocturne. Elle peut \u00eatre vue dans le monde entier. Orion est la 26e plus grande constellation en taille, occupant une superficie de 594 degr\u00e9s carr\u00e9s. La repr\u00e9sentation la plus c\u00e9l\u00e8bre d\u2019Orion provient des mythes grecs. Elle repr\u00e9sente un chasseur dans le ciel, brandissant un bouclier dans la main droite et une \u00e9p\u00e9e dans la gauche. Dans l\u2019h\u00e9misph\u00e8re nord, Orion signifie le retour d\u2019un temps plus froid. La figure saisissante d\u2019Orion, le chasseur voyageant dans le ciel nocturne, est particuli\u00e8rement visible pendant les mois d\u2019hiver.<\/p>\n<p style=\"text-align:center\"><strong><strong>Collier inox articul\u00e9 sym\u00e9trique, compos\u00e9 d&#8217;une dizaine de fils inox de diam\u00e8tres diff\u00e9rents, soud\u00e9s argent et martel\u00e9s main<\/strong><\/strong><strong>. <\/strong><strong><strong>En pi\u00e8ce centrale, un cabochon de tr\u00e8s belle qualit\u00e9 forme ovale serti griffe Apatite, teintes bleues<\/strong><\/strong><strong>. La pierre est orn\u00e9e d&#8217;un d\u00e9cor peint sur le th\u00e8me des galaxies. <\/strong><strong><strong><strong>Le collier est mall\u00e9able, il peut se serrer et desserrer pour s&#8217;adapter au plus pr\u00e8s de votre cou. Dimension du collier: 42 cm de long, cha\u00eenette de rallonge de 5 cm pour jouer sur la longueur. Dimension du cabochon: 4,5 cm par 3 cm.<\/strong><\/strong><\/strong><strong><\/strong><\/p>\n<p style=\"text-align:center\"><strong><strong><strong><strong><strong><strong><strong><strong><strong>Style m\u00e9di\u00e9val fantastique et elfique, pi\u00e8ce unique!!<\/strong><\/strong><\/strong><\/strong><\/strong><\/strong><\/strong><\/strong><\/strong><\/p>\n<hr>\n<div class=\"text-wrap tlid-copy-target\" style=\"text-align:center\">&#8220;Never apologize for burning too brightly or collapsing every night. That&#8217;s just how galaxies are made.&#8221; \u2014Tyler Kent Blanc<\/p>\n<p>A collaborative collection inspired by the galaxies, stars, and celestial bodies that populate our nights and illuminate our dreams&#8230;<\/p>\n<p>Orion is a well-known constellation located on the celestial equator. It is one of the most easily visible and recognizable constellations in the night sky and can be seen worldwide. Orion is the 26th largest constellation, covering an area of 594 square degrees. The most famous depiction of Orion comes from Greek mythology. It represents a hunter in the sky, wielding a shield in his right hand and a sword in his left. In the Northern Hemisphere, Orion signifies the return of colder weather. The striking figure of Orion, the hunter traveling across the night sky, is especially visible during the winter months.<\/p>\n<p>Symmetrical articulated stainless steel necklace, composed of Made of approximately ten stainless steel wires of varying diameters, silver-soldered and hand-hammered. The central piece is a high-quality oval-shaped cabochon in a claw setting, crafted from apatite in shades of blue. The stone is adorned with a painted galaxy design. The necklace is adjustable, allowing you to tighten or loosen it for a comfortable fit. Necklace length: 42 cm, with a 5 cm extension chain. Cabochon dimensions: 4.5 cm x 3 cm.<\/p>\n<p>Medieval fantasy and elven style, a unique piece!<\/p><\/div>\n","protected":false},"excerpt":{"rendered":"<p style=\"padding-left:40px;text-align:center\"><strong><strong><strong>Collier inox serti Apatite bleue, d\u2019inspiration galactique.<\/strong><\/strong><\/strong><strong><\/strong><\/p>\n<hr>\n<div class=\"text-wrap tlid-copy-target\">\n<div class=\"result-shield-container tlid-copy-target\" style=\"text-align:center\">\n<div class=\"text-wrap tlid-copy-target\">\n<div class=\"result-shield-container tlid-copy-target\" style=\"text-align:left\"><span class=\"tlid-translation translation\" lang=\"en\"><span class=\"\" title=\"\"><strong>Stainless steel necklace with blue apatite setting, of galactic inspiration.<\/strong><\/span><\/span>\n<\/div>\n<\/div>\n<div class=\"tlid-result-transliteration-container result-transliteration-container transliteration-container\">\n<div class=\"tlid-transliteration-content transliteration-content full\">\n<\/div>\n<\/div>\n<p><span class=\"tlid-translation translation\" lang=\"en\"><span class=\"\" title=\"\"><strong> <\/strong><\/span><\/span>\n<\/div>\n<\/div>\n<div class=\"tlid-result-transliteration-container result-transliteration-container transliteration-container\">\n<div class=\"tlid-transliteration-content transliteration-content full\">\n<\/div>\n<\/div>\n<div class=\"result-footer source-or-target-footer tlid-copy-target\"><\/div>\n","protected":false},"featured_media":6194,"comment_status":"open","ping_status":"closed","template":"","meta":{"jetpack_publicize_message":"","jetpack_publicize_feature_enabled":true,"jetpack_social_post_already_shared":false,"jetpack_social_options":{"image_generator_settings":{"template":"highway","default_image_id":0,"font":"","enabled":false},"version":2}},"product_brand":[],"product_cat":[223],"product_tag":[31],"class_list":{"0":"post-6189","1":"product","2":"type-product","3":"status-publish","4":"has-post-thumbnail","6":"product_cat-collection-feeries-associees","7":"product_tag-collier","8":"pa_ambiance-antique","9":"pa_ambiance-art-nouveau","10":"pa_ambiance-baroque","11":"pa_ambiance-elfique","12":"pa_ambiance-feerique","13":"pa_ambiance-gothique","14":"pa_ambiance-grece-antique","15":"pa_ambiance-victorien","16":"pa_matiere-inox","17":"pa_ornement-labradorite","18":"pa_ornement-labradorite-bleue","19":"pa_ornement-labradorite-doree","20":"pa_ornement-labradorite-verte","21":"pa_ornement-pierre-semi","23":"first","24":"instock","25":"sold-individually","26":"shipping-taxable","27":"purchasable","28":"product-type-simple"},"translation":{"provider":"WPGlobus","version":"3.0.2","language":"en","enabled_languages":["fr","en"],"languages":{"fr":{"title":true,"content":true,"excerpt":true},"en":{"title":false,"content":false,"excerpt":false}}},"jetpack_publicize_connections":[],"jetpack-related-posts":[],"jetpack_sharing_enabled":true,"jetpack_likes_enabled":true,"_links":{"self":[{"href":"https:\/\/www.altisfain.com\/en\/wp-json\/wp\/v2\/product\/6189","targetHints":{"allow":["GET"]}}],"collection":[{"href":"https:\/\/www.altisfain.com\/en\/wp-json\/wp\/v2\/product"}],"about":[{"href":"https:\/\/www.altisfain.com\/en\/wp-json\/wp\/v2\/types\/product"}],"replies":[{"embeddable":true,"href":"https:\/\/www.altisfain.com\/en\/wp-json\/wp\/v2\/comments?post=6189"}],"wp:featuredmedia":[{"embeddable":true,"href":"https:\/\/www.altisfain.com\/en\/wp-json\/wp\/v2\/media\/6194"}],"wp:attachment":[{"href":"https:\/\/www.altisfain.com\/en\/wp-json\/wp\/v2\/media?parent=6189"}],"wp:term":[{"taxonomy":"product_brand","embeddable":true,"href":"https:\/\/www.altisfain.com\/en\/wp-json\/wp\/v2\/product_brand?post=6189"},{"taxonomy":"product_cat","embeddable":true,"href":"https:\/\/www.altisfain.com\/en\/wp-json\/wp\/v2\/product_cat?post=6189"},{"taxonomy":"product_tag","embeddable":true,"href":"https:\/\/www.altisfain.com\/en\/wp-json\/wp\/v2\/product_tag?post=6189"}],"curies":[{"name":"wp","href":"https:\/\/api.w.org\/{rel}","templated":true}]}}