{"id":6151,"date":"2025-08-02T01:23:29","date_gmt":"2025-08-01T23:23:29","guid":{"rendered":"https:\/\/www.altisfain.com\/?post_type=product&#038;p=6151"},"modified":"2026-02-12T10:24:57","modified_gmt":"2026-02-12T09:24:57","slug":"collier-inox-les-galactiques-gould-labradorite-peinte","status":"publish","type":"product","link":"https:\/\/www.altisfain.com\/en\/boutique\/collection-feeries-associees\/collier-inox-les-galactiques-gould-labradorite-peinte\/","title":{"rendered":"Collier inox &#8220;Les Galactiques: &#8220;Gould&#8221; Labradorite peinte"},"content":{"rendered":"<p style=\"padding-left:40px\">&#8220;Ne vous excusez jamais de br\u00fbler trop fort ou de vous effondrer tous les soirs. C\u2019est ainsi que les galaxies sont faites. \u2014Tyler Kent Blanc<\/p>\n<p style=\"text-align:center\">Collection \u00e0 quatre mains inspir\u00e9e des galaxies, \u00e9toiles et corps c\u00e9lestes qui peuplent nos nuits et illuminent nos r\u00eaves&#8230;.<\/p>\n<p style=\"text-align:center\"> La Ceinture de Gould nomm\u00e9e ainsi en l&#8217;honneur de Benjamin Gould (1824-1896), qui l&#8217;identifia en 1879, est une jeune structure de notre Voie Lact\u00e9e, \u00e2g\u00e9e de 100 millions d&#8217;ann\u00e9es. En r\u00e9alit\u00e9 c&#8217;est une &#8220;petite bulle&#8221; de 3000 ann\u00e9es-lumi\u00e8re de diam\u00e8tre, compos\u00e9e de gaz et d&#8217;\u00e9toiles, situ\u00e9e dans notre environnement galactique tr\u00e8s proche, dans lequel le syst\u00e8me solaire voyage..<\/p>\n<p style=\"text-align:center\"><strong>Collier inox articul\u00e9 asym\u00e9trique, compos\u00e9 d&#8217;une dizaine de fils inox de diam\u00e8tres diff\u00e9rents, soud\u00e9s argent et martel\u00e9s main<\/strong>. <strong>En pi\u00e8ce centrale, un cabochon de tr\u00e8s belle qualit\u00e9 forme rectangulaire serti griffe Labradorite, teintes bleues et dor\u00e9es intenses<\/strong>. <strong>Le collier est mall\u00e9able, il peut se serrer et desserrer pour s&#8217;adapter au plus pr\u00e8s de votre cou. Dimension du collier: 42 cm de long, cha\u00eenette de rallonge de 5 cm pour jouer sur la longueur. Dimension du cabochon: 4,2 cm par 2,5 cm.<\/strong><\/p>\n<p style=\"text-align:center\"><strong><strong><strong><strong><strong><strong><strong><strong>Style m\u00e9di\u00e9val fantastique et elfique, pi\u00e8ce unique!!<\/strong><\/strong><\/strong><\/strong><\/strong><\/strong><\/strong><\/strong><strong><\/strong><\/p>\n<hr>\n<div class=\"text-wrap tlid-copy-target\" style=\"text-align:center\">&#8220;Never apologize for burning too brightly or collapsing every night. That&#8217;s just how galaxies are made.&#8221; \u2014Tyler Kent Blanc<\/p>\n<p>A collaborative collection inspired by the galaxies, stars, and celestial bodies that populate our nights and illuminate our dreams&#8230;<\/p>\n<p>Gould&#8217;s Belt, named in honor of Benjamin Gould (1824-1896), who identified it in 1879, is a young structure in our Milky Way galaxy, 100 million years old. In reality, it&#8217;s a &#8220;small bubble&#8221; 3,000 light-years in diameter, composed of gas and stars, located in our very close galactic environment, in which the solar system travels.<\/p>\n<p>Asymmetrical articulated stainless steel necklace, composed of about ten stainless steel wires of varying diameters, silver-soldered and hand-hammered. The centerpiece is a high-quality rectangular cabochon of Labradorite in a claw setting, with intense blue and gold hues.  The necklace is malleable; it can be tightened or loosened to fit snugly around your neck. Necklace length: 42 cm, with a 5 cm extension chain for adjustable length. Cabochon dimensions: 4.2 cm x 2.5 cm.<\/p>\n<p>Medieval fantasy and elven style, one-of-a-kind!<\/p><\/div>\n","protected":false},"excerpt":{"rendered":"<p style=\"padding-left:40px;text-align:center\"><strong><strong>Collier inox serti Labradorite, d\u2019inspiration galactique.<\/strong><\/strong><strong><\/strong><\/p>\n<hr>\n<div class=\"text-wrap tlid-copy-target\">\n<div class=\"result-shield-container tlid-copy-target\" style=\"text-align:center\">\n<div class=\"text-wrap tlid-copy-target\">\n<div class=\"result-shield-container tlid-copy-target\" style=\"text-align:left\"><span class=\"tlid-translation translation\" lang=\"en\"><span class=\"\" title=\"\"><strong>Stainless steel necklace with labradorite setting, of galactic inspiration.<\/strong><\/span><\/span>\n<\/div>\n<\/div>\n<div class=\"tlid-result-transliteration-container result-transliteration-container transliteration-container\">\n<div class=\"tlid-transliteration-content transliteration-content full\">\n<\/div>\n<\/div>\n<p><span class=\"tlid-translation translation\" lang=\"en\"><span class=\"\" title=\"\"><strong> <\/strong><\/span><\/span>\n<\/div>\n<\/div>\n<div class=\"tlid-result-transliteration-container result-transliteration-container transliteration-container\">\n<div class=\"tlid-transliteration-content transliteration-content full\">\n<\/div>\n<\/div>\n<div class=\"result-footer source-or-target-footer tlid-copy-target\"><\/div>\n","protected":false},"featured_media":6155,"comment_status":"open","ping_status":"closed","template":"","meta":{"jetpack_publicize_message":"","jetpack_publicize_feature_enabled":true,"jetpack_social_post_already_shared":false,"jetpack_social_options":{"image_generator_settings":{"template":"highway","default_image_id":0,"font":"","enabled":false},"version":2}},"product_brand":[],"product_cat":[223],"product_tag":[31],"class_list":{"0":"post-6151","1":"product","2":"type-product","3":"status-publish","4":"has-post-thumbnail","6":"product_cat-collection-feeries-associees","7":"product_tag-collier","8":"pa_ambiance-antique","9":"pa_ambiance-art-nouveau","10":"pa_ambiance-baroque","11":"pa_ambiance-elfique","12":"pa_ambiance-feerique","13":"pa_ambiance-gothique","14":"pa_ambiance-grece-antique","15":"pa_ambiance-victorien","16":"pa_matiere-inox","17":"pa_ornement-labradorite","18":"pa_ornement-labradorite-bleue","19":"pa_ornement-labradorite-doree","20":"pa_ornement-labradorite-verte","21":"pa_ornement-pierre-semi","23":"first","24":"instock","25":"sold-individually","26":"shipping-taxable","27":"purchasable","28":"product-type-simple"},"translation":{"provider":"WPGlobus","version":"3.0.2","language":"en","enabled_languages":["fr","en"],"languages":{"fr":{"title":true,"content":true,"excerpt":true},"en":{"title":false,"content":false,"excerpt":false}}},"jetpack_publicize_connections":[],"jetpack-related-posts":[],"jetpack_sharing_enabled":true,"jetpack_likes_enabled":true,"_links":{"self":[{"href":"https:\/\/www.altisfain.com\/en\/wp-json\/wp\/v2\/product\/6151","targetHints":{"allow":["GET"]}}],"collection":[{"href":"https:\/\/www.altisfain.com\/en\/wp-json\/wp\/v2\/product"}],"about":[{"href":"https:\/\/www.altisfain.com\/en\/wp-json\/wp\/v2\/types\/product"}],"replies":[{"embeddable":true,"href":"https:\/\/www.altisfain.com\/en\/wp-json\/wp\/v2\/comments?post=6151"}],"wp:featuredmedia":[{"embeddable":true,"href":"https:\/\/www.altisfain.com\/en\/wp-json\/wp\/v2\/media\/6155"}],"wp:attachment":[{"href":"https:\/\/www.altisfain.com\/en\/wp-json\/wp\/v2\/media?parent=6151"}],"wp:term":[{"taxonomy":"product_brand","embeddable":true,"href":"https:\/\/www.altisfain.com\/en\/wp-json\/wp\/v2\/product_brand?post=6151"},{"taxonomy":"product_cat","embeddable":true,"href":"https:\/\/www.altisfain.com\/en\/wp-json\/wp\/v2\/product_cat?post=6151"},{"taxonomy":"product_tag","embeddable":true,"href":"https:\/\/www.altisfain.com\/en\/wp-json\/wp\/v2\/product_tag?post=6151"}],"curies":[{"name":"wp","href":"https:\/\/api.w.org\/{rel}","templated":true}]}}