{"id":615,"date":"2018-03-06T02:41:26","date_gmt":"2018-03-06T01:41:26","guid":{"rendered":"http:\/\/www.altisfain.com\/?post_type=product&#038;p=615"},"modified":"2019-10-20T22:52:23","modified_gmt":"2019-10-20T20:52:23","slug":"bracelet-conte-les-musiciens-de-breme-feuilles-bambou-ou-plumes","status":"publish","type":"product","link":"https:\/\/www.altisfain.com\/en\/boutique\/conte\/bracelet-conte-les-musiciens-de-breme-feuilles-bambou-ou-plumes\/","title":{"rendered":"Bracelet Conte &#8220;Les Musiciens de Br\u00eame&#8221; feuilles bambou ou plumes"},"content":{"rendered":"<p style=\"text-align: center;\">&#8220;La vie ressemble \u00e0 un conte ; ce qui importe, ce n&#8217;est pas sa longueur, mais sa valeur.&#8221;<br \/>\nS\u00e9n\u00e8que.<\/p>\n<p style=\"text-align: center;\">&#8220;Les Musiciens de Br\u00eame&#8221; est un conte des Fr\u00e8res Grimm.<\/p>\n<p style=\"text-align: center;\"><strong>Bracelet inox modulable, se porte soit sur le coup de poignet, soit sur le milieu de l&#8217;avant-bras.<\/strong><br \/>\n<strong>Inox type alimentaire, mall\u00e9able, permettant de desserrer et resserrer \u00e0 volont\u00e9.<\/strong><br \/>\n<strong>Feuille de Bambou ou plumes martel\u00e9e main et fils inox travaill\u00e9s en entrelacs, martel\u00e9s et soud\u00e9s argent.<\/strong><br \/>\n<strong>Dimension des feuilles: 3,8 cm par 1,2 cm.<\/strong><br \/>\n<strong>Livr\u00e9 dans son \u00e9crin.<\/strong><\/p>\n<p style=\"text-align: center;\"><b>Bracelet \u00e9perdument elfique!!<\/b><\/p>\n<p style=\"text-align: center;\"><strong>Peut \u00eatre r\u00e9alis\u00e9 en laiton verni satin haute r\u00e9sistance.<\/strong><\/p>\n<hr \/>\n<p><span class=\"tlid-translation translation\" lang=\"en\"><span class=\"\" title=\"\">&#8220;Life is like a tale, what matters is not its length, but its value.&#8221;<\/span><br \/>\n<span title=\"\">Seneca.<\/span><\/p>\n<p><span title=\"\">&#8220;The Musicians of Bremen&#8221; is a tale of the Brothers Grimm.<\/span><\/p>\n<p><strong><span title=\"\">Adjustable stainless steel bracelet, worn on the wrist or on the middle of the forearm.<\/span><\/strong><br \/>\n<strong><span title=\"\">Inox type food, malleable, allowing to loosen and tighten at will.<\/span><\/strong><br \/>\n<strong><span title=\"\">Bamboo leaf or hand hammered feathers and stainless steel threads worked in interlacing, hammered and silver welded.<\/span><\/strong><br \/>\n<strong><span title=\"\">Leaf size: 3.8 cm by 1.2 cm.<\/span><\/strong><br \/>\n<strong><span title=\"\">Delivered in its case.<\/span><\/strong><\/p>\n<p><strong><span title=\"\">Desperately Elvish Bracelet !!<\/span><\/strong><\/p>\n<p><strong><span title=\"\">Can be made of high resistance satin varnished brass.<\/span><\/strong><\/span><\/p>\n","protected":false},"excerpt":{"rendered":"<p style=\"text-align: center;\"><strong>Bracelet inox r\u00e9glable avec feuille de bambou ou forme plume et entrelacs, esprit elfique et f\u00e9\u00e9rique.<\/strong><\/p>\n<hr \/>\n<div class=\"text-wrap tlid-copy-target\">\n<p class=\"result-shield-container tlid-copy-target\" style=\"text-align: center;\" tabindex=\"0\"><strong><span class=\"tlid-translation translation\" lang=\"en\"><span class=\"\" title=\"\">Adjustable stainless steel bracelet with bamboo leaf or feather and interlaced form, elven and fairy spirit.<\/span><\/span><\/strong><\/p>\n<\/div>\n<div class=\"tlid-result-transliteration-container result-transliteration-container transliteration-container\">\n<div class=\"tlid-transliteration-content transliteration-content full\"><\/div>\n<\/div>\n","protected":false},"featured_media":616,"comment_status":"open","ping_status":"closed","template":"","meta":[],"product_brand":[],"product_cat":[29],"product_tag":[33],"class_list":{"0":"post-615","1":"product","2":"type-product","3":"status-publish","4":"has-post-thumbnail","6":"product_cat-conte","7":"product_tag-bracelet","8":"pa_ambiance-bucolique","9":"pa_ambiance-celtique","10":"pa_ambiance-elfique","11":"pa_ambiance-feerique","12":"pa_ambiance-vegetal","13":"pa_feuille-bambou","14":"pa_matiere-inox","15":"pa_matiere-laiton","17":"first","18":"instock","19":"featured","20":"shipping-taxable","21":"purchasable","22":"product-type-variable"},"translation":{"provider":"WPGlobus","version":"3.0.2","language":"en","enabled_languages":["fr","en"],"languages":{"fr":{"title":true,"content":true,"excerpt":true},"en":{"title":false,"content":false,"excerpt":false}}},"jetpack-related-posts":[],"jetpack_sharing_enabled":true,"_links":{"self":[{"href":"https:\/\/www.altisfain.com\/en\/wp-json\/wp\/v2\/product\/615","targetHints":{"allow":["GET"]}}],"collection":[{"href":"https:\/\/www.altisfain.com\/en\/wp-json\/wp\/v2\/product"}],"about":[{"href":"https:\/\/www.altisfain.com\/en\/wp-json\/wp\/v2\/types\/product"}],"replies":[{"embeddable":true,"href":"https:\/\/www.altisfain.com\/en\/wp-json\/wp\/v2\/comments?post=615"}],"wp:featuredmedia":[{"embeddable":true,"href":"https:\/\/www.altisfain.com\/en\/wp-json\/wp\/v2\/media\/616"}],"wp:attachment":[{"href":"https:\/\/www.altisfain.com\/en\/wp-json\/wp\/v2\/media?parent=615"}],"wp:term":[{"taxonomy":"product_brand","embeddable":true,"href":"https:\/\/www.altisfain.com\/en\/wp-json\/wp\/v2\/product_brand?post=615"},{"taxonomy":"product_cat","embeddable":true,"href":"https:\/\/www.altisfain.com\/en\/wp-json\/wp\/v2\/product_cat?post=615"},{"taxonomy":"product_tag","embeddable":true,"href":"https:\/\/www.altisfain.com\/en\/wp-json\/wp\/v2\/product_tag?post=615"}],"curies":[{"name":"wp","href":"https:\/\/api.w.org\/{rel}","templated":true}]}}