{"id":6129,"date":"2025-06-26T10:30:35","date_gmt":"2025-06-26T08:30:35","guid":{"rendered":"https:\/\/www.altisfain.com\/?post_type=product&#038;p=6129"},"modified":"2025-08-16T20:12:31","modified_gmt":"2025-08-16T18:12:31","slug":"collier-inox-les-diaboliques-les-ondines-labradorite","status":"publish","type":"product","link":"https:\/\/www.altisfain.com\/en\/boutique\/diaboliques\/collier-inox-les-diaboliques-les-ondines-labradorite\/","title":{"rendered":"Collier inox &#8220;Les Diaboliques: les Ondines&#8221; Labradorite"},"content":{"rendered":"<p style=\"padding-left:40px\">&#8220;Le mot na\u00eff et \u00e9tonn\u00e9 de la Borgh\u00e8se, quand on lui demanda comment elle avait bien pu poser nue devant Canova: \u00abmais l&#8217;atelier \u00e9tait chaud! il y avait un po\u00eale!\u00bb&#8221;<\/p>\n<p>Les Diaboliques, Barbey d&#8217;Aurevilly.<\/p>\n<p style=\"text-align:center\">Collection inspir\u00e9e de femmes, fictives ou historiques qui, \u00e0 tord ou \u00e0 raison, ont suscit\u00e9 accusations et calomnies et marqu\u00e9 l&#8217;Histoire ou les histoires par leur personnalit\u00e9 sulfureuse&#8230;..<\/p>\n<p style=\"text-align:center\"> Les ondines sont des nymphes ou des na\u00efades. \u00c0 l\u2019inverse des sir\u00e8nes, les nymphes ne fr\u00e9quentent pas la mer, mais les eaux courantes, rivi\u00e8res, fontaines, et n\u2019ont pas de queue de poisson. Durant l\u2019\u00e9t\u00e9, elles aiment se tenir assises au bord de l&#8217;eau, et peigner leurs longs cheveux avec des peignes d\u2019or ou d\u2019ivoire. Elles aiment \u00e9galement se baigner dans les cascades, les \u00e9tangs, et les rivi\u00e8res, \u00e0 la faveur des jours radieux d\u2019\u00e9t\u00e9. On dit que celles qui ont les cheveux couleur d\u2019or poss\u00e8dent de grands tr\u00e9sors qu\u2019elles gardent dans leurs beaux palais immerg\u00e9s.<br \/>\nOn attribue l\u2019alimentation en eau des fontaines aux larmes des ondines, et celle-ci se tarit d\u00e8s qu\u2019une f\u00e9e se sent offens\u00e9e. Ainsi, il est de coutume de laisser diverses offrandes aupr\u00e8s des fontaines, tels que guirlandes de fleurs, \u00e9pingles ou tessons de bouteilles, qui sont pour les f\u00e9es des eaux, de v\u00e9ritables tr\u00e9sors scintillants et miroitants dans l\u2019eau.<\/p>\n<p style=\"text-align:center\"><strong>Collier inox articul\u00e9 asym\u00e9trique, compos\u00e9 d&#8217;une dizaine de fils inox de diam\u00e8tres diff\u00e9rents, soud\u00e9s argent et martel\u00e9s main. <\/strong><strong>En pi\u00e8ce centrale, un cabochon de tr\u00e8s belle qualit\u00e9 forme goutte serti griffe Labradorite, teinte bleue intense. <\/strong><strong>Le collier est mall\u00e9able, il peut se serrer et desserrer pour s&#8217;adapter au plus pr\u00e8s de votre cou. <\/strong><strong>Dimension du collier: 42 cm de long, cha\u00eenette de rallonge de 5 cm pour jouer sur la longueur.<\/strong><\/p>\n<p><strong>Dimension du cabochon: 3 cm par 2 cm.<\/strong><\/p>\n<p style=\"text-align:center\"><strong><strong><strong><strong>Style m\u00e9di\u00e9val fantastique et elfique, pi\u00e8ce unique!!<\/strong><\/strong><\/strong><\/strong><strong><\/strong><\/p>\n<hr>\n<div class=\"text-wrap tlid-copy-target\" style=\"text-align:center\"><span class=\"tlid-translation translation\" lang=\"en\"><span class=\"tlid-translation translation\" lang=\"en\"><strong>&#8220;The naive and astonished word from the Borghese, when asked how she could have posed naked in front of Canova:&#8221; but the workshop was hot! There was a stove! &#8220;<\/strong><\/span><\/span><\/p>\n<p><strong>Les Diaboliques, Barbey d&#8217;Aurevilly.<\/strong>\n<\/div>\n<div style=\"text-align:center\"><strong>Collection inspired by women, fictitious or historical who, rightly or wrongly, have aroused accusations and calumnies and marked History or stories by their sulphurous personality &#8230;..<\/strong>\n<\/div>\n<div>\n<\/div>\n<div class=\"text-wrap tlid-copy-target\" style=\"text-align:center\">Undines are nymphs or naiads. Unlike mermaids, nymphs do not frequent the sea, but running waters, rivers, and fountains, and they do not have fish tails. During the summer, they like to sit at the water&#8217;s edge and comb their long hair with gold or ivory combs. They also enjoy bathing in waterfalls, ponds, and rivers on radiant summer days. Those with golden hair are said to possess great treasures, which they guard in their beautiful submerged palaces.<br \/>\nThe water supply to the fountains is attributed to the tears of undines, and the water dries up as soon as a fairy feels offended.  It is customary to leave various offerings near fountains, such as flower garlands, pins, or broken bottles, which are considered veritable treasures by the water fairies, sparkling and shimmering in the water.<\/p>\n<p>Asymmetrical articulated stainless steel necklace, composed of about ten stainless steel wires of varying diameters, silver-soldered and hand-hammered. The centerpiece is a high-quality drop-shaped cabochon set with a deep blue Labradorite prong. The necklace is malleable and can be tightened and loosened to fit your neck as closely as possible. Necklace dimensions: 42 cm long, with a 5 cm extension chain to adjust the length.<br \/>\nCabochon dimensions: 3 cm by 2 cm.<\/p>\n<p>Medieval fantasy and elven style, a unique piece!<\/p><\/div>\n","protected":false},"excerpt":{"rendered":"<p style=\"padding-left:40px;text-align:center\"><strong>Collier inox serti Labradorite, d\u2019inspiration celtique.<\/strong><\/p>\n<p><strong><\/strong><\/p>\n<hr>\n<div class=\"text-wrap tlid-copy-target\">\n<div class=\"result-shield-container tlid-copy-target\" style=\"text-align:center\">\n<div class=\"text-wrap tlid-copy-target\">\n<div class=\"result-shield-container tlid-copy-target\" style=\"text-align:left\"><span class=\"tlid-translation translation\" lang=\"en\"><span class=\"\" title=\"\"><strong>Stainless steel necklace with labradorite setting, of celt inspiration.<\/strong><\/span><\/span><\/div>\n<\/div>\n<div class=\"tlid-result-transliteration-container result-transliteration-container transliteration-container\">\n<div class=\"tlid-transliteration-content transliteration-content full\"><\/div>\n<\/div>\n<p><span class=\"tlid-translation translation\" lang=\"en\"><span class=\"\" title=\"\"><strong> <\/strong><\/span><\/span><\/div>\n<\/div>\n<div class=\"tlid-result-transliteration-container result-transliteration-container transliteration-container\">\n<div class=\"tlid-transliteration-content transliteration-content full\"><\/div>\n<\/div>\n<div class=\"result-footer source-or-target-footer tlid-copy-target\"><\/div>\n","protected":false},"featured_media":6133,"comment_status":"open","ping_status":"closed","template":"","meta":[],"product_brand":[],"product_cat":[15],"product_tag":[31],"class_list":{"0":"post-6129","1":"product","2":"type-product","3":"status-publish","4":"has-post-thumbnail","6":"product_cat-diaboliques","7":"product_tag-collier","8":"pa_ambiance-antique","9":"pa_ambiance-art-nouveau","10":"pa_ambiance-baroque","11":"pa_ambiance-elfique","12":"pa_ambiance-feerique","13":"pa_ambiance-gothique","14":"pa_ambiance-grece-antique","15":"pa_ambiance-victorien","16":"pa_matiere-inox","17":"pa_ornement-labradorite","18":"pa_ornement-labradorite-bleue","19":"pa_ornement-labradorite-doree","20":"pa_ornement-labradorite-verte","21":"pa_ornement-pierre-semi","23":"first","24":"outofstock","25":"sold-individually","26":"shipping-taxable","27":"purchasable","28":"product-type-simple"},"translation":{"provider":"WPGlobus","version":"3.0.2","language":"en","enabled_languages":["fr","en"],"languages":{"fr":{"title":true,"content":true,"excerpt":true},"en":{"title":false,"content":false,"excerpt":false}}},"jetpack-related-posts":[],"jetpack_sharing_enabled":true,"_links":{"self":[{"href":"https:\/\/www.altisfain.com\/en\/wp-json\/wp\/v2\/product\/6129","targetHints":{"allow":["GET"]}}],"collection":[{"href":"https:\/\/www.altisfain.com\/en\/wp-json\/wp\/v2\/product"}],"about":[{"href":"https:\/\/www.altisfain.com\/en\/wp-json\/wp\/v2\/types\/product"}],"replies":[{"embeddable":true,"href":"https:\/\/www.altisfain.com\/en\/wp-json\/wp\/v2\/comments?post=6129"}],"wp:featuredmedia":[{"embeddable":true,"href":"https:\/\/www.altisfain.com\/en\/wp-json\/wp\/v2\/media\/6133"}],"wp:attachment":[{"href":"https:\/\/www.altisfain.com\/en\/wp-json\/wp\/v2\/media?parent=6129"}],"wp:term":[{"taxonomy":"product_brand","embeddable":true,"href":"https:\/\/www.altisfain.com\/en\/wp-json\/wp\/v2\/product_brand?post=6129"},{"taxonomy":"product_cat","embeddable":true,"href":"https:\/\/www.altisfain.com\/en\/wp-json\/wp\/v2\/product_cat?post=6129"},{"taxonomy":"product_tag","embeddable":true,"href":"https:\/\/www.altisfain.com\/en\/wp-json\/wp\/v2\/product_tag?post=6129"}],"curies":[{"name":"wp","href":"https:\/\/api.w.org\/{rel}","templated":true}]}}