{"id":6122,"date":"2025-06-26T10:14:04","date_gmt":"2025-06-26T08:14:04","guid":{"rendered":"https:\/\/www.altisfain.com\/?post_type=product&#038;p=6122"},"modified":"2025-11-27T15:42:28","modified_gmt":"2025-11-27T14:42:28","slug":"collier-inox-les-passages-celestes-le-sabbat-amethyste","status":"publish","type":"product","link":"https:\/\/www.altisfain.com\/en\/boutique\/les-passages-celestes\/collier-inox-les-passages-celestes-le-sabbat-amethyste\/","title":{"rendered":"Collier inox &#8220;les Passages C\u00e9lestes: le Sabbat&#8221; Am\u00e9thyste"},"content":{"rendered":"<p style=\"text-align:left\"><strong>\u201cSi la vie n&#8217;est qu&#8217;un passage, sur ce passage au moins semons des fleurs.\u201d<\/strong><\/p>\n<p><strong>Montaigne<\/strong><\/p>\n<p style=\"text-align:center\"><strong>\u00ab Les Passages C\u00e9lestes \u00bb est une collection inspir\u00e9e des diff\u00e9rents portes conduisant \u00e0 des univers oniriques mais aussi personnels, des voies qui m\u00e8nent \u00e0 la pleine conscience de soi et du monde. Ces passerelles nous transportent vers des havres supr\u00eames, des finalit\u00e9s plus hautes, des buts ultimes. Ils touchent l&#8217;Histoire, la Spiritualit\u00e9, le Fantastique. Empruntons ces passages et nous entrons dans des contr\u00e9es intimes et fantaisistes.<\/strong>.<\/p>\n<p style=\"text-align:center\">Selon la tradition, les contes, les l\u00e9gendes, le \u00ab sabbat des sorci\u00e8res \u00bb est c\u00e9l\u00e9br\u00e9 dans une clairi\u00e8re, une lande, \u00e0 un carrefour, de nuit dans un endroit d\u00e9sert, pr\u00e8s d\u2019une source ou d&#8217;une fontaine, ou en un lieu offrant une particularit\u00e9 topographique, tel qu\u2019un sommet de colline, un rocher ou un amas de pierres, ou encore un lieu connu depuis la pr\u00e9histoire, comme un dolmen, ou simplement un grand arbre s\u00e9culaire, toujours dans la nature et en contact avec elle. Le sabbat (des sorci\u00e8res) n\u2019a pas particuli\u00e8rement lieu le samedi mais plut\u00f4t \u00e0 la veille des f\u00eates chr\u00e9tiennes. Dans la tradition la plus ancienne, il semble m\u00eame qu\u2019il ait eu lieu plut\u00f4t dans la nuit du jeudi au vendredi. Les solstices ou les \u00e9quinoxes sont des dates importantes, comme le 2 f\u00e9vrier (correspondant \u00e0 la chandeleur), le 1er mai ou le 1er novembre.<br \/>\nAvec les d\u00e9buts de l\u2019agriculture se d\u00e9veloppent les cultes agraires li\u00e9s \u00e0 la fertilit\u00e9, qui perdureront durant toute l\u2019antiquit\u00e9 et nous sont assez bien connus. Les f\u00eates en l\u2019honneur de Dionysos, les Bacchanales (voir aussi : Bacchantes), les lupercales sont en quelque sorte autant de prototypes antiques de ce que sera le sabbat sorcier, ou plut\u00f4t l&#8217;esba(t), du Moyen \u00c2ge. L\u2019on y arrive alors avant minuit pour partir \u00e0 l\u2019aube.<\/p>\n<p style=\"text-align:center\"><strong><strong> <\/strong><\/strong><strong>Collier inox ambiance elfique, serti Am\u00e9thyste, d\u00e9cor d&#8217;entrelacs elfiques. Cabochon de tr\u00e8s belle qualit\u00e9 forme ovale aux reflets violets profonds. Tour de cou de 40 \u00e0 45 cm de long, avec chainette de rallonge termin\u00e9 par un entrelacs, afin de jouer sur la longueur du collier. Dimensions du cabochon: 3,5 cm par 2,2 cm.<\/strong><\/p>\n<p style=\"text-align:center\">Pendentif infiniment elfique et mystique!!<\/p>\n<hr>\n<p style=\"text-align:center\">&#8220;If life is only a passage, on this passage at least sow flowers.&#8221;<\/p>\n<p>Montaigne<\/p>\n<p style=\"text-align:center\">&#8220;The heavenly passages&#8221; is a collection inspired by the different doors leading to dreamlike but also personal worlds, paths that lead to the full awareness of oneself and the world. These bridges carry us to supreme havens, higher ends, ultimate goals. They touch History, Spirituality, Fantasy. Let&#8217;s take these passages and we enter intimate and fanciful countries.<\/p>\n<p style=\"text-align:center\">According to tradition, tales, and legends, the &#8220;Witches&#8217; Sabbath&#8221; is celebrated in a clearing, a moor, at a crossroads, at night in a deserted place, near a spring or fountain, or in a location with a particular topographical feature, such as a hilltop, a rock, or a pile of stones, or even a place known since prehistoric times, such as a dolmen, or simply a large, ancient tree, always in nature and in contact with it. The (Witches&#8217;) Sabbath does not specifically take place on Saturdays but rather on the eve of Christian holidays. In the oldest tradition, it even seems to have taken place on the night of Thursday to Friday. The solstices or equinoxes are important dates, such as February 2 (corresponding to Candlemas), May 1, or November 1.  With the beginnings of agriculture, agrarian cults linked to fertility developed, which lasted throughout antiquity and are quite well known to us. The festivals in honor of Dionysus, the Bacchanalia (see also: Bacchae), and the Lupercalia are in some ways ancient prototypes of what would become the witches&#8217; sabbath, or rather the esba(t), of the Middle Ages. People arrive there before midnight and leave at dawn.<\/p>\n<p>Stainless steel necklace with an elven atmosphere, set with amethyst, decorated with elven interlacing. Very high-quality oval cabochon with deep purple highlights. Necklace length: 40 to 45 cm, with an extension chain ending in an interlacing, to play with the length of the necklace. Cabochon dimensions: 3.5 cm by 2.2 cm.<\/p>\n","protected":false},"excerpt":{"rendered":"<p style=\"text-align:center\"><strong>Collier esprit elfique et celtique, serti Am\u00e9thyste. <\/strong><\/p>\n<p style=\"text-align:center\"><strong>Infiniment mystique et onirique!<\/strong><\/p>\n<hr>\n<p style=\"text-align:center\"><span class=\"tlid-translation translation\" lang=\"en\"><span class=\"\" title=\"\"><strong>Elven and Celtic spirit necklace, set with Amethyst.<\/strong><\/span><\/span><\/p>\n<p style=\"text-align:center\"><span title=\"\"><strong>Infinitely mystical and dreamlike!<\/strong><\/span><\/p>\n","protected":false},"featured_media":6126,"comment_status":"open","ping_status":"closed","template":"","meta":[],"product_brand":[],"product_cat":[130],"product_tag":[31],"class_list":{"0":"post-6122","1":"product","2":"type-product","3":"status-publish","4":"has-post-thumbnail","6":"product_cat-les-passages-celestes","7":"product_tag-collier","8":"pa_ambiance-baroque","9":"pa_ambiance-celtique","10":"pa_ambiance-elfique","11":"pa_ambiance-feerique","12":"pa_ambiance-mystique","13":"pa_ambiance-victorien","14":"pa_matiere-inox","15":"pa_ornement-labradorite","16":"pa_ornement-labradorite-bleue","17":"pa_ornement-labradorite-verte","18":"pa_ornement-pierre-semi","20":"first","21":"instock","22":"featured","23":"shipping-taxable","24":"purchasable","25":"product-type-simple"},"translation":{"provider":"WPGlobus","version":"3.0.2","language":"en","enabled_languages":["fr","en"],"languages":{"fr":{"title":true,"content":true,"excerpt":true},"en":{"title":false,"content":false,"excerpt":false}}},"jetpack-related-posts":[],"jetpack_sharing_enabled":true,"_links":{"self":[{"href":"https:\/\/www.altisfain.com\/en\/wp-json\/wp\/v2\/product\/6122","targetHints":{"allow":["GET"]}}],"collection":[{"href":"https:\/\/www.altisfain.com\/en\/wp-json\/wp\/v2\/product"}],"about":[{"href":"https:\/\/www.altisfain.com\/en\/wp-json\/wp\/v2\/types\/product"}],"replies":[{"embeddable":true,"href":"https:\/\/www.altisfain.com\/en\/wp-json\/wp\/v2\/comments?post=6122"}],"wp:featuredmedia":[{"embeddable":true,"href":"https:\/\/www.altisfain.com\/en\/wp-json\/wp\/v2\/media\/6126"}],"wp:attachment":[{"href":"https:\/\/www.altisfain.com\/en\/wp-json\/wp\/v2\/media?parent=6122"}],"wp:term":[{"taxonomy":"product_brand","embeddable":true,"href":"https:\/\/www.altisfain.com\/en\/wp-json\/wp\/v2\/product_brand?post=6122"},{"taxonomy":"product_cat","embeddable":true,"href":"https:\/\/www.altisfain.com\/en\/wp-json\/wp\/v2\/product_cat?post=6122"},{"taxonomy":"product_tag","embeddable":true,"href":"https:\/\/www.altisfain.com\/en\/wp-json\/wp\/v2\/product_tag?post=6122"}],"curies":[{"name":"wp","href":"https:\/\/api.w.org\/{rel}","templated":true}]}}