{"id":612,"date":"2018-03-06T02:19:17","date_gmt":"2018-03-06T01:19:17","guid":{"rendered":"http:\/\/www.altisfain.com\/?post_type=product&#038;p=612"},"modified":"2019-10-20T22:50:45","modified_gmt":"2019-10-20T20:50:45","slug":"bracelet-conte-la-belle-au-bois-dormant-feuilles-orme","status":"publish","type":"product","link":"https:\/\/www.altisfain.com\/en\/boutique\/conte\/bracelet-conte-la-belle-au-bois-dormant-feuilles-orme\/","title":{"rendered":"Bracelet Conte &#8220;La Belle au Bois Dormant&#8221; feuilles Orme"},"content":{"rendered":"<p style=\"text-align: center;\">&#8220;La vie ressemble \u00e0 un conte ; ce qui importe, ce n&#8217;est pas sa longueur, mais sa valeur.&#8221;<br \/>\nS\u00e9n\u00e8que.<\/p>\n<p style=\"text-align: center;\">&#8220;La Belle au Bois Dormant&#8221; est un conte de Charles Perrault.<\/p>\n<p style=\"text-align: center;\"><b>Bracelet inox modulable, se porte soit sur le coup de poignet, soit sur le milieu de l&#8217;avant-bras.<br \/>\nInox type alimentaire, mall\u00e9able, permettant de desserrer et resserrer \u00e0 volont\u00e9.<br \/>\nFeuilles d&#8217;orme martel\u00e9es et fils inox travaill\u00e9s en entrelacs, martel\u00e9s et soud\u00e9s argent.<br \/>\nDimension des feuilles: 3 cm par 2 cm.<\/b><\/p>\n<p style=\"text-align: center;\"><strong>Bracelet \u00e9perdument elfique!!<\/strong><\/p>\n<p style=\"text-align: center;\"><strong>Peut \u00eatre r\u00e9alis\u00e9 en laiton verni satin haute r\u00e9sistance.<\/strong><\/p>\n<hr \/>\n<p><span class=\"tlid-translation translation\" lang=\"en\"><span title=\"\">&#8220;Life is like a tale, what matters is not its length, but its value.&#8221;<\/span><br \/>\n<span class=\"\" title=\"\">Seneca.<\/span><\/p>\n<p><span title=\"\">&#8220;The Sleeping Beauty&#8221; is a tale by Charles Perrault.<\/span><\/p>\n<p><strong><span title=\"\">Adjustable stainless steel bracelet, worn on the wrist or on the middle of the forearm.<\/span><\/strong><br \/>\n<strong><span title=\"\">Inox type food, malleable, allowing to loosen and tighten at will.<\/span><\/strong><br \/>\n<strong><span title=\"\">Hammered elm leaves and stainless steel threads worked in interlacing, hammered and silver welded.<\/span><\/strong><br \/>\n<strong><span title=\"\">Size of the leaves: 3 cm by 2 cm.<\/span><\/strong><\/p>\n<p><strong><span title=\"\">Desperately Elvish Bracelet !!<\/span><\/strong><\/p>\n<p><strong><span title=\"\">Can be made of high resistance satin varnished brass.<\/span><\/strong><\/span><\/p>\n","protected":false},"excerpt":{"rendered":"<p style=\"text-align: center;\"><strong>Bracelet inox r\u00e9glable avec deux feuilles d&#8217;orme et entrelacs, tr\u00e8s elfique et f\u00e9\u00e9rique.<\/strong><\/p>\n<hr \/>\n<p style=\"text-align: center;\"><strong><span class=\"tlid-translation translation\" lang=\"en\"><span class=\"\" title=\"\">Adjustable stainless steel bracelet with two elm leaves and tracery, very Elvish and magical.<\/span><\/span><\/strong><\/p>\n","protected":false},"featured_media":613,"comment_status":"open","ping_status":"closed","template":"","meta":[],"product_brand":[],"product_cat":[29],"product_tag":[33],"class_list":{"0":"post-612","1":"product","2":"type-product","3":"status-publish","4":"has-post-thumbnail","6":"product_cat-conte","7":"product_tag-bracelet","8":"pa_ambiance-bucolique","9":"pa_ambiance-celtique","10":"pa_ambiance-elfique","11":"pa_ambiance-feerique","12":"pa_ambiance-vegetal","13":"pa_feuille-orme","14":"pa_matiere-inox","15":"pa_matiere-laiton","17":"first","18":"instock","19":"featured","20":"shipping-taxable","21":"purchasable","22":"product-type-variable"},"translation":{"provider":"WPGlobus","version":"3.0.2","language":"en","enabled_languages":["fr","en"],"languages":{"fr":{"title":true,"content":true,"excerpt":true},"en":{"title":false,"content":false,"excerpt":false}}},"jetpack-related-posts":[],"jetpack_sharing_enabled":true,"_links":{"self":[{"href":"https:\/\/www.altisfain.com\/en\/wp-json\/wp\/v2\/product\/612","targetHints":{"allow":["GET"]}}],"collection":[{"href":"https:\/\/www.altisfain.com\/en\/wp-json\/wp\/v2\/product"}],"about":[{"href":"https:\/\/www.altisfain.com\/en\/wp-json\/wp\/v2\/types\/product"}],"replies":[{"embeddable":true,"href":"https:\/\/www.altisfain.com\/en\/wp-json\/wp\/v2\/comments?post=612"}],"wp:featuredmedia":[{"embeddable":true,"href":"https:\/\/www.altisfain.com\/en\/wp-json\/wp\/v2\/media\/613"}],"wp:attachment":[{"href":"https:\/\/www.altisfain.com\/en\/wp-json\/wp\/v2\/media?parent=612"}],"wp:term":[{"taxonomy":"product_brand","embeddable":true,"href":"https:\/\/www.altisfain.com\/en\/wp-json\/wp\/v2\/product_brand?post=612"},{"taxonomy":"product_cat","embeddable":true,"href":"https:\/\/www.altisfain.com\/en\/wp-json\/wp\/v2\/product_cat?post=612"},{"taxonomy":"product_tag","embeddable":true,"href":"https:\/\/www.altisfain.com\/en\/wp-json\/wp\/v2\/product_tag?post=612"}],"curies":[{"name":"wp","href":"https:\/\/api.w.org\/{rel}","templated":true}]}}