{"id":6113,"date":"2025-06-24T10:07:53","date_gmt":"2025-06-24T08:07:53","guid":{"rendered":"https:\/\/www.altisfain.com\/?post_type=product&#038;p=6113"},"modified":"2025-11-23T11:46:36","modified_gmt":"2025-11-23T10:46:36","slug":"collier-laiton-dore-les-diaboliques-shae-labradorite","status":"publish","type":"product","link":"https:\/\/www.altisfain.com\/en\/boutique\/diaboliques\/collier-laiton-dore-les-diaboliques-shae-labradorite\/","title":{"rendered":"Collier laiton dor\u00e9 &#8220;Les Diaboliques: Shae&#8221; Labradorite"},"content":{"rendered":"<p style=\"padding-left:40px\">&#8220;Le mot na\u00eff et \u00e9tonn\u00e9 de la Borgh\u00e8se, quand on lui demanda comment elle avait bien pu poser nue devant Canova: \u00abmais l&#8217;atelier \u00e9tait chaud! il y avait un po\u00eale!\u00bb&#8221;<\/p>\n<p>Les Diaboliques, Barbey d&#8217;Aurevilly.<\/p>\n<p style=\"text-align:center\">Collection inspir\u00e9e de femmes, fictives ou historiques qui, \u00e0 tord ou \u00e0 raison, ont suscit\u00e9 accusations et calomnies et marqu\u00e9 l&#8217;Histoire ou les histoires par leur personnalit\u00e9 sulfureuse&#8230;<\/p>\n<p style=\"text-align:center\">Shae est une prostitu\u00e9e que Tyrion Lannister prend \u00e0 son service personnel. Sophistiqu\u00e9e, rac\u00e9e, elle a beaucoup de personnalit\u00e9 et malgr\u00e9 sa condition, elle entend se hisser \u00e0 une meilleure place dans la soci\u00e9t\u00e9 et sa bat pour \u00e7a. Jalouse, calculatrice, on pourrait sur bien des points la comparer \u00e0 l&#8217;imp\u00e9ratrice Th\u00e9odora. On ignore tout de cette femme qui refuse de parler de sa famille et de son pass\u00e9 malgr\u00e9 les questions de Tyrion. Celui-ci l&#8217;emm\u00e8ne \u00e0 Port-R\u00e9al (malgr\u00e9 l&#8217;interdiction de son p\u00e8re) o\u00f9 il est envoy\u00e9 par Tywin Lannister afin d&#8217;occuper la fonction de Main du Roi. Tyrion s&#8217;attache de plus en plus \u00e0 elle, en tombe amoureux et finit par lui trouver un poste de cam\u00e9riste \u00e0 la Cour. Elle sera la servante de Sansa et on la verra prot\u00e9ger la jeune Stark de nombreuses fois. N\u00e9anmoins, durant le proc\u00e8s de Tyrion qui est accus\u00e9 d&#8217;avoir assassin\u00e9 Joffrey Baratheon, Shae (cens\u00e9e \u00eatre tr\u00e8s loin de Port-R\u00e9al) t\u00e9moigne contre lui. Quand Tyrion est lib\u00e9r\u00e9 de sa cellule, il parcourt les passages secrets du Donjon Rouge et d\u00e9couvre Shae, nue, dans la chambre de son p\u00e8re; il l&#8217;\u00e9trangle.<\/p>\n<p style=\"text-align:center\"><strong>Collier plastron laiton premier titre vernis satin\u00e9 hypoallergenique et haute r\u00e9sistance , serti Labradorite. En pi\u00e8ce centrale du plastron, un cabochon de tr\u00e8s belle qualit\u00e9 forme ovale serti griffe Labradorite aux reflets myst\u00e9rieux de bleu, vert et or<\/strong>. <strong>Le collier en base est un plastron d\u00e9cor\u00e9 de motifs entrelacs sym\u00e9triques .<\/strong> <strong>Dimension du collier: 40 cm de tour de cou. Dimension du cabochon de plastron : 3,2 cm par 2,4 cm . Dimensions du plastron: 7,5 m par 11,5 cm.<\/strong><\/p>\n<p style=\"text-align:center\"><strong>Style elfique et Art nouveau, pi\u00e8ce uniqu<\/strong>e!!<\/p>\n<hr>\n<div class=\"text-wrap tlid-copy-target\" style=\"text-align:center\"><span class=\"tlid-translation translation\" lang=\"en\"><span class=\"tlid-translation translation\" lang=\"en\"><strong>&#8220;The naive and astonished word from the Borghese, when asked how she could have posed naked in front of Canova:&#8221; but the workshop was hot! There was a stove! &#8220;<\/strong><\/span><\/span><\/p>\n<p><strong>Les Diaboliques, Barbey d&#8217;Aurevilly<\/strong>\n<\/div>\n<div style=\"text-align:center\"><strong>Collection inspired by women, fictitious or historical who, rightly or wrongly, have aroused accusations and calumnies and marked History or stories by their sulphurous personality &#8230;..<\/strong><\/p>\n<p>Shae is a prostitute that Tyrion Lannister takes into his personal service. Sophisticated and classy, she has a lot of personality and despite her condition, she intends to rise to a better place in society and fights for it. Jealous, calculating, we could in many ways compare her to the Empress Theodora. We know nothing about this woman who refuses to talk about her family and her past despite Tyrion&#8217;s questions. He takes her to King&#8217;s Landing (despite his father&#8217;s prohibition) where he is sent by Tywin Lannister to take on the role of Hand of the King. Tyrion becomes more and more attached to her, falls in love with her and ends up finding her a position as a maid at Court. She will be Sansa&#8217;s handmaid and we see her protect the young Stark many times.  However, during Tyrion&#8217;s trial, who is accused of having assassinated Joffrey Baratheon, Shae (supposed to be very far from King&#8217;s Landing) testifies against him. When Tyrion is released from his cell, he walks through the secret passages of the Red Keep and discovers Shae, naked, in her father&#8217;s room; he strangles her.<\/p>\n<p>First-class brass bib necklace, satin varnish, hypoallergenic and high-strength, set with Labradorite. In the center of the bib, a very high-quality oval-shaped cabochon, claw-set with Labradorite, with mysterious reflections of blue, green, and gold. The base necklace is a bib decorated with symmetrical interlacing patterns. Necklace size: 40 cm around the neck. Bib cabochon size: 3.2 cm by 2.4 cm. Bib size: 7.5 m by 11.5 cm.<\/p>\n<p>Elven and Art Nouveau style, unique piece!!<\/p><\/div>\n","protected":false},"excerpt":{"rendered":"<p style=\"padding-left:40px;text-align:center\"><strong>Collier laiton serti Labradorite, d\u2019inspiration elfique.<\/strong><\/p>\n<hr>\n<div class=\"text-wrap tlid-copy-target\" style=\"text-align:center\">\n<div class=\"result-shield-container tlid-copy-target\" style=\"text-align:center\">\n<div class=\"text-wrap tlid-copy-target\" style=\"text-align:center\">\n<div class=\"result-shield-container tlid-copy-target\" style=\"text-align:center\"><strong>Stainless Steel <\/strong><span class=\"tlid-translation translation\" lang=\"en\" style=\"text-align:center\"><span class=\"\" title=\"\" style=\"text-align:center\"><strong>necklace with Labradorite setting, elven inspiration.<\/strong><\/span><\/span><\/div>\n<\/div>\n<\/div>\n<\/div>\n","protected":false},"featured_media":6114,"comment_status":"open","ping_status":"closed","template":"","meta":[],"product_brand":[],"product_cat":[15],"product_tag":[31],"class_list":{"0":"post-6113","1":"product","2":"type-product","3":"status-publish","4":"has-post-thumbnail","6":"product_cat-diaboliques","7":"product_tag-collier","8":"pa_ambiance-antique","9":"pa_ambiance-art-nouveau","10":"pa_ambiance-baroque","11":"pa_ambiance-elfique","12":"pa_ambiance-feerique","13":"pa_ambiance-gothique","14":"pa_ambiance-grece-antique","15":"pa_ambiance-victorien","16":"pa_matiere-laiton","17":"pa_ornement-labradorite","18":"pa_ornement-labradorite-bleue","19":"pa_ornement-labradorite-doree","20":"pa_ornement-pierre-semi","22":"first","23":"outofstock","24":"featured","25":"sold-individually","26":"shipping-taxable","27":"purchasable","28":"product-type-simple"},"translation":{"provider":"WPGlobus","version":"3.0.2","language":"en","enabled_languages":["fr","en"],"languages":{"fr":{"title":true,"content":true,"excerpt":true},"en":{"title":false,"content":false,"excerpt":false}}},"jetpack-related-posts":[],"jetpack_sharing_enabled":true,"_links":{"self":[{"href":"https:\/\/www.altisfain.com\/en\/wp-json\/wp\/v2\/product\/6113","targetHints":{"allow":["GET"]}}],"collection":[{"href":"https:\/\/www.altisfain.com\/en\/wp-json\/wp\/v2\/product"}],"about":[{"href":"https:\/\/www.altisfain.com\/en\/wp-json\/wp\/v2\/types\/product"}],"replies":[{"embeddable":true,"href":"https:\/\/www.altisfain.com\/en\/wp-json\/wp\/v2\/comments?post=6113"}],"wp:featuredmedia":[{"embeddable":true,"href":"https:\/\/www.altisfain.com\/en\/wp-json\/wp\/v2\/media\/6114"}],"wp:attachment":[{"href":"https:\/\/www.altisfain.com\/en\/wp-json\/wp\/v2\/media?parent=6113"}],"wp:term":[{"taxonomy":"product_brand","embeddable":true,"href":"https:\/\/www.altisfain.com\/en\/wp-json\/wp\/v2\/product_brand?post=6113"},{"taxonomy":"product_cat","embeddable":true,"href":"https:\/\/www.altisfain.com\/en\/wp-json\/wp\/v2\/product_cat?post=6113"},{"taxonomy":"product_tag","embeddable":true,"href":"https:\/\/www.altisfain.com\/en\/wp-json\/wp\/v2\/product_tag?post=6113"}],"curies":[{"name":"wp","href":"https:\/\/api.w.org\/{rel}","templated":true}]}}