{"id":6103,"date":"2025-06-24T09:42:55","date_gmt":"2025-06-24T07:42:55","guid":{"rendered":"https:\/\/www.altisfain.com\/?post_type=product&#038;p=6103"},"modified":"2025-06-24T10:50:05","modified_gmt":"2025-06-24T08:50:05","slug":"collier-laiton-aux-confins-des-mondes-yunkai-pyrite-a-plumes","status":"publish","type":"product","link":"https:\/\/www.altisfain.com\/en\/boutique\/confins-monde\/collier-laiton-aux-confins-des-mondes-yunkai-pyrite-a-plumes\/","title":{"rendered":"Collier laiton &#8220;Aux Confins des Mondes: Yunka\u00ef&#8221; Pyrite \u00e0 plumes"},"content":{"rendered":"<p style=\"text-align:center\">&#8220;Nous go\u00fbtions la fra\u00eecheur, l&#8217;odeur, l&#8217;humidit\u00e9 qui renouvelaient notre chair. Nous \u00e9tions perdus aux confins du monde, car nous savions d\u00e9j\u00e0 que voyager c&#8217;est avant tout changer de chair.&#8221;<\/p>\n<p>Saint-Exup\u00e9ry.<\/p>\n<p style=\"text-align:center\">Yunka\u00ef est situ\u00e9e dans la Baie des Serfs. Elle est au nord d&#8217;Astapor et au sud de Meereen, les deux autres cit\u00e9-\u00e9tats de la Baie des Serfs. Yunka\u00ef est une ville construite en pierre jaune sur une colline. Elle est entour\u00e9e d&#8217;une muraille divis\u00e9e en plusieurs murs courts avec \u00e0 chaque extr\u00e9mit\u00e9 une tour. Elle a une entr\u00e9e principale et une porte arri\u00e8re plus discr\u00e8te. Au sommet de la ville se trouvent deux grandes pyramides dont l&#8217;une surmont\u00e9e d&#8217;une harpie, et du pied des pyramides jusqu&#8217;\u00e0 la muraille, il y a plusieurs b\u00e2timents plus ou moins importants. La ville est gouvern\u00e9e par des marchands d&#8217;esclaves appel\u00e9s \u00ab les Judicieux \u00bb. La ville pratique l&#8217;esclavagisme et est r\u00e9put\u00e9e pour ses esclaves concubins.<\/p>\n<p style=\"text-align:center\"><strong>Collier laiton sym\u00e9trique avec d\u00e9cor de fils style art nouveau et antique.<\/strong> <b>La pierre est un cabochon de forme goutte, de tr\u00e8s belle qualit\u00e9 avec des teintes grises, noires et inclusions de pyrite. <\/b><b>Le m\u00e9tal utilis\u00e9 est un laiton premier titre, poli, bross\u00e9 et vernis satin. <\/b><b>Le tour de cou se termine par un mousqueton et une chainette de rallonge agr\u00e9ment\u00e9e d\u2019une perle d&#8217; h\u00e9matite. Cela permet de jouer sur la longueur du collier et ajoute \u00e0 l\u2019ensemble une coh\u00e9rence harmonieuse. Dimension du cabochon: 4,2 cm par 2,4 cm. Dimension du collier : 9,5 cm par 7.5 cm.<\/b><\/p>\n<p style=\"text-align:center\"><b>Collier infiniment antique et Art d\u00e9co!!<\/b><\/p>\n<hr>\n<p style=\"text-align:center\">&#8220;We taste the freshness, odor, moisture which renew our flesh. We were lost to the confines of the world, because we already knew that traveling is all about change of flesh.&#8221;<\/p>\n<p>Saint-Exup\u00e9ry.<\/p>\n<p style=\"text-align:center\">Yunkai is located in Slaver&#8217;s Bay. It is north of Astapor and south of Meereen, the other two city-states in Slaver&#8217;s Bay. Yunkai is a city built of yellow stone on a hill. It is surrounded by a wall divided into several short walls with a tower at each end. It has a main entrance and a more discreet back gate. At the top of the city are two large pyramids, one of which is surmounted by a harpy. From the base of the pyramids to the wall, there are several buildings of varying importance. The city is ruled by slave traders called &#8220;the Wise.&#8221; The city practices slavery and is renowned for its concubine slaves.<\/p>\n<p>Symmetrical brass necklace with Art Nouveau and Antique style wire decoration. The stone is a drop-shaped cabochon of very fine quality with gray and black hues and pyrite inclusions.  The metal used is first-grade brass, polished, brushed, and satin-varnished. The necklace ends with a lobster clasp and an extension chain adorned with a hematite bead. This allows for a playful twist on the necklace&#8217;s length and adds a harmonious coherence to the overall look. Cabochon dimensions: 4.2 cm by 2.4 cm. Necklace dimensions: 9.5 cm by 7.5 cm.<\/p>\n<p>An infinitely antique and Art Deco necklace!<\/p>\n","protected":false},"excerpt":{"rendered":"<p style=\"padding-left:40px;text-align:center\"><strong>Collier plastron laiton, serti pyrite \u00e0 plumes, d\u2019inspiration onirique et mystique.<\/strong><\/p>\n<hr>\n<p><strong>B<\/strong><span class=\"tlid-translation translation\" lang=\"en\"><span class=\"\" title=\"\"><span class=\"VIiyi\" lang=\"en\"><span class=\"JLqJ4b ChMk0b\" data-language-for-alternatives=\"en\" data-language-to-translate-into=\"fr\" data-phrase-index=\"0\"><strong>rass necklace with Pyrite setting, dreamlike and magical inspiration.<\/strong><\/span><\/span><strong> <\/strong><\/span><\/span><\/p>\n","protected":false},"featured_media":6107,"comment_status":"open","ping_status":"closed","template":"","meta":[],"product_brand":[],"product_cat":[17],"product_tag":[31],"class_list":{"0":"post-6103","1":"product","2":"type-product","3":"status-publish","4":"has-post-thumbnail","6":"product_cat-confins-monde","7":"product_tag-collier","8":"pa_ambiance-elfique","9":"pa_ambiance-feerique","10":"pa_matiere-inox","11":"pa_ornement-labradorite","12":"pa_ornement-labradorite-bleue","13":"pa_ornement-labradorite-brune","14":"pa_ornement-labradorite-verte","15":"pa_ornement-pierre-semi","17":"first","18":"instock","19":"featured","20":"sold-individually","21":"shipping-taxable","22":"purchasable","23":"product-type-simple"},"translation":{"provider":"WPGlobus","version":"3.0.2","language":"en","enabled_languages":["fr","en"],"languages":{"fr":{"title":true,"content":true,"excerpt":true},"en":{"title":false,"content":false,"excerpt":false}}},"jetpack-related-posts":[],"jetpack_sharing_enabled":true,"_links":{"self":[{"href":"https:\/\/www.altisfain.com\/en\/wp-json\/wp\/v2\/product\/6103","targetHints":{"allow":["GET"]}}],"collection":[{"href":"https:\/\/www.altisfain.com\/en\/wp-json\/wp\/v2\/product"}],"about":[{"href":"https:\/\/www.altisfain.com\/en\/wp-json\/wp\/v2\/types\/product"}],"replies":[{"embeddable":true,"href":"https:\/\/www.altisfain.com\/en\/wp-json\/wp\/v2\/comments?post=6103"}],"wp:featuredmedia":[{"embeddable":true,"href":"https:\/\/www.altisfain.com\/en\/wp-json\/wp\/v2\/media\/6107"}],"wp:attachment":[{"href":"https:\/\/www.altisfain.com\/en\/wp-json\/wp\/v2\/media?parent=6103"}],"wp:term":[{"taxonomy":"product_brand","embeddable":true,"href":"https:\/\/www.altisfain.com\/en\/wp-json\/wp\/v2\/product_brand?post=6103"},{"taxonomy":"product_cat","embeddable":true,"href":"https:\/\/www.altisfain.com\/en\/wp-json\/wp\/v2\/product_cat?post=6103"},{"taxonomy":"product_tag","embeddable":true,"href":"https:\/\/www.altisfain.com\/en\/wp-json\/wp\/v2\/product_tag?post=6103"}],"curies":[{"name":"wp","href":"https:\/\/api.w.org\/{rel}","templated":true}]}}