{"id":6095,"date":"2025-06-24T09:16:29","date_gmt":"2025-06-24T07:16:29","guid":{"rendered":"https:\/\/www.altisfain.com\/?post_type=product&#038;p=6095"},"modified":"2025-06-24T10:47:20","modified_gmt":"2025-06-24T08:47:20","slug":"collier-inox-les-diaboliques-thetis-labradorite","status":"publish","type":"product","link":"https:\/\/www.altisfain.com\/en\/boutique\/diaboliques\/collier-inox-les-diaboliques-thetis-labradorite\/","title":{"rendered":"Collier inox &#8220;Les Diaboliques: Th\u00e9tis&#8221; Labradorite"},"content":{"rendered":"<p style=\"padding-left:40px\">&#8220;Le mot na\u00eff et \u00e9tonn\u00e9 de la Borgh\u00e8se, quand on lui demanda comment elle avait bien pu poser nue devant Canova: \u00abmais l&#8217;atelier \u00e9tait chaud! il y avait un po\u00eale!\u00bb&#8221;<\/p>\n<p>Les Diaboliques, Barbey d&#8217;Aurevilly.<\/p>\n<p style=\"text-align:center\">Collection inspir\u00e9e de femmes, fictives ou historiques qui, \u00e0 tord ou \u00e0 raison, ont suscit\u00e9 accusations et calomnies et marqu\u00e9 l&#8217;Histoire ou les histoires par leur personnalit\u00e9 sulfureuse&#8230;<\/p>\n<p style=\"text-align:center\">Th\u00e9tis \u00e9tait la fille de N\u00e9r\u00e9e et de Doris. Elle \u00e9tait une N\u00e9r\u00e9ide, divinit\u00e9 marine, et elle fut \u00e9lev\u00e9e par H\u00e9ra. Elle fut tr\u00e8s serviable envers les dieux. Reconnue pour sa gentillesse, elle \u00e9tait en plus tr\u00e8s belle, au point que Zeus et Pos\u00e9\u00efdon voulurent l&#8217;\u00e9pouser.<br \/>\nTh\u00e9mis ayant fait la pr\u00e9diction que le fils qu&#8217;elle mettrait au monde serait plus fort et plus grand que son p\u00e8re, les dieux la mari\u00e8rent \u00e0 un mortel du nom de P\u00e9l\u00e9e. Th\u00e9tis r\u00e9pugna \u00e0 cette union et s&#8217;enfuit. Pel\u00e9e la poursuivit et avec l&#8217;aide du Centaure Chiron il la rejoignit et finit par la conqu\u00e9rir. On avait oubl\u00e9 d&#8217;inviter \u00c9ris (La Discorde) qui pourtant vint \u00e0 la f\u00eate et lan\u00e7a une pomme d&#8217;or sur laquelle \u00e9tait inscrit &#8220;A la plus belle&#8221; et qui donnerait lieu ensuite \u00e0 la guerre de Troie!bIls eurent sept enfants. Th\u00e9tis tenta de les d\u00e9livrer de leur essence mortelle mais sans y r\u00e9ussir. Elle tenta de sauver l&#8217;un d&#8217;eux, Achille, qu&#8217;elle plongea dans le fleuve Styx en le tenant par un talon. Ce qui le rendit presque invuln\u00e9rable et elle le cacha \u00e0 la cour de Lycom\u00e8de roi de Scyros. Plus tard elle conseilla \u00e0 Achille de me pas combattre car on lui avait pr\u00e9dit la mort de son fils. Mais Achille n&#8217;ob\u00e9it pas et trouve la mort en recevant une fl\u00e8che dans le talon. Apr\u00e8s la mort d&#8217;Achille, Th\u00e9tis retourna trouver ses soeurs au fond de la mer.<\/p>\n<p style=\"text-align:center\"><strong>Collier inox articul\u00e9 sym\u00e9trique, compos\u00e9 d&#8217;une quinzaine de fils inox de diam\u00e8tres diff\u00e9rents, soud\u00e9s argent et martel\u00e9s main. En pi\u00e8ce centrale, un cabochon de tr\u00e8s belle qualit\u00e9 forme rectangulaire serti griffe Labradorite, teinte bleu verte stri\u00e9<\/strong>e. <strong>Une cha\u00eenette de rallonge termin\u00e9e par un entrelacs permet de jouer avec la longueur du collier.<\/strong> <strong>Dimension du collier: 40 cm de long, cha\u00eenette de rallonge de 5 cm pour jouer sur la longueur. Dimension du cabochon: 3,5 cm par 1 cm . Dimensions du motif central : 7.5 cm par 10,5 cm.<\/strong><\/p>\n<p style=\"text-align:center\"><strong>Style m\u00e9di\u00e9val fantastique et elfique, pi\u00e8ce unique!!<\/strong><\/p>\n<hr>\n<div class=\"text-wrap tlid-copy-target\" style=\"text-align:center\"><span class=\"tlid-translation translation\" lang=\"en\"><span class=\"tlid-translation translation\" lang=\"en\"><strong>&#8220;The naive and astonished word from the Borghese, when asked how she could have posed naked in front of Canova:&#8221; but the workshop was hot! There was a stove! &#8220;<\/strong><\/span><\/span><\/p>\n<p><strong>Les Diaboliques, Barbey d&#8217;Aurevilly<\/strong>\n<\/div>\n<div style=\"text-align:center\"><strong> <\/strong><\/p>\n<p><strong>Collection inspired by women, fictitious or historical who, rightly or wrongly, have aroused accusations and calumnies and marked History or stories by their sulphurous personality &#8230;..<\/strong><\/p>\n<p>Thetis was the daughter of Nereus and Doris. She was a Nereid, a sea deity, and was raised by Hera. She was very helpful to the gods. Known for her kindness, she was also very beautiful, so much so that Zeus and Poseidon wanted to marry her. Themis predicted that the son she would bear would be stronger and taller than his father, so the gods married her to a mortal named Peleus. Thetis was averse to this union and fled. Peleus pursued her and, with the help of the Centaur Chiron, reached her and eventually conquered her. They had forgotten to invite Eris (Discord), who nevertheless came to the party and threw a golden apple inscribed &#8220;To the fairest,&#8221; which would later lead to the Trojan War! They had seven children. Thetis tried to free them from their mortal essence but without success.  She tried to save one of them, Achilles, by plunging him into the River Styx, holding him by his heel. This made him nearly invulnerable, and she hid him at the court of Lycomedes, King of Scyros. Later, she advised Achilles not to fight, as he had been told that his son would die. But Achilles did not obey and was killed by an arrow in the heel. After Achilles&#8217; death, Thetis returned to find her sisters at the bottom of the sea.<\/p>\n<p>A symmetrical articulated stainless steel necklace, composed of about fifteen stainless steel wires of varying diameters, silver-soldered and hand-hammered. The centerpiece features a high-quality rectangular cabochon, claw-set with Labradorite, a striated blue-green hue. An extension chain ending in a knotwork pattern allows you to adjust the length of the necklace. Necklace dimensions: 40 cm long, with a 5 cm extension chain to adjust the length.  Cabochon size: 3.5 cm by 1 cm. Central motif size: 7.5 cm by 10.5 cm.<\/p>\n<p>Medieval fantasy and elven style, unique piece!<\/p><\/div>\n","protected":false},"excerpt":{"rendered":"<p style=\"padding-left:40px;text-align:center\"><strong>Collier inox serti Labradorite, d\u2019inspiration celtique.<\/strong><\/p>\n<hr>\n<div class=\"text-wrap tlid-copy-target\" style=\"text-align:center\">\n<div class=\"result-shield-container tlid-copy-target\" style=\"text-align:center\">\n<div class=\"text-wrap tlid-copy-target\" style=\"text-align:center\">\n<div class=\"result-shield-container tlid-copy-target\" style=\"text-align:center\"><span class=\"tlid-translation translation\" lang=\"en\" style=\"text-align:center\"><span class=\"\" title=\"\" style=\"text-align:center\"><strong>Stainless steel necklace with Ammonite setting, of celt inspiration.<\/strong><\/span><\/span><\/div>\n<\/div>\n<\/div>\n<\/div>\n","protected":false},"featured_media":6100,"comment_status":"open","ping_status":"closed","template":"","meta":[],"product_brand":[],"product_cat":[15],"product_tag":[31],"class_list":{"0":"post-6095","1":"product","2":"type-product","3":"status-publish","4":"has-post-thumbnail","6":"product_cat-diaboliques","7":"product_tag-collier","8":"pa_ambiance-antique","9":"pa_ambiance-art-nouveau","10":"pa_ambiance-baroque","11":"pa_ambiance-elfique","12":"pa_ambiance-feerique","13":"pa_ambiance-gothique","14":"pa_ambiance-grece-antique","15":"pa_ambiance-victorien","16":"pa_matiere-inox","17":"pa_ornement-labradorite","18":"pa_ornement-labradorite-bleue","19":"pa_ornement-labradorite-doree","20":"pa_ornement-labradorite-verte","21":"pa_ornement-pierre-semi","23":"first","24":"instock","25":"featured","26":"sold-individually","27":"shipping-taxable","28":"purchasable","29":"product-type-simple"},"translation":{"provider":"WPGlobus","version":"3.0.2","language":"en","enabled_languages":["fr","en"],"languages":{"fr":{"title":true,"content":true,"excerpt":true},"en":{"title":false,"content":false,"excerpt":false}}},"jetpack-related-posts":[],"jetpack_sharing_enabled":true,"_links":{"self":[{"href":"https:\/\/www.altisfain.com\/en\/wp-json\/wp\/v2\/product\/6095","targetHints":{"allow":["GET"]}}],"collection":[{"href":"https:\/\/www.altisfain.com\/en\/wp-json\/wp\/v2\/product"}],"about":[{"href":"https:\/\/www.altisfain.com\/en\/wp-json\/wp\/v2\/types\/product"}],"replies":[{"embeddable":true,"href":"https:\/\/www.altisfain.com\/en\/wp-json\/wp\/v2\/comments?post=6095"}],"wp:featuredmedia":[{"embeddable":true,"href":"https:\/\/www.altisfain.com\/en\/wp-json\/wp\/v2\/media\/6100"}],"wp:attachment":[{"href":"https:\/\/www.altisfain.com\/en\/wp-json\/wp\/v2\/media?parent=6095"}],"wp:term":[{"taxonomy":"product_brand","embeddable":true,"href":"https:\/\/www.altisfain.com\/en\/wp-json\/wp\/v2\/product_brand?post=6095"},{"taxonomy":"product_cat","embeddable":true,"href":"https:\/\/www.altisfain.com\/en\/wp-json\/wp\/v2\/product_cat?post=6095"},{"taxonomy":"product_tag","embeddable":true,"href":"https:\/\/www.altisfain.com\/en\/wp-json\/wp\/v2\/product_tag?post=6095"}],"curies":[{"name":"wp","href":"https:\/\/api.w.org\/{rel}","templated":true}]}}