{"id":6082,"date":"2025-03-25T22:19:37","date_gmt":"2025-03-25T21:19:37","guid":{"rendered":"https:\/\/www.altisfain.com\/?post_type=product&#038;p=6082"},"modified":"2025-03-26T11:32:47","modified_gmt":"2025-03-26T10:32:47","slug":"bague-inox-constellation-les-cometes-labradorite-bleue-naturelle","status":"publish","type":"product","link":"https:\/\/www.altisfain.com\/en\/boutique\/constellations\/bague-inox-constellation-les-cometes-labradorite-bleue-naturelle\/","title":{"rendered":"Bague inox  &#8220;Constellation: les Com\u00e8tes&#8221;- Labradorite bleue"},"content":{"rendered":"<p style=\"text-align:center\">Les \u00e2mes perdues seront \u00e9toiles filantes. Les \u00e2mes aimantes, elles, seront \u00e9toiles aimantes et aimant\u00e9es; elles formeront constellations.&#8221; Fran\u00e7ois Cheng.<\/p>\n<p>Petit corps du syst\u00e8me solaire externe compos\u00e9 de roches et de glace, la com\u00e8te se fait remarquer dans le ciel par son \u00e9clat diffus. En effet, lorsqu&#8217;une com\u00e8te s&#8217;approche du Soleil, la glace qu&#8217;elle contient se volatilise. Cette sublimation forme une queue spectaculaire.<\/p>\n<p>Bague inox taille 53, chaton serti Labradorite bleue stri\u00e9e de noir de tr\u00e8s belle qualit\u00e9 en forme goutte.Jong de 25 mm, dimension de la pierre: 1,8 cm par 1,5 cm.<\/p>\n<p>Esprit tr\u00e8s mystique et cosmique.<\/p>\n<hr>\n<p>Lost souls will be shooting stars. Loving souls will be loving and magnetized stars; they will form constellations.&#8221; Fran\u00e7ois Cheng.<\/p>\n<p>A small body in the outer solar system composed of rocks and ice, the comet stands out in the sky for its diffuse brightness. Indeed, when a comet approaches the Sun, the ice it contains vaporizes. This sublimation forms a spectacular tail.<\/p>\n<p>Stainless steel ring, size 53, bezel set with a very high-quality, drop-shaped, black-streaked blue labradorite. 25 mm band, stone size: 1.8 cm by 1.5 cm.<\/p>\n<p>Very mystical and cosmic spirit<\/p>\n","protected":false},"excerpt":{"rendered":"<p style=\"text-align:center\"><strong>Bague inox et serti Labradorite naturelle, ambiance elfique et \u00e9pur\u00e9e!<\/strong><\/p>\n<hr>\n<p style=\"text-align:center\"><span class=\"VIiyi\" lang=\"en\"><span class=\"JLqJ4b ChMk0b\" data-language-for-alternatives=\"en\" data-language-to-translate-into=\"fr\" data-phrase-index=\"0\"><strong>Stainless steel ring and natural Labradorite set, elven and refined atmosphere!<\/strong><\/span><\/span><\/p>\n","protected":false},"featured_media":6084,"comment_status":"open","ping_status":"closed","template":"","meta":[],"product_brand":[],"product_cat":[19],"product_tag":[32],"class_list":{"0":"post-6082","1":"product","2":"type-product","3":"status-publish","4":"has-post-thumbnail","6":"product_cat-constellations","7":"product_tag-bague","8":"product_shipping_class-colissimo-france-et-assurance","9":"pa_ambiance-art-nouveau","10":"pa_ambiance-elfique","11":"pa_ambiance-gothique","12":"pa_matiere-inox","13":"pa_ornement-pierre-de-lune","14":"pa_ornement-pierre-naturelle","16":"first","17":"instock","18":"sold-individually","19":"shipping-taxable","20":"purchasable","21":"product-type-simple"},"translation":{"provider":"WPGlobus","version":"3.0.2","language":"en","enabled_languages":["fr","en"],"languages":{"fr":{"title":true,"content":true,"excerpt":true},"en":{"title":false,"content":false,"excerpt":false}}},"jetpack-related-posts":[],"jetpack_sharing_enabled":true,"_links":{"self":[{"href":"https:\/\/www.altisfain.com\/en\/wp-json\/wp\/v2\/product\/6082","targetHints":{"allow":["GET"]}}],"collection":[{"href":"https:\/\/www.altisfain.com\/en\/wp-json\/wp\/v2\/product"}],"about":[{"href":"https:\/\/www.altisfain.com\/en\/wp-json\/wp\/v2\/types\/product"}],"replies":[{"embeddable":true,"href":"https:\/\/www.altisfain.com\/en\/wp-json\/wp\/v2\/comments?post=6082"}],"wp:featuredmedia":[{"embeddable":true,"href":"https:\/\/www.altisfain.com\/en\/wp-json\/wp\/v2\/media\/6084"}],"wp:attachment":[{"href":"https:\/\/www.altisfain.com\/en\/wp-json\/wp\/v2\/media?parent=6082"}],"wp:term":[{"taxonomy":"product_brand","embeddable":true,"href":"https:\/\/www.altisfain.com\/en\/wp-json\/wp\/v2\/product_brand?post=6082"},{"taxonomy":"product_cat","embeddable":true,"href":"https:\/\/www.altisfain.com\/en\/wp-json\/wp\/v2\/product_cat?post=6082"},{"taxonomy":"product_tag","embeddable":true,"href":"https:\/\/www.altisfain.com\/en\/wp-json\/wp\/v2\/product_tag?post=6082"}],"curies":[{"name":"wp","href":"https:\/\/api.w.org\/{rel}","templated":true}]}}