{"id":6068,"date":"2025-03-22T21:14:26","date_gmt":"2025-03-22T20:14:26","guid":{"rendered":"https:\/\/www.altisfain.com\/?post_type=product&#038;p=6068"},"modified":"2025-03-26T11:35:18","modified_gmt":"2025-03-26T10:35:18","slug":"bague-inox-constellation-les-cometes-labradorite","status":"publish","type":"product","link":"https:\/\/www.altisfain.com\/en\/boutique\/constellations\/bague-inox-constellation-les-cometes-labradorite\/","title":{"rendered":"Bague inox  &#8220;Constellation: les Com\u00e8tes&#8221;, Labradorite"},"content":{"rendered":"<p style=\"text-align:center\">&#8220;Les \u00e2mes perdues seront \u00e9toiles filantes. Les \u00e2mes aimantes, elles, seront \u00e9toiles aimantes et aimant\u00e9es; elles formeront constellations.&#8221; Fran\u00e7ois Cheng.<\/p>\n<p style=\"text-align:center\">Petit corps du syst\u00e8me solaire externe compos\u00e9 de roches et de glace, la com\u00e8te se fait remarquer dans le ciel par son \u00e9clat diffus. En effet, lorsqu&#8217;une com\u00e8te s&#8217;approche du Soleil, la glace qu&#8217;elle contient se volatilise. Cette sublimation forme une queue spectaculaire.<\/p>\n<p style=\"text-align:center\">Bague inox taille 58, chaton serti Labradorite de tr\u00e8s belle qualit\u00e9 en forme ronde et aux teintes bleues, dor\u00e9es et noires. Jong de 25 mm, dimension de la pierre:  1,5 cm de diam\u00e8tre.<\/p>\n<p style=\"text-align:center\">Esprit tr\u00e8s mystique et cosmique.<\/p>\n<hr>\n<p style=\"text-align:center\"><span class=\"VIiyi\" lang=\"en\"><span class=\"JLqJ4b\" data-language-for-alternatives=\"en\" data-language-to-translate-into=\"fr\" data-phrase-index=\"0\"><strong>&#8220;If life is only a passage, in this passage at least let us sow flowers.&#8221; Montaigne<\/strong><\/span><\/span><\/p>\n<p style=\"text-align:center\"><span class=\"VIiyi\" lang=\"en\"><span class=\"JLqJ4b\" data-language-for-alternatives=\"en\" data-language-to-translate-into=\"fr\" data-phrase-index=\"0\"><strong>\u201cLes Passages C\u00e9lestes\u201d is a collection inspired by the different doors leading to dreamlike but also personal universes, paths that lead to full awareness of oneself and the world. These bridges transport us to supreme havens, higher goals, ultimate goals. They touch on History, Spirituality, the Fantastic. Take these passages and we enter intimate and fanciful lands.<\/strong> <\/span><\/span><\/p>\n<p style=\"text-align:center\">Stainless steel ring size 58, bezel set with very good quality Labradorite in round shape and blue, gold and black color. Jong of 25 mm, stone size: 1.5 cm in diameter.<\/p>\n<p>Very mystical and cosmic spirit.<\/p>\n","protected":false},"excerpt":{"rendered":"<p style=\"text-align:center\"><strong>Bague inox et serti Labradorite naturelle, ambiance elfique et \u00e9pur\u00e9e!<\/strong><\/p>\n<hr>\n<p style=\"text-align:center\"><span class=\"VIiyi\" lang=\"en\"><span class=\"JLqJ4b ChMk0b\" data-language-for-alternatives=\"en\" data-language-to-translate-into=\"fr\" data-phrase-index=\"0\"><strong>Stainless steel ring and natural Labradorite set, elven and refined atmosphere!<\/strong><\/span><\/span><\/p>\n","protected":false},"featured_media":5723,"comment_status":"open","ping_status":"closed","template":"","meta":[],"product_brand":[],"product_cat":[19],"product_tag":[32],"class_list":{"0":"post-6068","1":"product","2":"type-product","3":"status-publish","4":"has-post-thumbnail","6":"product_cat-constellations","7":"product_tag-bague","8":"product_shipping_class-colissimo-france-et-assurance","9":"pa_ambiance-art-nouveau","10":"pa_ambiance-elfique","11":"pa_ambiance-gothique","12":"pa_matiere-inox","13":"pa_ornement-pierre-de-lune","14":"pa_ornement-pierre-naturelle","16":"first","17":"instock","18":"sold-individually","19":"shipping-taxable","20":"purchasable","21":"product-type-simple"},"translation":{"provider":"WPGlobus","version":"3.0.2","language":"en","enabled_languages":["fr","en"],"languages":{"fr":{"title":true,"content":true,"excerpt":true},"en":{"title":false,"content":false,"excerpt":false}}},"jetpack-related-posts":[],"jetpack_sharing_enabled":true,"_links":{"self":[{"href":"https:\/\/www.altisfain.com\/en\/wp-json\/wp\/v2\/product\/6068","targetHints":{"allow":["GET"]}}],"collection":[{"href":"https:\/\/www.altisfain.com\/en\/wp-json\/wp\/v2\/product"}],"about":[{"href":"https:\/\/www.altisfain.com\/en\/wp-json\/wp\/v2\/types\/product"}],"replies":[{"embeddable":true,"href":"https:\/\/www.altisfain.com\/en\/wp-json\/wp\/v2\/comments?post=6068"}],"wp:featuredmedia":[{"embeddable":true,"href":"https:\/\/www.altisfain.com\/en\/wp-json\/wp\/v2\/media\/5723"}],"wp:attachment":[{"href":"https:\/\/www.altisfain.com\/en\/wp-json\/wp\/v2\/media?parent=6068"}],"wp:term":[{"taxonomy":"product_brand","embeddable":true,"href":"https:\/\/www.altisfain.com\/en\/wp-json\/wp\/v2\/product_brand?post=6068"},{"taxonomy":"product_cat","embeddable":true,"href":"https:\/\/www.altisfain.com\/en\/wp-json\/wp\/v2\/product_cat?post=6068"},{"taxonomy":"product_tag","embeddable":true,"href":"https:\/\/www.altisfain.com\/en\/wp-json\/wp\/v2\/product_tag?post=6068"}],"curies":[{"name":"wp","href":"https:\/\/api.w.org\/{rel}","templated":true}]}}