{"id":6037,"date":"2024-11-06T22:46:06","date_gmt":"2024-11-06T21:46:06","guid":{"rendered":"https:\/\/www.altisfain.com\/?post_type=product&#038;p=6037"},"modified":"2025-04-07T21:42:42","modified_gmt":"2025-04-07T19:42:42","slug":"collier-inox-les-passages-celestes-le-miroir-de-galadriel-labradorite","status":"publish","type":"product","link":"https:\/\/www.altisfain.com\/en\/boutique\/les-passages-celestes\/collier-inox-les-passages-celestes-le-miroir-de-galadriel-labradorite\/","title":{"rendered":"Collier inox &#8220;les Passages C\u00e9lestes: le Miroir de Galadriel&#8221; Labradorite"},"content":{"rendered":"<p style=\"text-align:left\"><strong>\u201cSi la vie n&#8217;est qu&#8217;un passage, sur ce passage au moins semons des fleurs.\u201d<\/strong><\/p>\n<p><strong>Montaigne<\/strong><\/p>\n<p style=\"text-align:center\"><strong>\u00ab Les Passages C\u00e9lestes \u00bb est une collection inspir\u00e9e des diff\u00e9rents portes conduisant \u00e0 des univers oniriques mais aussi personnels, des voies qui m\u00e8nent \u00e0 la pleine conscience de soi et du monde. Ces passerelles nous transportent vers des havres supr\u00eames, des finalit\u00e9s plus hautes, des buts ultimes. Ils touchent l&#8217;Histoire, la Spiritualit\u00e9, le Fantastique. Empruntons ces passages et nous entrons dans des contr\u00e9es intimes et fantaisistes.<\/strong><\/p>\n<p style=\"text-align:center\">Le Miroir de Galadriel \u00e9tait un bassin d&#8217;argent rempli d&#8217;eau utilis\u00e9 dans le royaume elfique de Lothl\u00f3rien par Galadriel . [1] Le Miroir \u00e9tait utilis\u00e9 pour offrir au spectateur des choses du pass\u00e9, du pr\u00e9sent et des futurs possibles. Il pouvait montrer des images que le spectateur souhaitait voir, ou celles de son propre choix.<br \/>\nSon histoire est inconnue. Au cours de la premi\u00e8re ann\u00e9e de la Qu\u00eate de l&#8217;Anneau , avant la rupture de la Communaut\u00e9 , Frodon Sacquet regarda dans le Miroir et aper\u00e7ut, entre autres, des bribes de l&#8217;\u00c9puration de la Comt\u00e9 dans un futur lointain..<\/p>\n<p style=\"text-align:center\"><strong><strong> <\/strong><\/strong><strong>Collier inox ambiance elfique, serti Labradorite, d\u00e9cor d&#8217;entrelacs elfiques. Cabochon de tr\u00e8s belle qualit\u00e9 forme ovale aux reflets argent\u00e9s bleut\u00e9s. Tour de cou de 40 \u00e0 45 cm de long, avec chainette de rallonge termin\u00e9 par un entrelacs, afin de jouer sur la longueur du collier. Dimensions du cabochon: 3,5 cm par 2,7 cm.<\/strong><\/p>\n<p style=\"text-align:center\">Pendentif infiniment elfique et mystique!!<\/p>\n<hr>\n<p style=\"text-align:center\">&#8220;If life is only a passage, on this passage at least sow flowers.&#8221;<\/p>\n<p>Montaigne<\/p>\n<p style=\"text-align:center\">&#8220;The heavenly passages&#8221; is a collection inspired by the different doors leading to dreamlike but also personal worlds, paths that lead to the full awareness of oneself and the world. These bridges carry us to supreme havens, higher ends, ultimate goals. They touch History, Spirituality, Fantasy. Let&#8217;s take these passages and we enter intimate and fanciful countries.<\/p>\n<p style=\"text-align:center\">The Mirror of Galadriel was a silver basin filled with water used in the elven kingdom of Lothl\u00f3rien by Galadriel . [1] The Mirror was used to offer the viewer things from the past, present, and possible futures. It could show images the viewer wished to see, or those of their own choosing.<br \/>\nIts history is unknown. During the first year of the Quest for the Ring , before the breakup of the Fellowship , Frodo Baggins looked into the Mirror and saw, among other things, snippets of the Purging of the Shire in the distant future.<\/p>\n<p>Elven-style stainless steel necklace, set with Labradorite, decorated with elven interlacing. Very high-quality oval-shaped cabochon with bluish silver highlights. 40 to 45 cm long necklace, with an extension chain ending in an interlacing, in order to play on the length of the necklace. Cabochon dimensions: 3.5 cm by 2.7 cm.<\/p>\n<p>Infinitely elven and mystical pendant!!<\/p>\n","protected":false},"excerpt":{"rendered":"<p style=\"text-align: center\"><strong>Collier pendentif esprit elfique et celtique, serti Labradorite. <\/strong><\/p>\n<p style=\"text-align: center\"><strong>Infiniment mystique et onirique!<\/strong><\/p>\n<hr \/>\n<p style=\"text-align: center\"><span class=\"tlid-translation translation\" lang=\"en\"><strong><span class=\"\" title=\"\">Elven and Celtic spirit pendant necklace, set with Labradorite.<\/span><\/strong><\/span><\/p>\n<p style=\"text-align: center\"><strong><span title=\"\">Infinitely mystical and dreamlike!<\/span><\/strong><\/p>\n","protected":false},"featured_media":6044,"comment_status":"open","ping_status":"closed","template":"","meta":[],"product_brand":[],"product_cat":[130],"product_tag":[31],"class_list":{"0":"post-6037","1":"product","2":"type-product","3":"status-publish","4":"has-post-thumbnail","6":"product_cat-les-passages-celestes","7":"product_tag-collier","8":"pa_ambiance-baroque","9":"pa_ambiance-celtique","10":"pa_ambiance-elfique","11":"pa_ambiance-feerique","12":"pa_ambiance-mystique","13":"pa_ambiance-victorien","14":"pa_matiere-inox","15":"pa_ornement-labradorite","16":"pa_ornement-labradorite-bleue","17":"pa_ornement-labradorite-verte","18":"pa_ornement-pierre-semi","20":"first","21":"outofstock","22":"featured","23":"shipping-taxable","24":"purchasable","25":"product-type-simple"},"translation":{"provider":"WPGlobus","version":"3.0.2","language":"en","enabled_languages":["fr","en"],"languages":{"fr":{"title":true,"content":true,"excerpt":true},"en":{"title":false,"content":false,"excerpt":false}}},"jetpack-related-posts":[],"jetpack_sharing_enabled":true,"_links":{"self":[{"href":"https:\/\/www.altisfain.com\/en\/wp-json\/wp\/v2\/product\/6037","targetHints":{"allow":["GET"]}}],"collection":[{"href":"https:\/\/www.altisfain.com\/en\/wp-json\/wp\/v2\/product"}],"about":[{"href":"https:\/\/www.altisfain.com\/en\/wp-json\/wp\/v2\/types\/product"}],"replies":[{"embeddable":true,"href":"https:\/\/www.altisfain.com\/en\/wp-json\/wp\/v2\/comments?post=6037"}],"wp:featuredmedia":[{"embeddable":true,"href":"https:\/\/www.altisfain.com\/en\/wp-json\/wp\/v2\/media\/6044"}],"wp:attachment":[{"href":"https:\/\/www.altisfain.com\/en\/wp-json\/wp\/v2\/media?parent=6037"}],"wp:term":[{"taxonomy":"product_brand","embeddable":true,"href":"https:\/\/www.altisfain.com\/en\/wp-json\/wp\/v2\/product_brand?post=6037"},{"taxonomy":"product_cat","embeddable":true,"href":"https:\/\/www.altisfain.com\/en\/wp-json\/wp\/v2\/product_cat?post=6037"},{"taxonomy":"product_tag","embeddable":true,"href":"https:\/\/www.altisfain.com\/en\/wp-json\/wp\/v2\/product_tag?post=6037"}],"curies":[{"name":"wp","href":"https:\/\/api.w.org\/{rel}","templated":true}]}}