{"id":6024,"date":"2024-10-18T18:14:06","date_gmt":"2024-10-18T16:14:06","guid":{"rendered":"https:\/\/www.altisfain.com\/?post_type=product&#038;p=6024"},"modified":"2024-12-14T22:11:01","modified_gmt":"2024-12-14T21:11:01","slug":"collier-inox-aux-confins-des-mondes-minas-morgul-labradorite","status":"publish","type":"product","link":"https:\/\/www.altisfain.com\/en\/boutique\/les-adoptes\/collier-inox-aux-confins-des-mondes-minas-morgul-labradorite\/","title":{"rendered":"Collier inox &#8220;Aux Confins des Mondes: Minas Morgul&#8221; Labradorite"},"content":{"rendered":"<p style=\"text-align:center\">&#8220;Nous go\u00fbtions la fra\u00eecheur, l&#8217;odeur, l&#8217;humidit\u00e9 qui renouvelaient notre chair. Nous \u00e9tions perdus aux confins du monde, car nous savions d\u00e9j\u00e0 que voyager c&#8217;est avant tout changer de chair.&#8221;<\/p>\n<p>Saint-Exup\u00e9ry.<\/p>\n<p style=\"text-align:center\">Minas Morgul (la \u00ab Tour de la Sorcellerie \u00bb en sindarin), anciennement Minas Ithil (la \u00ab Tour de la Lune \u00bb), est une cit\u00e9 imaginaire de la Terre du Milieu issue du l\u00e9gendaire de l&#8217;\u00e9crivain britannique J. R. R. Tolkien, apparaissant dans le roman Le Seigneur des anneaux. Soumise aux Esprits Servants de l&#8217;Anneau, Minas Ithil fut d\u00e9natur\u00e9e en une horrible version corrompue de son ancienne beaut\u00e9. Sa porte \u00e9tait d\u00e9crite comme une bouche \u00e9norme. Le plus haut sommet de la tour tournait lentement, montrant \u00e0 chaque tour une t\u00eate au regard mauvais. Le marbre des murs de Morgul ne brillait plus avec le reflet de la lune, mais de la cit\u00e9 \u00e9manait une p\u00e2le et effrayante luminescence, que Tolkien d\u00e9crivait comme une \u00ab lumi\u00e8re cadav\u00e9rique qui n&#8217;illuminait rien \u00bb. L\u00e0 o\u00f9 Minas Ithil \u00e9tait une cit\u00e9 agit\u00e9e et bruyante comme Minas Anor, Minas Morgul \u00e9tait aussi silencieuse qu&#8217;une tombe.<\/p>\n<p style=\"text-align:center\"><b>Ce collier tr\u00e8s mystique marie un jeu d&#8217;entrelacs et un serti Labradorite au centre du collier . <\/b><b>La pierre est un cabochon de forme ovale, de tr\u00e8s belle qualit\u00e9 aux reflets verts, violets, bleus et jaune et avec une silhouette noire en forme de ci<\/b>tadelle ou de tour. <b>Le m\u00e9tal utilis\u00e9 est un inox type alimentaire, poli et martel\u00e9 main. <\/b><b>Le tour de cou se termine par un mousqueton et une chainette de rallonge agr\u00e9ment\u00e9e d\u2019un entrelac. Cela permet de jouer sur la longueur du collier et ajoute \u00e0 l\u2019ensemble une coh\u00e9rence harmonieuse.<\/b><b> <\/b><b>Dimension du cabochon: 4,5 cm par 2,6 cm. Dimension de la pi\u00e8ce centrale : 10 cm par 7 cm.<\/b><\/p>\n<p style=\"text-align:center\"><b>Collier infiniment elfique et Art nouveau!!<\/b><\/p>\n<hr>\n<p style=\"text-align:center\">&#8220;We taste the freshness, odor, moisture which renew our flesh. We were lost to the confines of the world, because we already knew that traveling is all about change of flesh.&#8221; Saint-Exup\u00e9ry.<\/p>\n<p style=\"text-align:center\">Minas Morgul (Sindarin for &#8220;Tower of Sorcery&#8221;), formerly Minas Ithil (the &#8220;Tower of the Moon&#8221;), is a fictional city in Middle-earth from the legendarium of British writer J. R. R. Tolkien, appearing in the novel The Lord of the Rings. Subjugated by the Ring-Wielding Spirits, Minas Ithil was denatured into a horrible, corrupted version of its former beauty. Its gate was described as an enormous mouth. The tower&#8217;s highest point turned slowly, revealing an evil-looking head at each turn. The marble walls of Morgul no longer shone with the reflection of the moon, but from the city emanated a pale and frightening luminescence, which Tolkien described as a &#8220;corpselike light that illuminated nothing&#8221;. Where Minas Ithil was a bustling and noisy city like Minas Anor, Minas Morgul was as silent as a tomb. This very mystical necklace combines a play of interlacing and a Labradorite setting in the center of the necklace. The stone is an oval-shaped cabochon, of very good quality with green, purple, blue and yellow reflections and with a black silhouette in the shape of a citadel or tower. The metal used is a food-grade stainless steel, polished and hammered by hand. The choker ends with a carabiner and an extension chain decorated with an interlacing. This allows you to play on the length of the necklace and adds a harmonious coherence to the whole. Cabochon size: 4.5 cm by 2.6 cm. Dimension of the central piece: 10 cm by 7 cm.<\/p>\n<p>Infinitely elven and Art Nouveau necklace!!<\/p>\n","protected":false},"excerpt":{"rendered":"<p style=\"padding-left:40px;text-align:center\"><strong>Collier  entrelacs inox et serti Labradorite, d\u2019inspiration onirique et mystique.<\/strong><\/p>\n<hr>\n<p style=\"text-align:center\"><span class=\"tlid-translation translation\" lang=\"en\"><span class=\"\" title=\"\"><span class=\"VIiyi\" lang=\"en\"><span class=\"JLqJ4b ChMk0b\" data-language-for-alternatives=\"en\" data-language-to-translate-into=\"fr\" data-phrase-index=\"0\"><strong>Stainless steel interlacing necklace with Labradorite setting, dreamlike and magical inspiration.<\/strong><\/span><\/span><strong> <\/strong><\/span><\/span><\/p>\n","protected":false},"featured_media":6029,"comment_status":"open","ping_status":"closed","template":"","meta":{"jetpack_publicize_message":"","jetpack_publicize_feature_enabled":true,"jetpack_social_post_already_shared":false,"jetpack_social_options":{"image_generator_settings":{"template":"highway","default_image_id":0,"font":"","enabled":false},"version":2}},"product_brand":[],"product_cat":[222],"product_tag":[31],"class_list":{"0":"post-6024","1":"product","2":"type-product","3":"status-publish","4":"has-post-thumbnail","6":"product_cat-les-adoptes","7":"product_tag-collier","8":"pa_ambiance-elfique","9":"pa_ambiance-feerique","10":"pa_matiere-inox","11":"pa_ornement-labradorite","12":"pa_ornement-labradorite-bleue","13":"pa_ornement-labradorite-brune","14":"pa_ornement-labradorite-verte","15":"pa_ornement-pierre-semi","17":"first","18":"outofstock","19":"featured","20":"sold-individually","21":"shipping-taxable","22":"purchasable","23":"product-type-simple"},"translation":{"provider":"WPGlobus","version":"3.0.2","language":"en","enabled_languages":["fr","en"],"languages":{"fr":{"title":true,"content":true,"excerpt":true},"en":{"title":false,"content":false,"excerpt":false}}},"jetpack_publicize_connections":[],"jetpack-related-posts":[],"jetpack_sharing_enabled":true,"jetpack_likes_enabled":true,"_links":{"self":[{"href":"https:\/\/www.altisfain.com\/en\/wp-json\/wp\/v2\/product\/6024","targetHints":{"allow":["GET"]}}],"collection":[{"href":"https:\/\/www.altisfain.com\/en\/wp-json\/wp\/v2\/product"}],"about":[{"href":"https:\/\/www.altisfain.com\/en\/wp-json\/wp\/v2\/types\/product"}],"replies":[{"embeddable":true,"href":"https:\/\/www.altisfain.com\/en\/wp-json\/wp\/v2\/comments?post=6024"}],"wp:featuredmedia":[{"embeddable":true,"href":"https:\/\/www.altisfain.com\/en\/wp-json\/wp\/v2\/media\/6029"}],"wp:attachment":[{"href":"https:\/\/www.altisfain.com\/en\/wp-json\/wp\/v2\/media?parent=6024"}],"wp:term":[{"taxonomy":"product_brand","embeddable":true,"href":"https:\/\/www.altisfain.com\/en\/wp-json\/wp\/v2\/product_brand?post=6024"},{"taxonomy":"product_cat","embeddable":true,"href":"https:\/\/www.altisfain.com\/en\/wp-json\/wp\/v2\/product_cat?post=6024"},{"taxonomy":"product_tag","embeddable":true,"href":"https:\/\/www.altisfain.com\/en\/wp-json\/wp\/v2\/product_tag?post=6024"}],"curies":[{"name":"wp","href":"https:\/\/api.w.org\/{rel}","templated":true}]}}