{"id":6014,"date":"2024-10-18T15:19:23","date_gmt":"2024-10-18T13:19:23","guid":{"rendered":"https:\/\/www.altisfain.com\/?post_type=product&#038;p=6014"},"modified":"2025-12-23T04:47:18","modified_gmt":"2025-12-23T03:47:18","slug":"collier-inox-aux-confins-des-mondes-minas-tirith-labradorite","status":"publish","type":"product","link":"https:\/\/www.altisfain.com\/en\/boutique\/confins-monde\/collier-inox-aux-confins-des-mondes-minas-tirith-labradorite\/","title":{"rendered":"Collier inox &#8220;Aux Confins des Mondes: Minas Tirith&#8221; Labradorite"},"content":{"rendered":"<p style=\"text-align:center\">&#8220;Nous go\u00fbtions la fra\u00eecheur, l&#8217;odeur, l&#8217;humidit\u00e9 qui renouvelaient notre chair. Nous \u00e9tions perdus aux confins du monde, car nous savions d\u00e9j\u00e0 que voyager c&#8217;est avant tout changer de chair.&#8221;<\/p>\n<p>Saint-Exup\u00e9ry.<\/p>\n<p style=\"text-align:center\">La cit\u00e9 de Minas Anor, capitale du Gondor depuis le roi Tarondor (1640 3A), prit le nom de Minas Tirith au moment o\u00f9 sa s\u0153ur, Minas Ithil, \u00e9tait prise par les Nazg\u00fbl et devenait Minas Morgul. Ce changement de nom refl\u00e9tait le changement de fonction de la cit\u00e9 : avec la chute de Minas Ithil, elle devenait la gardienne du Gondor face au Mordor.<\/p>\n<p style=\"text-align:center\"><b>Ce collier tr\u00e8s mystique marie un jeu d&#8217;entrelacs et un serti Labradorite au centre du collier . <\/b><b>La pierre est un cabochon de forme ovale, de tr\u00e8s belle qualit\u00e9 aux teintes bleu profond. <\/b><b>Le m\u00e9tal utilis\u00e9 est un inox type alimentaire, poli, bross\u00e9 mat et martel\u00e9 main. <\/b><b>Le tour de cou se termine par un mousqueton et une chainette de rallonge agr\u00e9ment\u00e9e d\u2019un entrelac. Cela permet de jouer sur la longueur du collier et ajoute \u00e0 l\u2019ensemble une coh\u00e9rence harmonieuse.<\/b><b> <\/b><b>Dimension du cabochon: 3,4 cm par 2 cm. Dimension de la pi\u00e8ce centrale : 9 cm par 4,8 cm.<\/b><\/p>\n<p style=\"text-align:center\"><b>Collier infiniment elfique et Art nouveau!!<\/b><\/p>\n<hr>\n<p style=\"text-align:center\">&#8220;We taste the freshness, odor, moisture which renew our flesh. We were lost to the confines of the world, because we already knew that traveling is all about change of flesh.&#8221; Saint-Exup\u00e9ry.<\/p>\n<p style=\"text-align:center\">The city of Minas Anor, capital of Gondor since King Tarondor (1640 3A), took the name of Minas Tirith when its sister, Minas Ithil, was taken by the Nazg\u00fbl and became Minas Morgul. This change of name reflected the change in function of the city: with the fall of Minas Ithil, it became the guardian of Gondor against Mordor.<\/p>\n<p>This very mystical necklace combines a play of interlacing and a Labradorite setting in the center of the necklace. The stone is an oval-shaped cabochon, of very good quality with deep blue hues. The metal used is a food-grade stainless steel, polished, brushed matt and hand-hammered. The choker ends with a carabiner and an extension chain decorated with an interlacing. This allows you to play on the length of the necklace and adds a harmonious coherence to the whole. Cabochon size: 3.4 cm by 2 cm. Dimension of the central piece: 9 cm by 4.8 cm.<\/p>\n<p>Infinitely elven and Art Nouveau necklace!!<\/p>\n","protected":false},"excerpt":{"rendered":"<p style=\"padding-left:40px;text-align:center\"><strong>Collier  entrelacs inox et serti Labradorite, d\u2019inspiration onirique et mystique.<\/strong><\/p>\n<hr>\n<p style=\"text-align:center\"><span class=\"tlid-translation translation\" lang=\"en\"><span class=\"\" title=\"\"><span class=\"VIiyi\" lang=\"en\"><span class=\"JLqJ4b ChMk0b\" data-language-for-alternatives=\"en\" data-language-to-translate-into=\"fr\" data-phrase-index=\"0\"><strong>Stainless steel interlacing necklace with Labradorite setting, dreamlike and magical inspiration.<\/strong><\/span><\/span><strong> <\/strong><\/span><\/span><\/p>\n","protected":false},"featured_media":6018,"comment_status":"open","ping_status":"closed","template":"","meta":[],"product_brand":[],"product_cat":[17],"product_tag":[31],"class_list":{"0":"post-6014","1":"product","2":"type-product","3":"status-publish","4":"has-post-thumbnail","6":"product_cat-confins-monde","7":"product_tag-collier","8":"pa_ambiance-elfique","9":"pa_ambiance-feerique","10":"pa_matiere-inox","11":"pa_ornement-labradorite","12":"pa_ornement-labradorite-bleue","13":"pa_ornement-labradorite-brune","14":"pa_ornement-labradorite-verte","15":"pa_ornement-pierre-semi","17":"first","18":"outofstock","19":"featured","20":"sold-individually","21":"shipping-taxable","22":"purchasable","23":"product-type-simple"},"translation":{"provider":"WPGlobus","version":"3.0.2","language":"en","enabled_languages":["fr","en"],"languages":{"fr":{"title":true,"content":true,"excerpt":true},"en":{"title":false,"content":false,"excerpt":false}}},"jetpack-related-posts":[],"jetpack_sharing_enabled":true,"_links":{"self":[{"href":"https:\/\/www.altisfain.com\/en\/wp-json\/wp\/v2\/product\/6014","targetHints":{"allow":["GET"]}}],"collection":[{"href":"https:\/\/www.altisfain.com\/en\/wp-json\/wp\/v2\/product"}],"about":[{"href":"https:\/\/www.altisfain.com\/en\/wp-json\/wp\/v2\/types\/product"}],"replies":[{"embeddable":true,"href":"https:\/\/www.altisfain.com\/en\/wp-json\/wp\/v2\/comments?post=6014"}],"wp:featuredmedia":[{"embeddable":true,"href":"https:\/\/www.altisfain.com\/en\/wp-json\/wp\/v2\/media\/6018"}],"wp:attachment":[{"href":"https:\/\/www.altisfain.com\/en\/wp-json\/wp\/v2\/media?parent=6014"}],"wp:term":[{"taxonomy":"product_brand","embeddable":true,"href":"https:\/\/www.altisfain.com\/en\/wp-json\/wp\/v2\/product_brand?post=6014"},{"taxonomy":"product_cat","embeddable":true,"href":"https:\/\/www.altisfain.com\/en\/wp-json\/wp\/v2\/product_cat?post=6014"},{"taxonomy":"product_tag","embeddable":true,"href":"https:\/\/www.altisfain.com\/en\/wp-json\/wp\/v2\/product_tag?post=6014"}],"curies":[{"name":"wp","href":"https:\/\/api.w.org\/{rel}","templated":true}]}}