{"id":6008,"date":"2024-10-13T10:32:16","date_gmt":"2024-10-13T08:32:16","guid":{"rendered":"https:\/\/www.altisfain.com\/?post_type=product&#038;p=6008"},"modified":"2025-08-14T11:32:14","modified_gmt":"2025-08-14T09:32:14","slug":"pendentif-inox-les-passages-celestes-l-esbat-amethyste-trapiche","status":"publish","type":"product","link":"https:\/\/www.altisfain.com\/en\/boutique\/les-passages-celestes\/pendentif-inox-les-passages-celestes-l-esbat-amethyste-trapiche\/","title":{"rendered":"Pendentif inox &#8220;les Passages C\u00e9lestes: l&#8217; Esbat&#8221;, Am\u00e9thyste trapiche"},"content":{"rendered":"<p style=\"text-align:center\"><strong>\u201cSi la vie n&#8217;est qu&#8217;un passage, sur ce passage au moins semons des fleurs.\u201d<\/strong><\/p>\n<p><strong>Montaigne<\/strong><\/p>\n<p style=\"text-align:center\"><strong>\u00ab Les Passages C\u00e9lestes \u00bb est une collection inspir\u00e9e des diff\u00e9rents portes conduisant \u00e0 des univers oniriques mais aussi personnels, des voies qui m\u00e8nent \u00e0 la pleine conscience de soi et du monde. Ces passerelles nous transportent vers des havres supr\u00eames, des finalit\u00e9s plus hautes, des buts ultimes. Ils touchent l&#8217;Histoire, la Spiritualit\u00e9, le Fantastique. Empruntons ces passages et nous entrons dans des contr\u00e9es intimes et fantaisistes.<\/strong><\/p>\n<p style=\"text-align:center\">L&#8217;Esbat est une f\u00eate pa\u00efenne mineure c\u00e9l\u00e9br\u00e9e lors des treize nuits de pleine lune par les pratiquants de la Wicca. La lune est le symbole de la D\u00e9esse et la pleine lune est le moment o\u00f9 celle-ci est dans sa plus grande puissance, ainsi les Esbats sont principalement consacr\u00e9s \u00e0 glorifier la D\u00e9esse par des hymnes et des invocations qui conduisent parfois \u00e0 des possessions de la grande pr\u00eatresse ou d\u2019une participante par l\u2019esprit d\u2019une divinit\u00e9 f\u00e9minine. Les Esbats sont aussi les moments durant lesquels sont r\u00e9alis\u00e9s les rituels d&#8217;invocation lunaire, ou des rituels de passage que sont les c\u00e9r\u00e9monies d\u2019initiation, de bapt\u00eame, de mariage et de comm\u00e9moration mortuaire. C\u2019est aussi durant ces Esbats qu\u2019ont lieu les travaux collectifs de Wicca op\u00e9rative.<\/p>\n<p style=\"text-align:center\">Collier inox ambiance art nouveau, chaine inox et pendentif serti pierre Am\u00e9thyste trapiche. Cabochon de tr\u00e8s belle qualit\u00e9 forme goutte, am\u00e9thyste trapiche avec reflets violet clair et violet fonc\u00e9 .<\/p>\n<p>Chaine forme serpent, de 45 cm de long, avec chainette de rallonge termin\u00e9 par un entrelacs, afin de jouer sur la longueur du collier.<\/p>\n<p>Longueur du pendentif: 5,7 cm.<\/p>\n<p>Largeur du pendentif: 4 cm.<\/p>\n<p>Dimension du cabochon: 2,8 cm par 2,8 cm.<\/p>\n<p style=\"text-align:center\">Pendentif infiniment elfique et mystique!!<\/p>\n<hr>\n<p style=\"text-align:center\"><strong>&#8220;If life is only a passage, on this passage at least sow flowers.&#8221;<\/strong><\/p>\n<p><strong>Montaigne<\/strong><\/p>\n<p style=\"text-align:center\"><strong>&#8220;The heavenly passages&#8221; is a collection inspired by the different doors leading to dreamlike but also personal worlds, paths that lead to the full awareness of oneself and the world. These bridges carry us to supreme havens, higher ends, ultimate goals. They touch History, Spirituality, Fantasy. Let&#8217;s take these passages and we enter intimate and fanciful countries.<\/strong><\/p>\n<p>Esbat is a minor pagan festival celebrated during the thirteen nights of the full moon by Wiccan practitioners. The moon is the symbol of the Goddess and the full moon is the moment when she is at her greatest power, so Esbats are mainly devoted to glorifying the Goddess through hymns and invocations that sometimes lead to possessions of the high priestess or a participant by the spirit of a female deity. Esbats are also the moments during which lunar invocation rituals are performed, or rituals of passage such as initiation, baptism, marriage and funeral commemoration ceremonies. It is also during these Esbats that the collective work of operative Wicca takes place.<\/p>\n<p>Art nouveau stainless steel necklace, stainless steel chain and pendant set with trapiche Amethyst stone.  Very high quality drop-shaped cabochon, trapiche amethyst with light and dark purple highlights.<br \/>\nSnake-shaped chain, 45 cm long, with an extension chain ending in an interlacing, in order to play on the length of the necklace.<br \/>\nPendant length: 5.7 cm.<br \/>\nPendant width: 4 cm.<br \/>\nCabochon dimensions: 2.8 cm by 2.8 cm.<\/p>\n","protected":false},"excerpt":{"rendered":"<p style=\"text-align:center\"><strong><strong><strong><strong>Collier pendentif esprit elfique, serti Am\u00e9thyste trapiche aux reflets violets.<\/strong><\/strong><\/strong><\/strong><strong><\/strong><\/p>\n<p style=\"text-align:center\"><strong>Infiniment mystique et onirique!<\/strong><\/p>\n<hr>\n<p style=\"text-align:center\"><strong>Elven spirit pendant necklace, set with white Amethyst trapiche with purple highlights.<\/strong><\/p>\n<p style=\"text-align:center\"><span class=\"\" title=\"\"><strong>Infinitely mystical and dreamlike!<\/strong><\/span><\/p>\n","protected":false},"featured_media":6011,"comment_status":"open","ping_status":"closed","template":"","meta":[],"product_brand":[],"product_cat":[130],"product_tag":[31,131],"class_list":{"0":"post-6008","1":"product","2":"type-product","3":"status-publish","4":"has-post-thumbnail","6":"product_cat-les-passages-celestes","7":"product_tag-collier","8":"product_tag-pendentif","9":"pa_ambiance-baroque","10":"pa_ambiance-celtique","11":"pa_ambiance-elfique","12":"pa_ambiance-feerique","13":"pa_ambiance-mystique","14":"pa_ambiance-victorien","15":"pa_matiere-inox","16":"pa_ornement-labradorite-bleue","17":"pa_ornement-labradorite-doree","18":"pa_ornement-labradorite-verte","19":"pa_ornement-pierre-semi","21":"first","22":"outofstock","23":"shipping-taxable","24":"purchasable","25":"product-type-simple"},"translation":{"provider":"WPGlobus","version":"3.0.2","language":"en","enabled_languages":["fr","en"],"languages":{"fr":{"title":true,"content":true,"excerpt":true},"en":{"title":false,"content":false,"excerpt":false}}},"jetpack-related-posts":[],"jetpack_sharing_enabled":true,"_links":{"self":[{"href":"https:\/\/www.altisfain.com\/en\/wp-json\/wp\/v2\/product\/6008","targetHints":{"allow":["GET"]}}],"collection":[{"href":"https:\/\/www.altisfain.com\/en\/wp-json\/wp\/v2\/product"}],"about":[{"href":"https:\/\/www.altisfain.com\/en\/wp-json\/wp\/v2\/types\/product"}],"replies":[{"embeddable":true,"href":"https:\/\/www.altisfain.com\/en\/wp-json\/wp\/v2\/comments?post=6008"}],"wp:featuredmedia":[{"embeddable":true,"href":"https:\/\/www.altisfain.com\/en\/wp-json\/wp\/v2\/media\/6011"}],"wp:attachment":[{"href":"https:\/\/www.altisfain.com\/en\/wp-json\/wp\/v2\/media?parent=6008"}],"wp:term":[{"taxonomy":"product_brand","embeddable":true,"href":"https:\/\/www.altisfain.com\/en\/wp-json\/wp\/v2\/product_brand?post=6008"},{"taxonomy":"product_cat","embeddable":true,"href":"https:\/\/www.altisfain.com\/en\/wp-json\/wp\/v2\/product_cat?post=6008"},{"taxonomy":"product_tag","embeddable":true,"href":"https:\/\/www.altisfain.com\/en\/wp-json\/wp\/v2\/product_tag?post=6008"}],"curies":[{"name":"wp","href":"https:\/\/api.w.org\/{rel}","templated":true}]}}