{"id":6001,"date":"2024-10-13T09:39:44","date_gmt":"2024-10-13T07:39:44","guid":{"rendered":"https:\/\/www.altisfain.com\/?post_type=product&#038;p=6001"},"modified":"2024-12-14T22:12:15","modified_gmt":"2024-12-14T21:12:15","slug":"pendentif-inox-les-passages-celestes-la-fontaine-mercurielle-labradorite","status":"publish","type":"product","link":"https:\/\/www.altisfain.com\/en\/boutique\/les-adoptes\/pendentif-inox-les-passages-celestes-la-fontaine-mercurielle-labradorite\/","title":{"rendered":"Pendentif inox &#8220;les Passages C\u00e9lestes: la Fontaine Mercurielle&#8221;, Labradorite"},"content":{"rendered":"<p style=\"text-align:center\"><strong>\u201cSi la vie n&#8217;est qu&#8217;un passage, sur ce passage au moins semons des fleurs.\u201d<\/strong><\/p>\n<p><strong>Montaigne<\/strong><\/p>\n<p style=\"text-align:center\"><strong>\u00ab Les Passages C\u00e9lestes \u00bb est une collection inspir\u00e9e des diff\u00e9rents portes conduisant \u00e0 des univers oniriques mais aussi personnels, des voies qui m\u00e8nent \u00e0 la pleine conscience de soi et du monde. Ces passerelles nous transportent vers des havres supr\u00eames, des finalit\u00e9s plus hautes, des buts ultimes. Ils touchent l&#8217;Histoire, la Spiritualit\u00e9, le Fantastique. Empruntons ces passages et nous entrons dans des contr\u00e9es intimes et fantaisistes.<\/strong><\/p>\n<p style=\"text-align:center\">L\u2019Art alchimique s\u2019op\u00e8re \u00e0 partir de trois \u00e9l\u00e9ments : deux principes oppos\u00e9s, le mercure et le souffre, qui gr\u00e2ce \u00e0 un agent tiers, le sel, parviennent \u00e0 fusionner. Les alchimistes consid\u00e8rent le mercure comme la m\u00e8re de tous les m\u00e9taux et l\u2019associent \u00e0 l\u2019eau primitive qui leur donne naissance et peut les diluer. Son symbole le plus connu demeure la fontaine mercurielle. Cette source d\u2019eau pure et claire poss\u00e8de le pouvoir de purifier les corps et de les r\u00e9g\u00e9n\u00e9rer. Dans le processus du Grand \u0153uvre, elle signe l\u2019\u0153uvre au blanc. Le sage s\u2019y plonge afin que seul ce qui est pur et subtil en ressorte. R\u00e9g\u00e9n\u00e9r\u00e9, se sentant tel un nouveau-n\u00e9, il peut alors se pr\u00e9parer \u00e0 l\u2019\u00e9preuve finale.<\/p>\n<p style=\"text-align:center\">Collier inox ambiance art nouveau, chaine inox et pendentif serti pierre Labradorite bleue ou verte selon la lumi\u00e8re.<\/p>\n<p>Cabochon de tr\u00e8s belle qualit\u00e9 forme ovale, labradorite blanche avec reflets verts ou bleus selon la lumi\u00e8re naturelle ou artificielle .<\/p>\n<p>Chaine forme serpent, de 45 cm de long, avec chainette de rallonge termin\u00e9 par un entrelacs, afin de jouer sur la longueur du collier.<\/p>\n<p>Longueur du pendentif: 6,2 cm.<\/p>\n<p>Largeur du pendentif: 3,7 cm.<\/p>\n<p>Dimension du cabochon: 3,1 cm par 2 cm.<\/p>\n<p style=\"text-align:center\">Pendentif infiniment elfique et mystique!!<\/p>\n<hr>\n<p style=\"text-align:center\"><strong>&#8220;If life is only a passage, on this passage at least sow flowers.&#8221;<\/strong><\/p>\n<p><strong>Montaigne<\/strong><\/p>\n<p style=\"text-align:center\"><strong>&#8220;The heavenly passages&#8221; is a collection inspired by the different doors leading to dreamlike but also personal worlds, paths that lead to the full awareness of oneself and the world. These bridges carry us to supreme havens, higher ends, ultimate goals. They touch History, Spirituality, Fantasy. Let&#8217;s take these passages and we enter intimate and fanciful countries.<\/strong><\/p>\n<p>Alchemical Art operates from three elements: two opposing principles, mercury and sulfur, which, thanks to a third agent, salt, manage to merge. Alchemists consider mercury to be the mother of all metals and associate it with the primitive water that gives birth to them and can dilute them. Its best-known symbol remains the mercurial fountain. This source of pure and clear water has the power to purify bodies and regenerate them. In the process of the Great Work, it signs the work in white. The wise man immerses himself in it so that only what is pure and subtle emerges. Regenerated, feeling like a newborn, he can then prepare for the final test.<\/p>\n<p>Stainless steel necklace with an art nouveau feel, stainless steel chain and pendant set with blue or green Labradorite stone depending on the light.<\/p>\n<p>Very high quality oval-shaped cabochon, white labradorite with green or blue reflections depending on the natural or artificial light.<br \/>\nSnake-shaped chain, 45 cm long, with an extension chain ending in an interlacing, in order to play on the length of the necklace.<br \/>\nPendant length: 6.2 cm.<br \/>\nPendant width: 3.7 cm.<br \/>\nCabochon size: 3.1 cm by 2 cm.<\/p>\n<p>Infinitely elven and mystical pendant!!<\/p>\n","protected":false},"excerpt":{"rendered":"<p style=\"text-align:center\"><strong><strong><strong>Collier pendentif esprit elfique, serti Labradorite aux reflets bleus ou verts.<\/strong><\/strong><\/strong><strong><\/strong><\/p>\n<p style=\"text-align:center\"><strong>Infiniment mystique et onirique!<\/strong><\/p>\n<hr>\n<p style=\"text-align:center\"><strong>Elven spirit pendant necklace, set with white Labradorite with blue or green highlights.<\/strong><\/p>\n<p style=\"text-align:center\"><span class=\"\" title=\"\"><strong>Infinitely mystical and dreamlike!<\/strong><\/span><\/p>\n","protected":false},"featured_media":6002,"comment_status":"open","ping_status":"closed","template":"","meta":[],"product_brand":[],"product_cat":[222],"product_tag":[31,131],"class_list":{"0":"post-6001","1":"product","2":"type-product","3":"status-publish","4":"has-post-thumbnail","6":"product_cat-les-adoptes","7":"product_tag-collier","8":"product_tag-pendentif","9":"pa_ambiance-baroque","10":"pa_ambiance-celtique","11":"pa_ambiance-elfique","12":"pa_ambiance-feerique","13":"pa_ambiance-mystique","14":"pa_ambiance-victorien","15":"pa_matiere-inox","16":"pa_ornement-labradorite-bleue","17":"pa_ornement-labradorite-doree","18":"pa_ornement-labradorite-verte","19":"pa_ornement-pierre-semi","21":"first","22":"outofstock","23":"shipping-taxable","24":"purchasable","25":"product-type-simple"},"translation":{"provider":"WPGlobus","version":"3.0.2","language":"en","enabled_languages":["fr","en"],"languages":{"fr":{"title":true,"content":true,"excerpt":true},"en":{"title":false,"content":false,"excerpt":false}}},"jetpack-related-posts":[],"jetpack_sharing_enabled":true,"_links":{"self":[{"href":"https:\/\/www.altisfain.com\/en\/wp-json\/wp\/v2\/product\/6001","targetHints":{"allow":["GET"]}}],"collection":[{"href":"https:\/\/www.altisfain.com\/en\/wp-json\/wp\/v2\/product"}],"about":[{"href":"https:\/\/www.altisfain.com\/en\/wp-json\/wp\/v2\/types\/product"}],"replies":[{"embeddable":true,"href":"https:\/\/www.altisfain.com\/en\/wp-json\/wp\/v2\/comments?post=6001"}],"wp:featuredmedia":[{"embeddable":true,"href":"https:\/\/www.altisfain.com\/en\/wp-json\/wp\/v2\/media\/6002"}],"wp:attachment":[{"href":"https:\/\/www.altisfain.com\/en\/wp-json\/wp\/v2\/media?parent=6001"}],"wp:term":[{"taxonomy":"product_brand","embeddable":true,"href":"https:\/\/www.altisfain.com\/en\/wp-json\/wp\/v2\/product_brand?post=6001"},{"taxonomy":"product_cat","embeddable":true,"href":"https:\/\/www.altisfain.com\/en\/wp-json\/wp\/v2\/product_cat?post=6001"},{"taxonomy":"product_tag","embeddable":true,"href":"https:\/\/www.altisfain.com\/en\/wp-json\/wp\/v2\/product_tag?post=6001"}],"curies":[{"name":"wp","href":"https:\/\/api.w.org\/{rel}","templated":true}]}}