{"id":5995,"date":"2024-10-12T20:11:05","date_gmt":"2024-10-12T18:11:05","guid":{"rendered":"https:\/\/www.altisfain.com\/?post_type=product&#038;p=5995"},"modified":"2025-10-20T22:01:52","modified_gmt":"2025-10-20T20:01:52","slug":"pendentif-inox-les-passages-celestes-le-chemin-d-or-labradorite-blanche","status":"publish","type":"product","link":"https:\/\/www.altisfain.com\/en\/boutique\/les-passages-celestes\/pendentif-inox-les-passages-celestes-le-chemin-d-or-labradorite-blanche\/","title":{"rendered":"Pendentif inox &#8220;les Passages C\u00e9lestes: le Chemin d&#8217; Or&#8221;, Labradorite blanche"},"content":{"rendered":"<p style=\"text-align:center\"><strong>\u201cSi la vie n&#8217;est qu&#8217;un passage, sur ce passage au moins semons des fleurs.\u201d<\/strong><\/p>\n<p><strong>Montaigne<\/strong><\/p>\n<p style=\"text-align:center\"><strong>\u00ab Les Passages C\u00e9lestes \u00bb est une collection inspir\u00e9e des diff\u00e9rents portes conduisant \u00e0 des univers oniriques mais aussi personnels, des voies qui m\u00e8nent \u00e0 la pleine conscience de soi et du monde. Ces passerelles nous transportent vers des havres supr\u00eames, des finalit\u00e9s plus hautes, des buts ultimes. Ils touchent l&#8217;Histoire, la Spiritualit\u00e9, le Fantastique. Empruntons ces passages et nous entrons dans des contr\u00e9es intimes et fantaisistes.<\/strong><\/p>\n<p style=\"text-align:center\">Le Sentier d&#8217;or dans le cycle de Dune(Secher Nbiw dans une langue ancienne) \u00e9tait une interpr\u00e9tation pr\u00e9monitoire expansive qui n&#8217;\u00e9tait visible que pour le Kwisatz Haderach et le Bene Gesserit . Il pr\u00e9disait les \u00e9v\u00e9nements fluides du futur, grands et petits. Mais plus profond\u00e9ment, il r\u00e9v\u00e9lait un chemin optimal \u00e0 travers les innombrables liens de cause \u00e0 effet rencontr\u00e9s par la race humaine.<\/p>\n<p style=\"text-align:center\">Collier inox ambiance art nouveau, chaine inox et pendentif serti pierre Labradorite blanche.<\/p>\n<p>Cabochon de tr\u00e8s belle qualit\u00e9 forme ovale, labradorite blanche avec reflets bleu glacial et une veine ou chemin dor\u00e9.<\/p>\n<p>Chaine forme serpent, de 45 cm de long, avec chainette de rallonge termin\u00e9 par un entrelacs, afin de jouer sur la longueur du collier.<\/p>\n<p>Longueur du pendentif: 6,2 cm.<\/p>\n<p>Largeur du pendentif: 4 cm.<\/p>\n<p>Dimension du cabochon: 3,3 cm par 2 cm.<\/p>\n<p style=\"text-align:center\">Pendentif infiniment elfique et mystique!!<\/p>\n<hr>\n<p style=\"text-align:center\"><strong>&#8220;If life is only a passage, on this passage at least sow flowers.&#8221;<\/strong><\/p>\n<p><strong>Montaigne<\/strong><\/p>\n<p style=\"text-align:center\"><strong>&#8220;The heavenly passages&#8221; is a collection inspired by the different doors leading to dreamlike but also personal worlds, paths that lead to the full awareness of oneself and the world. These bridges carry us to supreme havens, higher ends, ultimate goals. They touch History, Spirituality, Fantasy. Let&#8217;s take these passages and we enter intimate and fanciful countries.<\/strong><\/p>\n<p>The Golden Path in the Dune cycle (Secher Nbiw in an ancient language) was an expansive premonitory interpretation that was only visible to the Kwisatz Haderach and the Bene Gesserit. It predicted the fluid events of the future, large and small. But more profoundly, it revealed an optimal path through the countless cause-and-effect links encountered by the human race.<\/p>\n<p>Stainless steel necklace with an art nouveau feel, stainless steel chain and pendant set with white Labradorite stone.<\/p>\n<p>Very high quality oval-shaped cabochon, white labradorite with icy blue highlights and a golden vein or path.<\/p>\n<p>Snake-shaped chain, 45 cm long, with an extension chain ending in an interlacing, in order to play on the length of the necklace.<\/p>\n<p>Pendant length: 6.2 cm.<\/p>\n<p>Pendant width: 4 cm.<\/p>\n<p>Cabochon size: 3.3 cm by 2 cm.<\/p>\n<p>Infinitely elven and mystical pendant!!<\/p>\n","protected":false},"excerpt":{"rendered":"<p style=\"text-align:center\"><strong><strong>Collier pendentif esprit elfique, serti Labradorite blanche aux reflets bleus et veine d&#8217;or.<\/strong><\/strong><strong><\/strong><\/p>\n<p style=\"text-align:center\"><strong>Infiniment mystique et onirique!<\/strong><\/p>\n<hr>\n<p style=\"text-align:center\"><strong>Elven spirit pendant necklace, set with white Labradorite with blue highlights and gold vein.<\/strong><\/p>\n<p style=\"text-align:center\"><span class=\"\" title=\"\"><strong>Infinitely mystical and dreamlike!<\/strong><\/span><\/p>\n","protected":false},"featured_media":5999,"comment_status":"open","ping_status":"closed","template":"","meta":[],"product_brand":[],"product_cat":[130],"product_tag":[31,131],"class_list":{"0":"post-5995","1":"product","2":"type-product","3":"status-publish","4":"has-post-thumbnail","6":"product_cat-les-passages-celestes","7":"product_tag-collier","8":"product_tag-pendentif","9":"pa_ambiance-baroque","10":"pa_ambiance-celtique","11":"pa_ambiance-elfique","12":"pa_ambiance-feerique","13":"pa_ambiance-mystique","14":"pa_ambiance-victorien","15":"pa_matiere-inox","16":"pa_ornement-labradorite-bleue","17":"pa_ornement-labradorite-doree","18":"pa_ornement-labradorite-verte","19":"pa_ornement-pierre-semi","21":"first","22":"outofstock","23":"shipping-taxable","24":"purchasable","25":"product-type-simple"},"translation":{"provider":"WPGlobus","version":"3.0.2","language":"en","enabled_languages":["fr","en"],"languages":{"fr":{"title":true,"content":true,"excerpt":true},"en":{"title":false,"content":false,"excerpt":false}}},"jetpack-related-posts":[],"jetpack_sharing_enabled":true,"_links":{"self":[{"href":"https:\/\/www.altisfain.com\/en\/wp-json\/wp\/v2\/product\/5995","targetHints":{"allow":["GET"]}}],"collection":[{"href":"https:\/\/www.altisfain.com\/en\/wp-json\/wp\/v2\/product"}],"about":[{"href":"https:\/\/www.altisfain.com\/en\/wp-json\/wp\/v2\/types\/product"}],"replies":[{"embeddable":true,"href":"https:\/\/www.altisfain.com\/en\/wp-json\/wp\/v2\/comments?post=5995"}],"wp:featuredmedia":[{"embeddable":true,"href":"https:\/\/www.altisfain.com\/en\/wp-json\/wp\/v2\/media\/5999"}],"wp:attachment":[{"href":"https:\/\/www.altisfain.com\/en\/wp-json\/wp\/v2\/media?parent=5995"}],"wp:term":[{"taxonomy":"product_brand","embeddable":true,"href":"https:\/\/www.altisfain.com\/en\/wp-json\/wp\/v2\/product_brand?post=5995"},{"taxonomy":"product_cat","embeddable":true,"href":"https:\/\/www.altisfain.com\/en\/wp-json\/wp\/v2\/product_cat?post=5995"},{"taxonomy":"product_tag","embeddable":true,"href":"https:\/\/www.altisfain.com\/en\/wp-json\/wp\/v2\/product_tag?post=5995"}],"curies":[{"name":"wp","href":"https:\/\/api.w.org\/{rel}","templated":true}]}}