{"id":5981,"date":"2024-10-08T12:51:21","date_gmt":"2024-10-08T10:51:21","guid":{"rendered":"https:\/\/www.altisfain.com\/?post_type=product&#038;p=5981"},"modified":"2024-12-14T22:11:24","modified_gmt":"2024-12-14T21:11:24","slug":"pendentif-inox-les-passages-celestes-sous-la-protection-de-nout-labradorite","status":"publish","type":"product","link":"https:\/\/www.altisfain.com\/en\/boutique\/les-adoptes\/pendentif-inox-les-passages-celestes-sous-la-protection-de-nout-labradorite\/","title":{"rendered":"Pendentif inox &#8220;les Passages C\u00e9lestes: Sous la protection de Nout&#8221;, Labradorite"},"content":{"rendered":"<p style=\"text-align:center\"><strong>\u201cSi la vie n&#8217;est qu&#8217;un passage, sur ce passage au moins semons des fleurs.\u201d<\/strong><\/p>\n<p><strong>Montaigne<\/strong><\/p>\n<p style=\"text-align:center\"><strong>\u00ab Les Passages C\u00e9lestes \u00bb est une collection inspir\u00e9e des diff\u00e9rents portes conduisant \u00e0 des univers oniriques mais aussi personnels, des voies qui m\u00e8nent \u00e0 la pleine conscience de soi et du monde. Ces passerelles nous transportent vers des havres supr\u00eames, des finalit\u00e9s plus hautes, des buts ultimes. Ils touchent l&#8217;Histoire, la Spiritualit\u00e9, le Fantastique. Empruntons ces passages et nous entrons dans des contr\u00e9es intimes et fantaisistes.<\/strong><\/p>\n<p style=\"text-align:center\">Nout a une fonction importante dans la cosmogonie \u00e9gyptienne. Elle incarne le ciel ; sa col\u00e8re est le tonnerre, ses larmes la pluie ; son corps symbolise la vo\u00fbte c\u00e9leste et s\u00e9pare la terre du d\u00e9luge qui l&#8217;entourait. Selon les traditions, le corps de Nout se d\u00e9ploya au-dessus de la terre pour la prot\u00e9ger ; ses membres qui devaient toucher le sol symbolisent les quatre points cardinaux.<br \/>\nElle fait de plus figure de m\u00e8re des astres. Le Soleil disparaissait le soir dans sa bouche pour voyager la nuit dans son corps et au matin r\u00e9appara\u00eetre dans son giron, \u00e0 l&#8217;Est. Au cours d&#8217;un cycle \u00e9ternel, les \u00e9toiles traversaient \u00e9galement son corps pendant le jour.<\/p>\n<p style=\"text-align:center\">Collier inox ambiance art nouveau, chaine inox et pendentif serti pierre Labradorite.<\/p>\n<p>Cabochon de tr\u00e8s belle qualit\u00e9 forme goutte, labradorite bleue intense avec quelques pointes de vert.<\/p>\n<p>Chaine forme serpent, de 45 cm de long, avec chainette de rallonge termin\u00e9 par un entrelacs, afin de jouer sur la longueur du collier.<\/p>\n<p>Longueur du pendentif: 6 cm.<\/p>\n<p>Largeur du pendentif: 3,5 cm.<\/p>\n<p>Dimension du cabochon: 2,5 cm par 2,3 cm.<\/p>\n<p style=\"text-align:center\">Pendentif infiniment elfique et mystique!!<\/p>\n<hr>\n<p style=\"text-align:center\"><strong>&#8220;If life is only a passage, on this passage at least sow flowers.&#8221;<\/strong><\/p>\n<p><strong>Montaigne<\/strong><\/p>\n<p style=\"text-align:center\"><strong>&#8220;The heavenly passages&#8221; is a collection inspired by the different doors leading to dreamlike but also personal worlds, paths that lead to the full awareness of oneself and the world. These bridges carry us to supreme havens, higher ends, ultimate goals. They touch History, Spirituality, Fantasy. Let&#8217;s take these passages and we enter intimate and fanciful countries.<\/strong><\/p>\n<p>Nut has an important function in Egyptian cosmogony. She embodies the sky; her anger is thunder, her tears rain; her body symbolizes the celestial vault and separates the earth from the flood that surrounded it. According to tradition, Nut&#8217;s body spread out above the earth to protect it; her limbs that were to touch the ground symbolize the four cardinal points.<br \/>\nShe also acts as the mother of the stars. The Sun disappeared in the evening in her mouth to travel at night in her body and reappear in her lap in the East in the morning. During an eternal cycle, the stars also crossed her body during the day.<\/p>\n<p>Art nouveau stainless steel necklace, stainless steel chain and pendant set with Labradorite stone.<\/p>\n<p>Very high quality drop-shaped cabochon, intense blue labradorite with a few green tips.<\/p>\n<p>Snake-shaped chain, 45 cm long, with an extension chain ending in an interlacing, in order to play on the length of the necklace.<\/p>\n<p>Pendant length: 6 cm.<\/p>\n<p>Pendant width: 3.5 cm.<\/p>\n<p>Cabochon size: 2.5 cm by 2.3 cm.<\/p>\n<p>Infinitely elven and mystical pendant!!<\/p>\n","protected":false},"excerpt":{"rendered":"<p style=\"text-align:center\"><strong>Collier pendentif esprit elfique, serti Labradorite facett\u00e9e aux d\u00e9grad\u00e9s de couleurs vertes et bleues.<\/strong><\/p>\n<p><strong><\/strong><\/p>\n<p style=\"text-align:center\"><strong>Infiniment mystique et onirique!<\/strong><\/p>\n<hr>\n<p style=\"text-align:center\"><span class=\"tlid-translation translation\" lang=\"en\"><span class=\"\" title=\"\"><strong>Elven spirit pendant necklace, set with faceted Labradorite in green and blue color gradients.<\/strong><\/span><\/span><\/p>\n<p style=\"text-align:center\"><span class=\"\" title=\"\"><strong>Infinitely mystical and dreamlike!<\/strong><\/span><\/p>\n","protected":false},"featured_media":5983,"comment_status":"open","ping_status":"closed","template":"","meta":[],"product_brand":[],"product_cat":[222],"product_tag":[31,131],"class_list":{"0":"post-5981","1":"product","2":"type-product","3":"status-publish","4":"has-post-thumbnail","6":"product_cat-les-adoptes","7":"product_tag-collier","8":"product_tag-pendentif","9":"pa_ambiance-baroque","10":"pa_ambiance-celtique","11":"pa_ambiance-elfique","12":"pa_ambiance-feerique","13":"pa_ambiance-mystique","14":"pa_ambiance-victorien","15":"pa_matiere-inox","16":"pa_ornement-labradorite-bleue","17":"pa_ornement-labradorite-doree","18":"pa_ornement-labradorite-verte","19":"pa_ornement-pierre-semi","21":"first","22":"outofstock","23":"shipping-taxable","24":"purchasable","25":"product-type-simple"},"translation":{"provider":"WPGlobus","version":"3.0.2","language":"en","enabled_languages":["fr","en"],"languages":{"fr":{"title":true,"content":true,"excerpt":true},"en":{"title":false,"content":false,"excerpt":false}}},"jetpack-related-posts":[],"jetpack_sharing_enabled":true,"_links":{"self":[{"href":"https:\/\/www.altisfain.com\/en\/wp-json\/wp\/v2\/product\/5981","targetHints":{"allow":["GET"]}}],"collection":[{"href":"https:\/\/www.altisfain.com\/en\/wp-json\/wp\/v2\/product"}],"about":[{"href":"https:\/\/www.altisfain.com\/en\/wp-json\/wp\/v2\/types\/product"}],"replies":[{"embeddable":true,"href":"https:\/\/www.altisfain.com\/en\/wp-json\/wp\/v2\/comments?post=5981"}],"wp:featuredmedia":[{"embeddable":true,"href":"https:\/\/www.altisfain.com\/en\/wp-json\/wp\/v2\/media\/5983"}],"wp:attachment":[{"href":"https:\/\/www.altisfain.com\/en\/wp-json\/wp\/v2\/media?parent=5981"}],"wp:term":[{"taxonomy":"product_brand","embeddable":true,"href":"https:\/\/www.altisfain.com\/en\/wp-json\/wp\/v2\/product_brand?post=5981"},{"taxonomy":"product_cat","embeddable":true,"href":"https:\/\/www.altisfain.com\/en\/wp-json\/wp\/v2\/product_cat?post=5981"},{"taxonomy":"product_tag","embeddable":true,"href":"https:\/\/www.altisfain.com\/en\/wp-json\/wp\/v2\/product_tag?post=5981"}],"curies":[{"name":"wp","href":"https:\/\/api.w.org\/{rel}","templated":true}]}}