{"id":5949,"date":"2024-06-28T17:26:06","date_gmt":"2024-06-28T15:26:06","guid":{"rendered":"https:\/\/www.altisfain.com\/?post_type=product&#038;p=5949"},"modified":"2024-10-27T11:03:01","modified_gmt":"2024-10-27T10:03:01","slug":"collier-inox-les-diaboliques-les-sirenes-labradorite","status":"publish","type":"product","link":"https:\/\/www.altisfain.com\/en\/boutique\/les-adoptes\/collier-inox-les-diaboliques-les-sirenes-labradorite\/","title":{"rendered":"Collier inox &#8220;Les Diaboliques: les Sir\u00e8nes&#8221; Labradorite"},"content":{"rendered":"<p style=\"padding-left:40px\">&#8220;Le mot na\u00eff et \u00e9tonn\u00e9 de la Borgh\u00e8se, quand on lui demanda comment elle avait bien pu poser nue devant Canova: \u00abmais l&#8217;atelier \u00e9tait chaud! il y avait un po\u00eale!\u00bb&#8221;<\/p>\n<p>Les Diaboliques, Barbey d&#8217;Aurevilly.<\/p>\n<p style=\"text-align:center\">Collection inspir\u00e9e de femmes, fictives ou historiques qui, \u00e0 tord ou \u00e0 raison, ont suscit\u00e9 accusations et calomnies et marqu\u00e9 l&#8217;Histoire ou les histoires par leur personnalit\u00e9 sulfureuse&#8230;..<\/p>\n<p style=\"text-align:center\"> <strong>Les sir\u00e8nes \u00e9taient des cr\u00e9atures hybrides avec un corps d&#8217;oiseau et une t\u00eate de femme, parfois aussi avec des bras humains. Une tradition affirme leur origine comme compagnes de Pers\u00e9phone et, incapables d&#8217;emp\u00eacher son viol, furent transform\u00e9es en sir\u00e8nes en guise de punition. Historiquement, la cr\u00e9ature est d&#8217;origine orientale et vint en Gr\u00e8ce pendant la p\u00e9riode orientale de l&#8217;art grec. Les sir\u00e8nes avaient de belles voix chantantes et \u00e9taient des joueuses de lyre tr\u00e8s dou\u00e9es. Leur talent musical \u00e9tait si merveilleux qu&#8217;on disait qu&#8217;elles pouvaient m\u00eame calmer les vents. Peut-\u00eatre un peu trop confiantes dans leurs dons les sir\u00e8nes os\u00e8rent m\u00eame, une fois, d\u00e9fier les Muses dans une comp\u00e9tition musicale mais, h\u00e9las, sans succ\u00e8s.<\/strong><\/p>\n<p style=\"text-align:center\"><strong>Collier inox articul\u00e9 asym\u00e9trique, compos\u00e9 d&#8217;une dizaine de fils inox de diam\u00e8tres diff\u00e9rents, soud\u00e9s argent et martel\u00e9s main. <\/strong><strong>En pi\u00e8ce centrale, un cabochon de tr\u00e8s belle qualit\u00e9 forme goutte serti griffe Labradorite, teinte bleue intense. <\/strong><strong>Le collier est mall\u00e9able, il peut se serrer et desserrer pour s&#8217;adapter au plus pr\u00e8s de votre cou. <\/strong><strong>Dimension du collier: 42 cm de long, cha\u00eenette de rallonge de 5 cm pour jouer sur la longueur.<\/strong><\/p>\n<p><strong>Dimension du cabochon: 3,3 cm par 2,8 cm.<\/strong><\/p>\n<p style=\"text-align:center\"><strong><strong><strong>Style m\u00e9di\u00e9val fantastique et elfique, pi\u00e8ce unique!!<\/strong><\/strong><\/strong><strong><\/strong><\/p>\n<hr>\n<div class=\"text-wrap tlid-copy-target\" style=\"text-align:center\"><span class=\"tlid-translation translation\" lang=\"en\"><span class=\"tlid-translation translation\" lang=\"en\"><strong>&#8220;The naive and astonished word from the Borghese, when asked how she could have posed naked in front of Canova:&#8221; but the workshop was hot! There was a stove! &#8220;<\/strong><\/span><\/span><\/p>\n<p><strong>Les Diaboliques, Barbey d&#8217;Aurevilly.<\/strong>\n<\/div>\n<div style=\"text-align:center\"><strong>Collection inspired by women, fictitious or historical who, rightly or wrongly, have aroused accusations and calumnies and marked History or stories by their sulphurous personality &#8230;..<\/strong>\n<\/div>\n<div>\n<\/div>\n<div class=\"text-wrap tlid-copy-target\" style=\"text-align:center\">Mermaids were hybrid creatures with the body of a bird and the head of a woman, sometimes also with human arms. One tradition states their origin as companions of Persephone and, unable to prevent her rape, were transformed into mermaids as punishment. Historically, the creature is of oriental origin and came to Greece during the Eastern period of Greek art. The mermaids had beautiful singing voices and were very skilled lyre players. Their musical talent was so marvelous that it was said they could even calm the winds. Perhaps a little too confident in their gifts, the mermaids even dared, once, to challenge the Muses in a musical competition but, alas, without success.<\/p>\n<p>Asymmetrical articulated stainless steel necklace, made up of around ten stainless steel wires of different diameters, silver soldered and hand hammered. In the center piece, a very good quality drop-shaped cabochon set with Labradorite claw, intense blue tint. The collar is malleable, it can tighten and loosen to fit as closely as possible to your neck. Dimensions of the necklace: 42 cm long, 5 cm extension chain to play with the length.<\/p>\n<p>Dimensions of the cabochon: 3.3 cm by 2.8 cm.<\/p>\n<p>Medieval fantasy and elven style, unique piece!!<\/p><\/div>\n","protected":false},"excerpt":{"rendered":"<p style=\"padding-left:40px;text-align:center\"><strong>Collier inox serti Labradorite, d\u2019inspiration celtique.<\/strong><\/p>\n<p><strong><\/strong><\/p>\n<hr>\n<div class=\"text-wrap tlid-copy-target\">\n<div class=\"result-shield-container tlid-copy-target\" style=\"text-align:center\">\n<div class=\"text-wrap tlid-copy-target\">\n<div class=\"result-shield-container tlid-copy-target\" style=\"text-align:left\"><span class=\"tlid-translation translation\" lang=\"en\"><span class=\"\" title=\"\"><strong>Stainless steel necklace with labradorite setting, of celt inspiration.<\/strong><\/span><\/span><\/div>\n<\/div>\n<div class=\"tlid-result-transliteration-container result-transliteration-container transliteration-container\">\n<div class=\"tlid-transliteration-content transliteration-content full\"><\/div>\n<\/div>\n<p><span class=\"tlid-translation translation\" lang=\"en\"><span class=\"\" title=\"\"><strong> <\/strong><\/span><\/span><\/div>\n<\/div>\n<div class=\"tlid-result-transliteration-container result-transliteration-container transliteration-container\">\n<div class=\"tlid-transliteration-content transliteration-content full\"><\/div>\n<\/div>\n<div class=\"result-footer source-or-target-footer tlid-copy-target\"><\/div>\n","protected":false},"featured_media":5950,"comment_status":"open","ping_status":"closed","template":"","meta":[],"product_brand":[],"product_cat":[222],"product_tag":[31],"class_list":{"0":"post-5949","1":"product","2":"type-product","3":"status-publish","4":"has-post-thumbnail","6":"product_cat-les-adoptes","7":"product_tag-collier","8":"pa_ambiance-antique","9":"pa_ambiance-art-nouveau","10":"pa_ambiance-baroque","11":"pa_ambiance-elfique","12":"pa_ambiance-feerique","13":"pa_ambiance-gothique","14":"pa_ambiance-grece-antique","15":"pa_ambiance-victorien","16":"pa_matiere-inox","17":"pa_ornement-labradorite","18":"pa_ornement-labradorite-bleue","19":"pa_ornement-labradorite-doree","20":"pa_ornement-labradorite-verte","21":"pa_ornement-pierre-semi","23":"first","24":"outofstock","25":"sold-individually","26":"shipping-taxable","27":"purchasable","28":"product-type-simple"},"translation":{"provider":"WPGlobus","version":"3.0.2","language":"en","enabled_languages":["fr","en"],"languages":{"fr":{"title":true,"content":true,"excerpt":true},"en":{"title":false,"content":false,"excerpt":false}}},"jetpack-related-posts":[],"jetpack_sharing_enabled":true,"_links":{"self":[{"href":"https:\/\/www.altisfain.com\/en\/wp-json\/wp\/v2\/product\/5949","targetHints":{"allow":["GET"]}}],"collection":[{"href":"https:\/\/www.altisfain.com\/en\/wp-json\/wp\/v2\/product"}],"about":[{"href":"https:\/\/www.altisfain.com\/en\/wp-json\/wp\/v2\/types\/product"}],"replies":[{"embeddable":true,"href":"https:\/\/www.altisfain.com\/en\/wp-json\/wp\/v2\/comments?post=5949"}],"wp:featuredmedia":[{"embeddable":true,"href":"https:\/\/www.altisfain.com\/en\/wp-json\/wp\/v2\/media\/5950"}],"wp:attachment":[{"href":"https:\/\/www.altisfain.com\/en\/wp-json\/wp\/v2\/media?parent=5949"}],"wp:term":[{"taxonomy":"product_brand","embeddable":true,"href":"https:\/\/www.altisfain.com\/en\/wp-json\/wp\/v2\/product_brand?post=5949"},{"taxonomy":"product_cat","embeddable":true,"href":"https:\/\/www.altisfain.com\/en\/wp-json\/wp\/v2\/product_cat?post=5949"},{"taxonomy":"product_tag","embeddable":true,"href":"https:\/\/www.altisfain.com\/en\/wp-json\/wp\/v2\/product_tag?post=5949"}],"curies":[{"name":"wp","href":"https:\/\/api.w.org\/{rel}","templated":true}]}}