{"id":5941,"date":"2024-06-18T16:46:03","date_gmt":"2024-06-18T14:46:03","guid":{"rendered":"https:\/\/www.altisfain.com\/?post_type=product&#038;p=5941"},"modified":"2024-10-20T21:30:34","modified_gmt":"2024-10-20T19:30:34","slug":"pendentif-inox-les-passages-celestes-sous-la-canopee-labradorite","status":"publish","type":"product","link":"https:\/\/www.altisfain.com\/en\/boutique\/les-adoptes\/pendentif-inox-les-passages-celestes-sous-la-canopee-labradorite\/","title":{"rendered":"Pendentif inox &#8220;les Passages C\u00e9lestes: Sous la Canop\u00e9e&#8221;, Labradorite"},"content":{"rendered":"<p style=\"text-align:center\"><strong>\u201cSi la vie n&#8217;est qu&#8217;un passage, sur ce passage au moins semons des fleurs.\u201d<\/strong><\/p>\n<p><strong>Montaigne<\/strong><\/p>\n<p style=\"text-align:center\"><strong>\u00ab Les Passages C\u00e9lestes \u00bb est une collection inspir\u00e9e des diff\u00e9rents portes conduisant \u00e0 des univers oniriques mais aussi personnels, des voies qui m\u00e8nent \u00e0 la pleine conscience de soi et du monde. Ces passerelles nous transportent vers des havres supr\u00eames, des finalit\u00e9s plus hautes, des buts ultimes. Ils touchent l&#8217;Histoire, la Spiritualit\u00e9, le Fantastique. Empruntons ces passages et nous entrons dans des contr\u00e9es intimes et fantaisistes.<\/strong><\/p>\n<p>La canop\u00e9e est la partie de la for\u00eat correspondant \u00e0 la cime des arbres les plus hauts d\u2019un peuplement forestier. On parle \u00e9galement de l\u2019\u00e9tage sup\u00e9rieur de la for\u00eat.<br \/>\nEn contact direct avec l\u2019atmosph\u00e8re et les rayons du soleil, elle constitue un \u00e9cosyst\u00e8me \u00e0 part enti\u00e8re. La canop\u00e9e est un environnement qui pr\u00e9sente une biodiversit\u00e9 et une productivit\u00e9 biologique tr\u00e8s riches.<br \/>\nLongtemps consacr\u00e9 aux for\u00eats tropicales humides, le terme canop\u00e9e s\u2019applique aujourd\u2019hui \u00e0 toutes les formations foresti\u00e8res et peut aussi \u00eatre utilis\u00e9 pour d\u00e9signer les algues g\u00e9antes flottant \u00e0 la surface des oc\u00e9ans.<\/p>\n<p style=\"text-align:center\">A contrario, l\u2019appellation vo\u00fbte foresti\u00e8re tend \u00e0 dispara\u00eetre en m\u00eame temps que les moyens d\u2019observation permettent \u00e0 l\u2019homme et au chercheur de s\u2019\u00e9lever.<\/p>\n<p style=\"text-align:center\">Collier inox ambiance art nouveau, chaine inox et pendentif serti pierre Labradorite.<\/p>\n<p>Cabochon de tr\u00e8s belle qualit\u00e9 forme goutte, labradorite verte bleue et verte olive, intense, selon la lumi\u00e8re naturelle ou artificielle.<\/p>\n<p>Chaine forme serpent, de 45 cm de long, avec chainette de rallonge termin\u00e9 par un entrelacs, afin de jouer sur la longueur du collier.<\/p>\n<p>Longueur du pendentif: 6,5 cm.<\/p>\n<p>Largeur du pendentif: 4 cm.<\/p>\n<p>Dimension du cabochon: 2,8 cm par 2,5 cm.<\/p>\n<p style=\"text-align:center\">Pendentif infiniment elfique et mystique!!<\/p>\n<hr>\n<p style=\"text-align:center\"><strong>&#8220;If life is only a passage, on this passage at least sow flowers.&#8221;<\/strong><\/p>\n<p><strong>Montaigne<\/strong><\/p>\n<p style=\"text-align:center\"><strong>&#8220;The heavenly passages&#8221; is a collection inspired by the different doors leading to dreamlike but also personal worlds, paths that lead to the full awareness of oneself and the world. These bridges carry us to supreme havens, higher ends, ultimate goals. They touch History, Spirituality, Fantasy. Let&#8217;s take these passages and we enter intimate and fanciful countries.<\/strong><\/p>\n<p>The canopy is the part of the forest corresponding to the tops of the tallest trees in a forest stand.  We also speak of the upper level of the forest.<br \/>\nIn direct contact with the atmosphere and the sun&#8217;s rays, it constitutes an ecosystem in its own right.  The canopy is an environment that presents very rich biodiversity and biological productivity.<br \/>\nLong devoted to tropical rainforests, the term canopy today applies to all forest formations and can also be used to designate giant algae floating on the surface of the oceans.<br \/>\nConversely, the name forest canopy tends to disappear at the same time as the means of observation allow man and the researcher to rise.<\/p>\n<p>Stainless steel necklace with art nouveau ambiance, stainless steel chain and pendant set with Labradorite stone.<\/p>\n<p>Very beautiful quality drop-shaped cabochon, blue green and olive green labradorite, intense, depending on natural or artificial light.<br \/>\nSnake-shaped chain, 45 cm long, with extension chain ending in an interlacing, to play on the length of the necklace.<br \/>\nPendant length: 6.5 cm.<br \/>\nPendant width: 4 cm.<br \/>\nDimensions of the cabochon: 2.8 cm by 2.5 cm.<\/p>\n<p>Infinitely elvish and mystical pendant!!<\/p>\n","protected":false},"excerpt":{"rendered":"<p style=\"text-align:center\"><strong>Collier pendentif esprit elfique, serti Labradorite facett\u00e9e aux d\u00e9grad\u00e9s de couleurs vertes et bleues.<\/strong><\/p>\n<p><strong><\/strong><\/p>\n<p style=\"text-align:center\"><strong>Infiniment mystique et onirique!<\/strong><\/p>\n<hr>\n<p style=\"text-align:center\"><span class=\"tlid-translation translation\" lang=\"en\"><span class=\"\" title=\"\"><strong>Elven spirit pendant necklace, set with faceted Labradorite in green and blue color gradients.<\/strong><\/span><\/span><\/p>\n<p style=\"text-align:center\"><span class=\"\" title=\"\"><strong>Infinitely mystical and dreamlike!<\/strong><\/span><\/p>\n","protected":false},"featured_media":5942,"comment_status":"open","ping_status":"closed","template":"","meta":[],"product_brand":[],"product_cat":[222],"product_tag":[31,131],"class_list":{"0":"post-5941","1":"product","2":"type-product","3":"status-publish","4":"has-post-thumbnail","6":"product_cat-les-adoptes","7":"product_tag-collier","8":"product_tag-pendentif","9":"pa_ambiance-baroque","10":"pa_ambiance-celtique","11":"pa_ambiance-elfique","12":"pa_ambiance-feerique","13":"pa_ambiance-mystique","14":"pa_ambiance-victorien","15":"pa_matiere-inox","16":"pa_ornement-labradorite-bleue","17":"pa_ornement-labradorite-doree","18":"pa_ornement-labradorite-verte","19":"pa_ornement-pierre-semi","21":"first","22":"outofstock","23":"shipping-taxable","24":"purchasable","25":"product-type-simple"},"translation":{"provider":"WPGlobus","version":"3.0.2","language":"en","enabled_languages":["fr","en"],"languages":{"fr":{"title":true,"content":true,"excerpt":true},"en":{"title":false,"content":false,"excerpt":false}}},"jetpack-related-posts":[],"jetpack_sharing_enabled":true,"_links":{"self":[{"href":"https:\/\/www.altisfain.com\/en\/wp-json\/wp\/v2\/product\/5941","targetHints":{"allow":["GET"]}}],"collection":[{"href":"https:\/\/www.altisfain.com\/en\/wp-json\/wp\/v2\/product"}],"about":[{"href":"https:\/\/www.altisfain.com\/en\/wp-json\/wp\/v2\/types\/product"}],"replies":[{"embeddable":true,"href":"https:\/\/www.altisfain.com\/en\/wp-json\/wp\/v2\/comments?post=5941"}],"wp:featuredmedia":[{"embeddable":true,"href":"https:\/\/www.altisfain.com\/en\/wp-json\/wp\/v2\/media\/5942"}],"wp:attachment":[{"href":"https:\/\/www.altisfain.com\/en\/wp-json\/wp\/v2\/media?parent=5941"}],"wp:term":[{"taxonomy":"product_brand","embeddable":true,"href":"https:\/\/www.altisfain.com\/en\/wp-json\/wp\/v2\/product_brand?post=5941"},{"taxonomy":"product_cat","embeddable":true,"href":"https:\/\/www.altisfain.com\/en\/wp-json\/wp\/v2\/product_cat?post=5941"},{"taxonomy":"product_tag","embeddable":true,"href":"https:\/\/www.altisfain.com\/en\/wp-json\/wp\/v2\/product_tag?post=5941"}],"curies":[{"name":"wp","href":"https:\/\/api.w.org\/{rel}","templated":true}]}}