{"id":594,"date":"2018-03-05T23:58:02","date_gmt":"2018-03-05T22:58:02","guid":{"rendered":"http:\/\/www.altisfain.com\/?post_type=product&#038;p=594"},"modified":"2019-10-20T12:28:42","modified_gmt":"2019-10-20T10:28:42","slug":"collier-inox-monsho-hedera-lierre","status":"publish","type":"product","link":"https:\/\/www.altisfain.com\/en\/boutique\/monsho\/collier-inox-monsho-hedera-lierre\/","title":{"rendered":"Collier inox Monsh\u014d Hedera Lierre"},"content":{"rendered":"<p style=\"text-align: center;\">Les Monsh\u014d sont les armoiries des familles japonaises.<br \/>\nIls consistent en un symbole souvent encercl\u00e9 ou de forme arrondie. Les dessins \u00e9taient souvent des versions stylis\u00e9es de th\u00e8mes ou objets japonais, souvent issus de la nature.<br \/>\nPresque tout dans la nature avait une symbolique, superstitieuse ou non, ce que influen\u00e7ait les familles dans le choix du motif embl\u00e8me de leur clan.<\/p>\n<p style=\"text-align: center;\">Le lierre est symbole d&#8217;attachement, de fid\u00e9lit\u00e9 et d&#8217;amiti\u00e9 durable.<\/p>\n<p style=\"text-align: center;\"><b>Pendentif circulaire mont\u00e9 sur une cha\u00eene maille serpent de 51 cm de long.<br \/>\nUne cha\u00eenette de rallonge termin\u00e9e par une feuille de lierre permet de jouer sur la longueur du collier et le transformer en sautoir de 56 cm de long.<br \/>\nLe pendentif est form\u00e9 de 2 feuilles de lierre martel\u00e9es main et soud\u00e9es sur deux branches.<br \/>\nQuatre brins inox entrelacent les feuilles et sortent du cercle en volutes. Diam\u00e8tre du cercle: 5,3 cm.<br \/>\nDimension feuilles: 2,5 cm par 2 cm pour la grande feuille, 2,4 cm par 1,9 cm pour la plus petite.<br \/>\nB\u00e9li\u00e8re de pendentif int\u00e9gr\u00e9 au cercle.<br \/>\n<\/b><\/p>\n<p style=\"text-align: center;\"><strong>Collier talisman, d&#8217;inspiration asiatique et elfique!<\/strong><\/p>\n<hr \/>\n<p style=\"text-align: center;\"><span class=\"tlid-translation translation\" lang=\"en\">The Monsh\u014d are the coat of arms of Japanese families.<br \/>\nThey consist of a symbol often circled or rounded. The drawings were often stylized versions of Japanese themes or objects, often from nature.<br \/>\nAlmost everything in nature had a symbolic, superstitious or not, which influenced the families in the choice of emblem pattern of their clan.<\/p>\n<p>Ivy is a symbol of attachment, fidelity and lasting friendship.<\/p>\n<p><strong>Circular pendant mounted on a chain snake mesh 51 cm long.<\/strong><br \/>\n<strong>An extension chain finished with an ivy leaf allows you to play along the length of the necklace and transform it into a long necklace 56 cm long.<\/strong><br \/>\n<strong>The pendant is made of 2 ivy leaves hand hammered and welded on two branches.<\/strong><br \/>\n<strong>Four stainless strands interlace the leaves and leave the circle in volutes. Diameter of the circle: 5.3 cm.<\/strong><br \/>\n<strong>Leaf size: 2.5 cm by 2 cm for the large leaf, 2.4 cm by 1.9 cm for the smaller one.<\/strong><br \/>\n<strong>Bead of pendant integrated in the circle.<\/strong><\/p>\n<p><strong>Talisman necklace, Asian and Elvish inspired!<\/strong><\/span><\/p>\n","protected":false},"excerpt":{"rendered":"<p style=\"text-align: center;\"><strong>Collier inox pendentif, entrelacs et feuilles de lierre hedera, d&#8217;inspiration asiatique et elfique.<\/strong><\/p>\n<hr \/>\n<p style=\"text-align: center;\"><strong><span class=\"tlid-translation translation\" lang=\"en\"><span class=\"\" title=\"\">Necklace stainless steel pendant, tracery and ivy leaves hedera, Asian and Elvish inspiration.<\/span><\/span><\/strong><\/p>\n","protected":false},"featured_media":595,"comment_status":"open","ping_status":"closed","template":"","meta":[],"product_brand":[],"product_cat":[25],"product_tag":[31],"class_list":{"0":"post-594","1":"product","2":"type-product","3":"status-publish","4":"has-post-thumbnail","6":"product_cat-monsho","7":"product_tag-collier","8":"pa_ambiance-asiatique","9":"pa_ambiance-elfique","10":"pa_ambiance-feerique","11":"pa_ambiance-vegetal","12":"pa_feuille-hedera","13":"pa_feuille-lierre","14":"pa_matiere-inox","16":"first","17":"instock","18":"sold-individually","19":"shipping-taxable","20":"purchasable","21":"product-type-simple"},"translation":{"provider":"WPGlobus","version":"3.0.2","language":"en","enabled_languages":["fr","en"],"languages":{"fr":{"title":true,"content":true,"excerpt":true},"en":{"title":false,"content":false,"excerpt":false}}},"jetpack-related-posts":[],"jetpack_sharing_enabled":true,"_links":{"self":[{"href":"https:\/\/www.altisfain.com\/en\/wp-json\/wp\/v2\/product\/594","targetHints":{"allow":["GET"]}}],"collection":[{"href":"https:\/\/www.altisfain.com\/en\/wp-json\/wp\/v2\/product"}],"about":[{"href":"https:\/\/www.altisfain.com\/en\/wp-json\/wp\/v2\/types\/product"}],"replies":[{"embeddable":true,"href":"https:\/\/www.altisfain.com\/en\/wp-json\/wp\/v2\/comments?post=594"}],"wp:featuredmedia":[{"embeddable":true,"href":"https:\/\/www.altisfain.com\/en\/wp-json\/wp\/v2\/media\/595"}],"wp:attachment":[{"href":"https:\/\/www.altisfain.com\/en\/wp-json\/wp\/v2\/media?parent=594"}],"wp:term":[{"taxonomy":"product_brand","embeddable":true,"href":"https:\/\/www.altisfain.com\/en\/wp-json\/wp\/v2\/product_brand?post=594"},{"taxonomy":"product_cat","embeddable":true,"href":"https:\/\/www.altisfain.com\/en\/wp-json\/wp\/v2\/product_cat?post=594"},{"taxonomy":"product_tag","embeddable":true,"href":"https:\/\/www.altisfain.com\/en\/wp-json\/wp\/v2\/product_tag?post=594"}],"curies":[{"name":"wp","href":"https:\/\/api.w.org\/{rel}","templated":true}]}}