{"id":5931,"date":"2024-06-17T18:25:34","date_gmt":"2024-06-17T16:25:34","guid":{"rendered":"https:\/\/www.altisfain.com\/?post_type=product&#038;p=5931"},"modified":"2024-07-17T15:09:38","modified_gmt":"2024-07-17T13:09:38","slug":"collier-inox-les-diaboliques-viviane-labradorite","status":"publish","type":"product","link":"https:\/\/www.altisfain.com\/en\/boutique\/diaboliques\/collier-inox-les-diaboliques-viviane-labradorite\/","title":{"rendered":"Collier inox &#8220;Les Diaboliques: Viviane&#8221; Labradorite"},"content":{"rendered":"<p style=\"padding-left:40px\">&#8220;Le mot na\u00eff et \u00e9tonn\u00e9 de la Borgh\u00e8se, quand on lui demanda comment elle avait bien pu poser nue devant Canova: \u00abmais l&#8217;atelier \u00e9tait chaud! il y avait un po\u00eale!\u00bb&#8221;<\/p>\n<p>Les Diaboliques, Barbey d&#8217;Aurevilly.<\/p>\n<p style=\"text-align:center\">Collection inspir\u00e9e de femmes, fictives ou historiques qui, \u00e0 tord ou \u00e0 raison, ont suscit\u00e9 accusations et calomnies et marqu\u00e9 l&#8217;Histoire ou les histoires par leur personnalit\u00e9 sulfureuse&#8230;<\/p>\n<p style=\"text-align:center\">Pr\u00e8s du lac au pied du ch\u00e2teau de Comper, une jeune fille chante\u2026 Viviane, femme \u00e0 l\u2019esprit vif et dot\u00e9e d\u2019une grande beaut\u00e9 charme Merlin, l\u2019enchanteur de la for\u00eat. F\u00e9e des eaux, protectrice du chevalier Lancelot, Viviane ma\u00eetrise les enchantements et les savoirs de la nature. Tout au long de la l\u00e9gende arthurienne, la Dame du lac surveille et prot\u00e8ge les chevaliers et le Roi Arthur\u2026<\/p>\n<p style=\"text-align:center\"><strong>Collier inox articul\u00e9 sym\u00e9trique, compos\u00e9 d&#8217;une dizaine de fils inox de diam\u00e8tres diff\u00e9rents, soud\u00e9s argent et martel\u00e9s main. En pi\u00e8ce centrale, un cabochon de tr\u00e8s belle qualit\u00e9 forme goutte serti griffe Labradorite, teinte bleu roi intense.<\/strong> <strong>Une cha\u00eenette de rallonge termin\u00e9e par un entrelacs permet de jouer avec la longueur du collier.<\/strong> <strong>Dimension du collier: 40 cm de long, cha\u00eenette de rallonge de 5 cm pour jouer sur la longueur. Dimension du cabochon: 2,5 cm par 2 cm . Dimensions du motif central : 7 cm par 5 cm.<\/strong><\/p>\n<p style=\"text-align:center\"><strong>Style m\u00e9di\u00e9val fantastique et elfique, pi\u00e8ce unique!!<\/strong><\/p>\n<hr>\n<div class=\"text-wrap tlid-copy-target\" style=\"text-align:center\"><span class=\"tlid-translation translation\" lang=\"en\"><span class=\"tlid-translation translation\" lang=\"en\"><strong>&#8220;The naive and astonished word from the Borghese, when asked how she could have posed naked in front of Canova:&#8221; but the workshop was hot! There was a stove! &#8220;<\/strong><\/span><\/span><\/p>\n<p><strong>Les Diaboliques, Barbey d&#8217;Aurevilly<\/strong><\/div>\n<div style=\"text-align:center\"><strong> <\/strong><\/p>\n<p><strong>Collection inspired by women, fictitious or historical who, rightly or wrongly, have aroused accusations and calumnies and marked History or stories by their sulphurous personality &#8230;..<\/strong><\/p>\n<p>Near the lake at the foot of Comper Castle, a young girl sings&#8230; Viviane, a woman with a lively spirit and great beauty, charms Merlin, the enchanter of the forest.  Water fairy, protector of the knight Lancelot, Viviane masters the enchantments and knowledge of nature.  Throughout Arthurian legend, the Lady of the Lake watches over and protects the knights and King Arthur&#8230;<\/p>\n<p>Symmetrical articulated stainless steel necklace, made up of around ten stainless steel wires of different diameters, silver soldered and hand hammered.  In the center piece, a very good quality drop-shaped cabochon set with Labradorite claw, intense royal blue shade.  An extension chain ending in an interlacing allows you to play with the length of the necklace.  Dimensions of the necklace: 40 cm long, 5 cm extension chain to play with the length.  Dimensions of the cabochon: 2.5 cm by 2 cm.  Dimensions of the central motif: 7 cm by 5 cm.<\/p>\n<p>Medieval fantasy and elven style, unique piece!!<\/p><\/div>\n","protected":false},"excerpt":{"rendered":"<p style=\"padding-left:40px;text-align:center\"><strong>Collier inox serti Labradorite, d\u2019inspiration celtique.<\/strong><\/p>\n<hr>\n<div class=\"text-wrap tlid-copy-target\" style=\"text-align:center\">\n<div class=\"result-shield-container tlid-copy-target\" style=\"text-align:center\">\n<div class=\"text-wrap tlid-copy-target\" style=\"text-align:center\">\n<div class=\"result-shield-container tlid-copy-target\" style=\"text-align:center\"><span class=\"tlid-translation translation\" lang=\"en\" style=\"text-align:center\"><span class=\"\" title=\"\" style=\"text-align:center\"><strong>Stainless steel necklace with Ammonite setting, of celt inspiration.<\/strong><\/span><\/span><\/div>\n<\/div>\n<\/div>\n<\/div>\n","protected":false},"featured_media":5932,"comment_status":"open","ping_status":"closed","template":"","meta":[],"product_brand":[],"product_cat":[15],"product_tag":[31],"class_list":{"0":"post-5931","1":"product","2":"type-product","3":"status-publish","4":"has-post-thumbnail","6":"product_cat-diaboliques","7":"product_tag-collier","8":"pa_ambiance-antique","9":"pa_ambiance-art-nouveau","10":"pa_ambiance-baroque","11":"pa_ambiance-elfique","12":"pa_ambiance-feerique","13":"pa_ambiance-gothique","14":"pa_ambiance-grece-antique","15":"pa_ambiance-victorien","16":"pa_matiere-inox","17":"pa_ornement-labradorite","18":"pa_ornement-labradorite-bleue","19":"pa_ornement-labradorite-doree","20":"pa_ornement-labradorite-verte","21":"pa_ornement-pierre-semi","23":"first","24":"instock","25":"featured","26":"sold-individually","27":"shipping-taxable","28":"purchasable","29":"product-type-simple"},"translation":{"provider":"WPGlobus","version":"3.0.2","language":"en","enabled_languages":["fr","en"],"languages":{"fr":{"title":true,"content":true,"excerpt":true},"en":{"title":false,"content":false,"excerpt":false}}},"jetpack-related-posts":[],"jetpack_sharing_enabled":true,"_links":{"self":[{"href":"https:\/\/www.altisfain.com\/en\/wp-json\/wp\/v2\/product\/5931","targetHints":{"allow":["GET"]}}],"collection":[{"href":"https:\/\/www.altisfain.com\/en\/wp-json\/wp\/v2\/product"}],"about":[{"href":"https:\/\/www.altisfain.com\/en\/wp-json\/wp\/v2\/types\/product"}],"replies":[{"embeddable":true,"href":"https:\/\/www.altisfain.com\/en\/wp-json\/wp\/v2\/comments?post=5931"}],"wp:featuredmedia":[{"embeddable":true,"href":"https:\/\/www.altisfain.com\/en\/wp-json\/wp\/v2\/media\/5932"}],"wp:attachment":[{"href":"https:\/\/www.altisfain.com\/en\/wp-json\/wp\/v2\/media?parent=5931"}],"wp:term":[{"taxonomy":"product_brand","embeddable":true,"href":"https:\/\/www.altisfain.com\/en\/wp-json\/wp\/v2\/product_brand?post=5931"},{"taxonomy":"product_cat","embeddable":true,"href":"https:\/\/www.altisfain.com\/en\/wp-json\/wp\/v2\/product_cat?post=5931"},{"taxonomy":"product_tag","embeddable":true,"href":"https:\/\/www.altisfain.com\/en\/wp-json\/wp\/v2\/product_tag?post=5931"}],"curies":[{"name":"wp","href":"https:\/\/api.w.org\/{rel}","templated":true}]}}