{"id":5902,"date":"2024-06-02T13:11:46","date_gmt":"2024-06-02T11:11:46","guid":{"rendered":"https:\/\/www.altisfain.com\/?post_type=product&#038;p=5902"},"modified":"2024-10-20T21:30:53","modified_gmt":"2024-10-20T19:30:53","slug":"bracelet-inox-les-diaboliques-titania-labradorite","status":"publish","type":"product","link":"https:\/\/www.altisfain.com\/en\/boutique\/les-adoptes\/bracelet-inox-les-diaboliques-titania-labradorite\/","title":{"rendered":"Bracelet inox &#8220;Les Diaboliques: Titania&#8221; Labradorite"},"content":{"rendered":"<p style=\"text-align:center\">&#8220;&#8221;Le mot na\u00eff et \u00e9tonn\u00e9 de la Borgh\u00e8se, quand on lui demanda comment elle avait bien pu poser nue devant Canova: \u00abmais l&#8217;atelier \u00e9tait chaud! il y avait un po\u00eale!\u00bb&#8221;<\/p>\n<p>Les Diaboliques, Barbey d&#8217;Aurevilly.<\/p>\n<p>Collection inspir\u00e9e de femmes, fictives ou historiques qui, \u00e0 tord ou \u00e0 raison, ont suscit\u00e9 accusations et calomnies et marqu\u00e9 l&#8217;Histoire ou les histoires par leur personnalit\u00e9 sulfureuse&#8230;<\/p>\n<p style=\"text-align:center\">Titania appara\u00eet dans Le Songe d\u2019une nuit d\u2019\u00e9t\u00e9 de Shakespeare, \u00e0 la fin du XVIe si\u00e8cle. Le nom de cette f\u00e9e indique d\u00e9j\u00e0 qu\u2019elle a de l\u2019orgueil \u00e0 revendre. Il est tir\u00e9 des M\u00e9tamorphoses d\u2019Ovide et signifie \u00ab fille de Titan \u00bb. Titania se d\u00e9place en volant et poss\u00e8de une escorte rapproch\u00e9e compos\u00e9e de petits \u00eatres, hommes et femmes confondus. Elle est mari\u00e9e \u00e0 Ob\u00e9ron, le roi des f\u00e9es, un couple ardant qui ne cessent de se reprochert leurs infid\u00e9lit\u00e9s avec des \u00eatres humains. Ces infid\u00e9lit\u00e9s sont graves car en d\u00e9sirant des mortels, les f\u00e9es ont transgress\u00e9 le principe de s\u00e9paration des esp\u00e8ces et cr\u00e9\u00e9 le chaos dans la nature.  Si Ob\u00e9ron est un personnage aux pulsions sadiques, Titania est une f\u00e9e rebelle qui d\u00e9couvre dans son d\u00e9sir pour un mortel \u00e0 t\u00eate d&#8217;\u00e2ne l\u2019attrait inqui\u00e9tant du monstrueux. Ainsi Titania et Ob\u00e9ron d\u00e9mystifient le d\u00e9sir, en lui \u00f4tant son aura magique. Ils r\u00e9v\u00e8lent en effet son pouvoir morbide, ses artifices et sa potentielle perversit\u00e9.<\/p>\n<p style=\"text-align:center\"><strong>Bracelet esclave inox fils, entrelacs soud\u00e9s argent, martel\u00e9s.<\/strong><br \/>\n<strong>M\u00e9tal mall\u00e9able qui permet de serrer et desserrer les bras du bracelet pour s&#8217;adapter au poignet.<\/strong><br \/>\n<strong>Une Labradorite reflets bleu intense cabochon ovale en serti griffe se trouve au centre des volutes.<\/strong><strong>Dimension du cabochon: 2,5 cm par 1,8 cm. Bracelet pour poignet de 16 cm maximum. Largueur du bracelet: 3 cm maximum sur le dessus du poignet.<\/strong><\/p>\n<p style=\"text-align:center\"><strong>Pi\u00e8ce unique!<\/strong><\/p>\n<hr>\n<p style=\"text-align:center\">&#8220;The naive and astonished remark of the Borghese, when asked how she could have posed naked in front of Canova: \u201cbut the workshop was hot! there was a stove!\u201d&#8221;<\/p>\n<p>The Diaboliques, Barbey d&#8217;Aurevilly.<\/p>\n<p>Collection inspired by women, fictitious or historical, who, rightly or wrongly, have given rise to accusations and slander and marked History or stories with their sulphurous personality&#8230;<\/p>\n<p>Titania appears in Shakespeare&#8217;s A Midsummer Night&#8217;s Dream at the end of the 16th century.  This fairy&#8217;s name already indicates that she has pride to spare.  It is taken from Ovid\u2019s Metamorphoses and means \u201cdaughter of Titan\u201d.  Titania moves by flying and has a close escort made up of small beings, both men and women.  She is married to Oberon, the king of the fairies, an ardent couple who never cease to blame each other for their infidelities with human beings.  These infidelities are serious because by desiring mortals, the fairies have transgressed the principle of separation of species and created chaos in nature.   If Oberon is a character with sadistic impulses, Titania is a rebellious fairy who discovers in her desire for a mortal with the head of a donkey the disturbing attraction of the monstrous.  Thus Titania and Oberon demystify desire, removing its magical aura.  They indeed reveal its morbid power, its artifices and its potential perversity.<\/p>\n<p><strong>Stainless steel slave bracelet, silver welded interlacing, hammered.<\/strong><br \/>\n<strong> Malleable metal that allows the bracelet arms to be tightened and loosened to fit the wrist.<\/strong><br \/>\n<strong>A Labradorite with intense blue reflections oval cabochon in claw setting is located in the center of the scrolls.<\/strong><br \/>\n<strong>Dimensions of the cabochon: 2.5 cm by 1.8 cm.<\/strong><br \/>\n<strong>Bracelet for wrist up to 16 cm.<\/strong><br \/>\n<strong>Bracelet width: 3 cm maximum on top of the wrist.<\/strong><\/p>\n<p>Unique piece!<\/p>\n","protected":false},"excerpt":{"rendered":"<p style=\"text-align:center\"><strong>Bracelet  inox type esclave entrelacs et serti Labradorite.<\/strong><\/p>\n<hr>\n<p style=\"text-align:center\"> Stainless Steel slave bracelet with Labradorite setting.<\/p>\n","protected":false},"featured_media":5903,"comment_status":"open","ping_status":"closed","template":"","meta":[],"product_brand":[],"product_cat":[222],"product_tag":[33],"class_list":{"0":"post-5902","1":"product","2":"type-product","3":"status-publish","4":"has-post-thumbnail","6":"product_cat-les-adoptes","7":"product_tag-bracelet","8":"pa_ambiance-baroque","9":"pa_ambiance-elfique","10":"pa_ambiance-feerique","11":"pa_ambiance-mystique","12":"pa_ambiance-victorien","13":"pa_matiere-inox","14":"pa_ornement-aventurine","15":"pa_ornement-pierre-semi","16":"pa_ornement-pierre-verte","18":"first","19":"outofstock","20":"featured","21":"sold-individually","22":"purchasable","23":"product-type-simple"},"translation":{"provider":"WPGlobus","version":"3.0.2","language":"en","enabled_languages":["fr","en"],"languages":{"fr":{"title":true,"content":true,"excerpt":true},"en":{"title":false,"content":false,"excerpt":false}}},"jetpack-related-posts":[],"jetpack_sharing_enabled":true,"_links":{"self":[{"href":"https:\/\/www.altisfain.com\/en\/wp-json\/wp\/v2\/product\/5902","targetHints":{"allow":["GET"]}}],"collection":[{"href":"https:\/\/www.altisfain.com\/en\/wp-json\/wp\/v2\/product"}],"about":[{"href":"https:\/\/www.altisfain.com\/en\/wp-json\/wp\/v2\/types\/product"}],"replies":[{"embeddable":true,"href":"https:\/\/www.altisfain.com\/en\/wp-json\/wp\/v2\/comments?post=5902"}],"wp:featuredmedia":[{"embeddable":true,"href":"https:\/\/www.altisfain.com\/en\/wp-json\/wp\/v2\/media\/5903"}],"wp:attachment":[{"href":"https:\/\/www.altisfain.com\/en\/wp-json\/wp\/v2\/media?parent=5902"}],"wp:term":[{"taxonomy":"product_brand","embeddable":true,"href":"https:\/\/www.altisfain.com\/en\/wp-json\/wp\/v2\/product_brand?post=5902"},{"taxonomy":"product_cat","embeddable":true,"href":"https:\/\/www.altisfain.com\/en\/wp-json\/wp\/v2\/product_cat?post=5902"},{"taxonomy":"product_tag","embeddable":true,"href":"https:\/\/www.altisfain.com\/en\/wp-json\/wp\/v2\/product_tag?post=5902"}],"curies":[{"name":"wp","href":"https:\/\/api.w.org\/{rel}","templated":true}]}}