{"id":5895,"date":"2024-06-02T09:05:02","date_gmt":"2024-06-02T07:05:02","guid":{"rendered":"https:\/\/www.altisfain.com\/?post_type=product&#038;p=5895"},"modified":"2024-06-02T19:59:27","modified_gmt":"2024-06-02T17:59:27","slug":"collier-inox-les-passages-celestes-saidar-labradorite","status":"publish","type":"product","link":"https:\/\/www.altisfain.com\/en\/boutique\/les-passages-celestes\/collier-inox-les-passages-celestes-saidar-labradorite\/","title":{"rendered":"Collier inox &#8220;les Passages C\u00e9lestes: Saidar&#8221; Labradorite"},"content":{"rendered":"<p style=\"padding-left:40px;text-align:center\"><strong>\u201cSi la vie n&#8217;est qu&#8217;un passage, sur ce passage au moins semons des fleurs.\u201d<\/strong><\/p>\n<p><strong>Montaigne<\/strong><\/p>\n<p style=\"text-align:center\"><strong>\u00ab Les Passages C\u00e9lestes \u00bb est une collection inspir\u00e9e des diff\u00e9rents portes conduisant \u00e0 des univers oniriques mais aussi personnels, des voies qui m\u00e8nent \u00e0 la pleine conscience de soi et du monde. Ces passerelles nous transportent vers des havres supr\u00eames, des finalit\u00e9s plus hautes, des buts ultimes. Ils touchent l&#8217;Histoire, la Spiritualit\u00e9, le Fantastique. Empruntons ces passages et nous entrons dans des contr\u00e9es intimes et fantaisistes.<\/strong><\/p>\n<p style=\"margin:0.5em0px1em;padding:0px;border:0px;font-style:normal;font-weight:400;line-height:inherit;font-family:-apple-system,BlinkMacSystemFont,;text-align:center\"><strong>Le Pouvoir Unique \u00e9mane de la Vraie Source, le pouvoir le Cr\u00e9ateur cr\u00e9e pour tourner la Roue du Temps. Saidin, la partie m\u00e2le de la Vraie source, et saidar, la moiti\u00e9 femelle, travaille l&#8217;un contre l&#8217;autre, et en m\u00eame temps l&#8217;un avec l&#8217;autre. Saidar est d\u00e9crit comme une rivi\u00e8re douce, mais infiniment puissante, une force qui peut faire tout ce que vous d\u00e9sirez, mais exige de la patience pour \u00eatre \u00abpersuad\u00e9\u00bb ; sinon elle vous submerge. Une femme doit se soumettre \u00e0 la saidar afin d&#8217;y acc\u00e9der, un acte universellement connu comme &#8220;embrasser la Source&#8221;. Canaliser pour une femme consiste \u00e0 guider le flux d&#8217;\u00e9nergie pour qu&#8217;il atteigne le but d\u00e9sir\u00e9.<\/strong><\/p>\n<p>Collier inox ambiance elfique, tour de cou articul\u00e9 et pendentif serti Labradorite. Cabochon de tr\u00e8s belle qualit\u00e9 forme goutte, aux teintes bleu profond selon la lumiere. D\u00e9cor d&#8217;entrelacs qui entourent la pierre en serti griffe. Tour de cou articul\u00e9 avec fils qui serpentent, de 40 \u00e0 45 cm de long, avec chainette de rallonge termin\u00e9 par un entrelac, afin de jouer sur la longueur du collier. Dimension du pendentif: 5 cm par 2,5 cm. Dimension du cabochon: 3,5 cm par 2,5 cm.<\/p>\n<p>Le pendentif peut se d\u00e9tacher du collier et \u00eatre mont\u00e9 sur une chaine.<\/p>\n<p style=\"text-align:center\">Pendentif infiniment elfique et mystique!!<\/p>\n<hr>\n<p style=\"text-align:center\"><strong>\u201cIf life is only a passage, on this passage at least let us sow flowers.\u201d<\/strong><\/p>\n<p><strong>Montaigne<\/strong><\/p>\n<p style=\"text-align:center\"><strong>&#8220;Les Passages C\u00e9lestes&#8221; is a collection inspired by the different doors leading to dreamlike but also personal universes, paths that lead to full awareness of oneself and the world. These gateways transport us to supreme havens, higher ends, ultimate goals. They touch History, Spirituality, the Fantasy. Take these passages and we enter intimate and whimsical lands.<\/strong><\/p>\n<p style=\"text-align:center\"><strong>The One Power emanates from the True Source, the power the Creator creates to turn the Wheel of Time. Saidin, the male part of the True Source, and saidar, the female half, work against each other, and at the same time with each other. Saidar is described as a gentle, yet infinitely powerful river, a force that can do anything you desire, but requires patience to be &#8220;persuaded&#8221;; otherwise it overwhelms you. A woman must submit to saidar in order to access it, an act universally known as &#8220;kissing the Source.&#8221; Channeling for a woman involves guiding the flow of energy so that it achieves the desired goal.<\/strong><\/p>\n<p>Elven-style stainless steel necklace, articulated choker and Labradorite-set pendant. Very good quality drop-shaped cabochon, with deep blue hues depending on the light. Decoration of interlacing which surround the stone in claw setting. Articulated choker with winding wires, 40 to 45 cm long, with extension chain ending in an interlacing, to play on the length of the necklace. Pendant size: 5 cm by 2.5 cm. Dimensions of the cabochon: 3.5 cm by 2.5 cm.<\/p>\n<p>The pendant can be detached from the necklace and mounted on a chain.<\/p>\n<p>Infinitely elvish and mystical pendant!!<\/p>\n","protected":false},"excerpt":{"rendered":"<p style=\"text-align: center\"><strong>Collier pendentif esprit elfique et celtique, serti Labradorite. <\/strong><\/p>\n<p style=\"text-align: center\"><strong>Infiniment mystique et onirique!<\/strong><\/p>\n<hr \/>\n<p style=\"text-align: center\"><span class=\"tlid-translation translation\" lang=\"en\"><strong><span class=\"\" title=\"\">Elven and Celtic spirit pendant necklace, set with Labradorite.<\/span><\/strong><\/span><\/p>\n<p style=\"text-align: center\"><strong><span title=\"\">Infinitely mystical and dreamlike!<\/span><\/strong><\/p>\n","protected":false},"featured_media":5896,"comment_status":"open","ping_status":"closed","template":"","meta":[],"product_brand":[],"product_cat":[130],"product_tag":[31,131],"class_list":{"0":"post-5895","1":"product","2":"type-product","3":"status-publish","4":"has-post-thumbnail","6":"product_cat-les-passages-celestes","7":"product_tag-collier","8":"product_tag-pendentif","9":"pa_ambiance-baroque","10":"pa_ambiance-celtique","11":"pa_ambiance-elfique","12":"pa_ambiance-feerique","13":"pa_ambiance-mystique","14":"pa_ambiance-victorien","15":"pa_matiere-inox","16":"pa_ornement-labradorite","17":"pa_ornement-labradorite-bleue","18":"pa_ornement-labradorite-doree","19":"pa_ornement-labradorite-orange","20":"pa_ornement-pierre-semi","22":"first","23":"instock","24":"featured","25":"shipping-taxable","26":"purchasable","27":"product-type-simple"},"translation":{"provider":"WPGlobus","version":"3.0.2","language":"en","enabled_languages":["fr","en"],"languages":{"fr":{"title":true,"content":true,"excerpt":true},"en":{"title":false,"content":false,"excerpt":false}}},"jetpack-related-posts":[],"jetpack_sharing_enabled":true,"_links":{"self":[{"href":"https:\/\/www.altisfain.com\/en\/wp-json\/wp\/v2\/product\/5895","targetHints":{"allow":["GET"]}}],"collection":[{"href":"https:\/\/www.altisfain.com\/en\/wp-json\/wp\/v2\/product"}],"about":[{"href":"https:\/\/www.altisfain.com\/en\/wp-json\/wp\/v2\/types\/product"}],"replies":[{"embeddable":true,"href":"https:\/\/www.altisfain.com\/en\/wp-json\/wp\/v2\/comments?post=5895"}],"wp:featuredmedia":[{"embeddable":true,"href":"https:\/\/www.altisfain.com\/en\/wp-json\/wp\/v2\/media\/5896"}],"wp:attachment":[{"href":"https:\/\/www.altisfain.com\/en\/wp-json\/wp\/v2\/media?parent=5895"}],"wp:term":[{"taxonomy":"product_brand","embeddable":true,"href":"https:\/\/www.altisfain.com\/en\/wp-json\/wp\/v2\/product_brand?post=5895"},{"taxonomy":"product_cat","embeddable":true,"href":"https:\/\/www.altisfain.com\/en\/wp-json\/wp\/v2\/product_cat?post=5895"},{"taxonomy":"product_tag","embeddable":true,"href":"https:\/\/www.altisfain.com\/en\/wp-json\/wp\/v2\/product_tag?post=5895"}],"curies":[{"name":"wp","href":"https:\/\/api.w.org\/{rel}","templated":true}]}}