{"id":589,"date":"2018-03-05T23:46:19","date_gmt":"2018-03-05T22:46:19","guid":{"rendered":"http:\/\/www.altisfain.com\/?post_type=product&#038;p=589"},"modified":"2019-10-20T12:30:39","modified_gmt":"2019-10-20T10:30:39","slug":"collier-inox-monsho-volubilis","status":"publish","type":"product","link":"https:\/\/www.altisfain.com\/en\/boutique\/monsho\/collier-inox-monsho-volubilis\/","title":{"rendered":"Collier inox Monsh\u014d Volubilis"},"content":{"rendered":"<p style=\"text-align: center;\">Les Monsh\u014d sont les armoiries des familles japonaises.<br \/>\nIls consistent en un symbole souvent encercl\u00e9 ou de forme arrondie. Les dessins \u00e9taient souvent des versions stylis\u00e9es de th\u00e8mes ou objets japonais, souvent issus de la nature.<br \/>\nPresque tout dans la nature avait une symbolique, superstitieuse ou non, ce que influen\u00e7ait les familles dans le choix du motif embl\u00e8me de leur clan.<\/p>\n<p style=\"text-align: center;\">Le volubilis est le symbole naturel du baiser, de la volupt\u00e9 ou de l&#8217;amiti\u00e9 naissante.<\/p>\n<p style=\"text-align: center;\"><b>Pendentif circulaire mont\u00e9 sur un tour de cou articul\u00e9.<br \/>\nUne cha\u00eenette de rallonge termin\u00e9e par une feuille de volubilis permet de jouer sur la longueur du collier.<br \/>\nLe pendentif est form\u00e9 de 2 feuilles de volubilis martel\u00e9es main et soud\u00e9es sur deux branches.<br \/>\nQuatre brins inox entrelacent les feuilles et sortent du cercle en volutes.<br \/>\nDiam\u00e8tre du cercle: 5,3 cm.<br \/>\nDimension feuilles: 2,6 cm par 2,6 cm pour la grande feuille, 2,5 cm par 2,4 cm pour la plus petite.<br \/>\nB\u00e9li\u00e8re de pendentif int\u00e9gr\u00e9 au cercle.<br \/>\n<\/b><\/p>\n<p style=\"text-align: center;\"><strong>Collier talisman, d&#8217;inspiration asiatique et elfique!<\/strong><\/p>\n<hr \/>\n<div class=\"text-wrap tlid-copy-target\">\n<p class=\"result-shield-container tlid-copy-target\" style=\"text-align: center;\" tabindex=\"0\"><span class=\"tlid-translation translation\" lang=\"en\">The Monsh\u014d are the coat of arms of Japanese families.<br \/>\nThey consist of a symbol often circled or rounded. The drawings were often stylized versions of Japanese themes or objects, often from nature.<br \/>\nAlmost everything in nature had a symbolic, superstitious or not, which influenced the families in the choice of emblem pattern of their clan.<\/p>\n<p>The volubilis is the natural symbol of the kiss, the pleasure or the budding friendship.<\/p>\n<p><strong>Circular pendant mounted on a hinged neck.<\/strong><br \/>\n<strong>An extension chain ending with a sheet of volubilis can play on the length of the necklace.<\/strong><br \/>\n<strong>The pendant is made of 2 sheets of hand-hammered volubilis and welded on two branches.<\/strong><br \/>\n<strong>Four stainless strands interlace the leaves and leave the circle in volutes.<\/strong><br \/>\n<strong>Diameter of the circle: 5.3 cm.<\/strong><br \/>\n<strong>Leaf size: 2.6 cm by 2.6 cm for the large leaf, 2.5 cm by 2.4 cm for the smallest leaf.<\/strong><br \/>\n<strong>Bead of pendant integrated in the circle.<\/strong><\/p>\n<p><strong>Talisman necklace, Asian and Elvish inspired!<\/strong><\/span><\/p>\n<\/div>\n<div class=\"tlid-result-transliteration-container result-transliteration-container transliteration-container\">\n<div class=\"tlid-transliteration-content transliteration-content full\"><\/div>\n<\/div>\n","protected":false},"excerpt":{"rendered":"<p style=\"text-align: center;\"><strong>Collier inox pendentif, entrelacs et feuilles de volubilis, d&#8217;inspiration asiatique et elfique.<\/strong><\/p>\n<hr \/>\n<p style=\"text-align: center;\"><strong><span class=\"tlid-translation translation\" lang=\"en\"><span class=\"\" title=\"\">Necklace stainless steel pendant, interlacing and leaves of volubilis, of Asian and Elvish inspiration.<\/span><\/span><\/strong><\/p>\n","protected":false},"featured_media":590,"comment_status":"open","ping_status":"closed","template":"","meta":[],"product_brand":[],"product_cat":[25],"product_tag":[31],"class_list":{"0":"post-589","1":"product","2":"type-product","3":"status-publish","4":"has-post-thumbnail","6":"product_cat-monsho","7":"product_tag-collier","8":"pa_ambiance-asiatique","9":"pa_ambiance-elfique","10":"pa_ambiance-feerique","11":"pa_ambiance-vegetal","12":"pa_feuille-volubilis","13":"pa_matiere-inox","15":"first","16":"instock","17":"sold-individually","18":"shipping-taxable","19":"purchasable","20":"product-type-simple"},"translation":{"provider":"WPGlobus","version":"3.0.2","language":"en","enabled_languages":["fr","en"],"languages":{"fr":{"title":true,"content":true,"excerpt":true},"en":{"title":false,"content":false,"excerpt":false}}},"jetpack-related-posts":[],"jetpack_sharing_enabled":true,"_links":{"self":[{"href":"https:\/\/www.altisfain.com\/en\/wp-json\/wp\/v2\/product\/589","targetHints":{"allow":["GET"]}}],"collection":[{"href":"https:\/\/www.altisfain.com\/en\/wp-json\/wp\/v2\/product"}],"about":[{"href":"https:\/\/www.altisfain.com\/en\/wp-json\/wp\/v2\/types\/product"}],"replies":[{"embeddable":true,"href":"https:\/\/www.altisfain.com\/en\/wp-json\/wp\/v2\/comments?post=589"}],"wp:featuredmedia":[{"embeddable":true,"href":"https:\/\/www.altisfain.com\/en\/wp-json\/wp\/v2\/media\/590"}],"wp:attachment":[{"href":"https:\/\/www.altisfain.com\/en\/wp-json\/wp\/v2\/media?parent=589"}],"wp:term":[{"taxonomy":"product_brand","embeddable":true,"href":"https:\/\/www.altisfain.com\/en\/wp-json\/wp\/v2\/product_brand?post=589"},{"taxonomy":"product_cat","embeddable":true,"href":"https:\/\/www.altisfain.com\/en\/wp-json\/wp\/v2\/product_cat?post=589"},{"taxonomy":"product_tag","embeddable":true,"href":"https:\/\/www.altisfain.com\/en\/wp-json\/wp\/v2\/product_tag?post=589"}],"curies":[{"name":"wp","href":"https:\/\/api.w.org\/{rel}","templated":true}]}}