{"id":5885,"date":"2024-06-02T00:02:56","date_gmt":"2024-06-01T22:02:56","guid":{"rendered":"https:\/\/www.altisfain.com\/?post_type=product&#038;p=5885"},"modified":"2024-12-22T11:43:52","modified_gmt":"2024-12-22T10:43:52","slug":"collier-laiton-dore-les-diaboliques-moiraine-damodred-labradorite","status":"publish","type":"product","link":"https:\/\/www.altisfain.com\/en\/boutique\/diaboliques\/collier-laiton-dore-les-diaboliques-moiraine-damodred-labradorite\/","title":{"rendered":"Collier laiton dor\u00e9 &#8220;Les Diaboliques: Moiraine Damodred&#8221; Labradorite"},"content":{"rendered":"<p style=\"padding-left:40px\">&#8220;Le mot na\u00eff et \u00e9tonn\u00e9 de la Borgh\u00e8se, quand on lui demanda comment elle avait bien pu poser nue devant Canova: \u00abmais l&#8217;atelier \u00e9tait chaud! il y avait un po\u00eale!\u00bb&#8221;<\/p>\n<p>Les Diaboliques, Barbey d&#8217;Aurevilly.<\/p>\n<p style=\"text-align:center\">Collection inspir\u00e9e de femmes, fictives ou historiques qui, \u00e0 tord ou \u00e0 raison, ont suscit\u00e9 accusations et calomnies et marqu\u00e9 l&#8217;Histoire ou les histoires par leur personnalit\u00e9 sulfureuse&#8230;<\/p>\n<p style=\"text-align:center\">Moiraine Damodred est une puissante Aes Sedai de l\u2019Ajah Bleue dans la s\u00e9rie La Roue du Temps. D\u00e8s le d\u00e9but, elle reconna\u00eet en Rand al\u2019Thor le Dragon R\u00e9incarn\u00e9 et s\u2019engage \u00e0 le prot\u00e9ger et \u00e0 l\u2019aider \u00e0 accomplir sa destin\u00e9e. D\u00e9vou\u00e9e et d\u00e9termin\u00e9e, Moiraine parcourt le monde avec Rand et ses amis, affrontant de nombreux dangers et ennemis tout en cherchant \u00e0 d\u00e9chiffrer les myst\u00e8res entourant la proph\u00e9tie du Dragon. Sa qu\u00eate la m\u00e8ne jusqu\u2019\u00e0 la Tour de Ghenjei, o\u00f9 elle est emprisonn\u00e9e et utilis\u00e9e pour alimenter le Pouvoir Unique. Finalement, elle est lib\u00e9r\u00e9e gr\u00e2ce \u00e0 l\u2019aide de ses compagnons et joue un r\u00f4le cl\u00e9 dans la bataille finale contre le T\u00e9n\u00e9breux. Apr\u00e8s la victoire, Moiraine assiste aux fun\u00e9railles de Rand, ayant accompli sa mission et pouvant enfin trouver la paix et une nouvelle vie aupr\u00e8s de Thom Merrilin, son amour de longue date. Moiraine est un personnage embl\u00e9matique de la s\u00e9rie, connue pour sa sagesse, sa d\u00e9termination et son d\u00e9vouement envers sa cause. En tant qu\u2019Aes Sedai, elle poss\u00e8de de puissants pouvoirs et utilise son intelligence et sa connaissance pour guider et prot\u00e9ger ceux qui lui sont chers. Son r\u00f4le de conseill\u00e8re et de protectrice de Rand en fait un pilier essentiel de l\u2019histoire, contribuant \u00e0 la lutte contre les forces du mal et \u00e0 la r\u00e9alisation des proph\u00e9ties du Dragon R\u00e9incarn\u00e9. Son histoire est marqu\u00e9e par des sacrifices, des \u00e9preuves et des moments de triomphe, ce qui fait d\u2019elle un personnage complexe et fascinant au sein de l\u2019univers captivant de La Roue du Temps.<\/p>\n<p style=\"text-align:center\"><strong>Collier plastron et col laiton premier titre vernis satin\u00e9 hypoallergenique et haute r\u00e9sistance , compos\u00e9 d&#8217;un plastron m\u00e9tal et d&#8217;un col montant entrelacs. En pi\u00e8ce centrale du plastron, un cabochon de tr\u00e8s belle qualit\u00e9 forme goutte serti griffe Labradorite aux reflets bleus profonds et dor<\/strong>\u00e9s. <strong>Le collier en base est un plastron sym\u00e9trique martel\u00e9 plongeant et un col montant soud\u00e9 au plastron et d\u00e9cor\u00e9 de motifs entrelacs sym\u00e9triques .<\/strong> <strong>Dimension du collier: 40 cm de long. Dimension du cabochon de plastron : 3,3 cm par 2 cm . Dimensions du plastron col: 6 cm de large au centre, 3 cm de large sur les c\u00f4t\u00e9s.<\/strong><\/p>\n<p style=\"text-align:center\"><strong>Style elfique et Art nouveau, pi\u00e8ce uniqu<\/strong>e!!<\/p>\n<hr>\n<div class=\"text-wrap tlid-copy-target\" style=\"text-align:center\"><span class=\"tlid-translation translation\" lang=\"en\"><span class=\"tlid-translation translation\" lang=\"en\"><strong>&#8220;The naive and astonished word from the Borghese, when asked how she could have posed naked in front of Canova:&#8221; but the workshop was hot! There was a stove! &#8220;<\/strong><\/span><\/span><\/p>\n<p><strong>Les Diaboliques, Barbey d&#8217;Aurevilly<\/strong><\/div>\n<div style=\"text-align:center\"><strong>Collection inspired by women, fictitious or historical who, rightly or wrongly, have aroused accusations and calumnies and marked History or stories by their sulphurous personality &#8230;..<\/strong><\/p>\n<p>Moiraine Damodred is a powerful Aes Sedai of the Blue Ajah in the Wheel of Time series. From the start, she recognizes Rand al&#8217;Thor the Dragon Reincarnated and undertakes to protect him and help him fulfill his destiny. Dedicated and determined, Moiraine travels the world with Rand and her friends, facing many dangers and enemies while seeking to decipher the mysteries surrounding the Dragon prophecy. Her quest leads her to the Tower of Ghenjei, where she is imprisoned and used to fuel the One Power. Eventually, she is freed with the help of her companions and plays a key role in the final battle against the Dark One. After the victory, Moiraine attends Rand&#8217;s funeral, having accomplished her mission and finally able to find peace and a new life with Thom Merrilin, her longtime love. Moiraine is an iconic character in the series, known for her wisdom, determination and dedication to her cause. As Aes Sedai, she possesses powerful powers and uses her intelligence and knowledge to guide and protect those she cares about. Her role as Rand&#8217;s advisor and protector makes her an essential pillar of the story, contributing to the fight against the forces of evil and the fulfillment of the prophecies of the Dragon Reborn. Her story is marked by sacrifices, trials and moments of triumph, making her a complex and fascinating character within the captivating world of The Wheel of Time.<\/p>\n<p>First title brass plastron necklace and collar, hypoallergenic and high resistance satin varnish, composed of a metal bib and an interlaced stand-up collar. In the central piece of the bib, a very beautiful drop-shaped cabochon set with a Labradorite claw with deep blue and golden reflections. The basic necklace is a plunging symmetrical hammered bib and a stand-up collar welded to the bib and decorated with symmetrical interlacing patterns. Necklace size: 40 cm long. Dimensions of the plastron cabochon: 3.3 cm by 2 cm.  Dimensions of the collar bib: 6 cm wide in the center, 3 cm wide on the sides.<\/p>\n<p>Elvish and Art Nouveau style, unique piece!!<\/p><\/div>\n","protected":false},"excerpt":{"rendered":"<p style=\"padding-left:40px;text-align:center\"><strong>Collier laiton serti Labradorite, d\u2019inspiration elfique.<\/strong><\/p>\n<hr>\n<div class=\"text-wrap tlid-copy-target\" style=\"text-align:center\">\n<div class=\"result-shield-container tlid-copy-target\" style=\"text-align:center\">\n<div class=\"text-wrap tlid-copy-target\" style=\"text-align:center\">\n<div class=\"result-shield-container tlid-copy-target\" style=\"text-align:center\"><strong>Stainless Steel <\/strong><span class=\"tlid-translation translation\" lang=\"en\" style=\"text-align:center\"><span class=\"\" title=\"\" style=\"text-align:center\"><strong>necklace with Labradorite setting, elven inspiration.<\/strong><\/span><\/span><\/div>\n<\/div>\n<\/div>\n<\/div>\n","protected":false},"featured_media":5892,"comment_status":"open","ping_status":"closed","template":"","meta":[],"product_brand":[],"product_cat":[15],"product_tag":[31],"class_list":{"0":"post-5885","1":"product","2":"type-product","3":"status-publish","4":"has-post-thumbnail","6":"product_cat-diaboliques","7":"product_tag-collier","8":"pa_ambiance-antique","9":"pa_ambiance-art-nouveau","10":"pa_ambiance-baroque","11":"pa_ambiance-elfique","12":"pa_ambiance-feerique","13":"pa_ambiance-gothique","14":"pa_ambiance-grece-antique","15":"pa_ambiance-victorien","16":"pa_matiere-laiton","17":"pa_ornement-labradorite","18":"pa_ornement-labradorite-bleue","19":"pa_ornement-labradorite-doree","20":"pa_ornement-pierre-semi","22":"first","23":"outofstock","24":"featured","25":"sold-individually","26":"shipping-taxable","27":"purchasable","28":"product-type-simple"},"translation":{"provider":"WPGlobus","version":"3.0.2","language":"en","enabled_languages":["fr","en"],"languages":{"fr":{"title":true,"content":true,"excerpt":true},"en":{"title":false,"content":false,"excerpt":false}}},"jetpack-related-posts":[],"jetpack_sharing_enabled":true,"_links":{"self":[{"href":"https:\/\/www.altisfain.com\/en\/wp-json\/wp\/v2\/product\/5885","targetHints":{"allow":["GET"]}}],"collection":[{"href":"https:\/\/www.altisfain.com\/en\/wp-json\/wp\/v2\/product"}],"about":[{"href":"https:\/\/www.altisfain.com\/en\/wp-json\/wp\/v2\/types\/product"}],"replies":[{"embeddable":true,"href":"https:\/\/www.altisfain.com\/en\/wp-json\/wp\/v2\/comments?post=5885"}],"wp:featuredmedia":[{"embeddable":true,"href":"https:\/\/www.altisfain.com\/en\/wp-json\/wp\/v2\/media\/5892"}],"wp:attachment":[{"href":"https:\/\/www.altisfain.com\/en\/wp-json\/wp\/v2\/media?parent=5885"}],"wp:term":[{"taxonomy":"product_brand","embeddable":true,"href":"https:\/\/www.altisfain.com\/en\/wp-json\/wp\/v2\/product_brand?post=5885"},{"taxonomy":"product_cat","embeddable":true,"href":"https:\/\/www.altisfain.com\/en\/wp-json\/wp\/v2\/product_cat?post=5885"},{"taxonomy":"product_tag","embeddable":true,"href":"https:\/\/www.altisfain.com\/en\/wp-json\/wp\/v2\/product_tag?post=5885"}],"curies":[{"name":"wp","href":"https:\/\/api.w.org\/{rel}","templated":true}]}}