{"id":5873,"date":"2024-05-16T22:00:08","date_gmt":"2024-05-16T20:00:08","guid":{"rendered":"https:\/\/www.altisfain.com\/?post_type=product&#038;p=5873"},"modified":"2024-12-14T22:12:48","modified_gmt":"2024-12-14T21:12:48","slug":"collier-inox-les-diaboliques-antiope-labradorite-et-pierre-de-lune","status":"publish","type":"product","link":"https:\/\/www.altisfain.com\/en\/boutique\/les-adoptes\/collier-inox-les-diaboliques-antiope-labradorite-et-pierre-de-lune\/","title":{"rendered":"Collier inox &#8220;Les Diaboliques: Antiope&#8221; Labradorite bleue, Labradorite verte et Pierre de Lune"},"content":{"rendered":"<p style=\"padding-left: 40px;\">&#8220;Le mot na\u00eff et \u00e9tonn\u00e9 de la Borgh\u00e8se, quand on lui demanda comment elle avait bien pu poser nue devant Canova: \u00abmais l&#8217;atelier \u00e9tait chaud! il y avait un po\u00eale!\u00bb&#8221;<\/p>\n<p>Les Diaboliques, Barbey d&#8217;Aurevilly.<\/p>\n<p style=\"text-align: center;\">Collection inspir\u00e9e de femmes, fictives ou historiques qui, \u00e0 tord ou \u00e0 raison, ont suscit\u00e9 accusations et calomnies et marqu\u00e9 l&#8217;Histoire ou les histoires par leur personnalit\u00e9 sulfureuse&#8230;<\/p>\n<p style=\"text-align: center;\">Antiope \u00e9tait la fille d&#8217;Ar\u00e8s et la soeur de M\u00e9lanippe et Hippolyte mais il faut dire que les l\u00e9gendes ne diff\u00e9rencient pas toujours les trois soeurs.<br \/>\nAntiope \u00e9tait la reine des amazones et elle tomba amoureuse de Th\u00e9s\u00e9e qui l&#8217;enleva.<br \/>\nDans une version c&#8217;est \u00e0 l&#8217;occasion du neuvi\u00e8me travail d&#8217;H\u00e9racl\u00e8s o\u00f9 il devait r\u00e9cup\u00e9rer la ceinture d&#8217;Hippolyte, que le h\u00e9ros captura Antiope et l&#8217;offrit \u00e0 Th\u00e9s\u00e9e.<br \/>\nPausanias raconte qu&#8217;elle n&#8217;a pas \u00e9t\u00e9 enlev\u00e9e mais qu&#8217;elle serait partie de son plein gr\u00e9 c&#8217;est pourquoi elle fut accus\u00e9e d&#8217;avoir trahi son peuple.<br \/>\nN\u00e9anmoins, les Amazones attaqu\u00e8rent Ath\u00e8nes afin de sauver Antiope et de r\u00e9cup\u00e9rer la ceinture d&#8217;Hippolyte. Elles connurent la d\u00e9faite lors d&#8217;une bataille pr\u00e8s du mont d&#8217;Ar\u00e8s qui est connue sous le nom de bataille d&#8217;Attique, Antiope fut tu\u00e9e accidentellement par l&#8217;Amazone Molpadia, qui \u00e0 son tour fut tu\u00e9e par Th\u00e9s\u00e9e. On pouvait voir les tombes d&#8217;Antiope et de Molpadia \u00e0 Ath\u00e8nes.<br \/>\nMais on raconte aussi que c&#8217;est Antiope elle m\u00eame qui aurait d\u00e9clench\u00e9 la guerre quand elle apprit le mariage prochain de Th\u00e9s\u00e9e et de Ph\u00e8dre.<\/p>\n<p style=\"text-align: center;\"><strong>Collier inox sym\u00e9trique, compos\u00e9 d&#8217;un plastron et d&#8217;un pendentif. Le plastron est form\u00e9 de deux arceaux martel\u00e9s et d&#8217;une tige les reliant l&#8217;un \u00e0 l&#8217;autre<\/strong>. <strong>Le pendentif est form\u00e9 de 3 sertis pierres. La grande pierre ovale est une Labradorite bleue. La pierre rectangulaire est une labradorite verte. Enfin, la petite pierre ovale est une Pierre de Lune. Chaque pierre est en serti griffe.<\/strong> <strong>Le collier en base est un plastron asym\u00e9trique. Le pendentif est mouvant sur la tige du plastron. Une cha\u00eenette de rallonge termin\u00e9e par une perle permet de jouer avec la longueur du collier.<\/strong> <strong>Dimension du plastron: 45 cm de tour de cou, 3 cm de large. Dimensions du pendentif : 6,5 cm par 3,5 cm.<\/strong><\/p>\n<p style=\"text-align: center;\"><strong>Style m\u00e9di\u00e9val fantastique et antique, pi\u00e8ce unique!!<\/strong><\/p>\n<hr \/>\n<div class=\"text-wrap tlid-copy-target\" style=\"text-align: center;\">\n<p><span class=\"tlid-translation translation\" lang=\"en\"><span class=\"tlid-translation translation\" lang=\"en\"><strong>&#8220;The naive and astonished word from the Borghese, when asked how she could have posed naked in front of Canova:&#8221; but the workshop was hot! There was a stove! &#8220;<\/strong><\/span><\/span><\/p>\n<p><strong>Les Diaboliques, Barbey d&#8217;Aurevilly<\/strong><\/p>\n<\/div>\n<div style=\"text-align: center;\">\n<p><strong>Collection inspired by women, fictitious or historical who, rightly or wrongly, have aroused accusations and calumnies and marked History or stories by their sulphurous personality &#8230;..<\/strong><\/p>\n<p>Antiope was the daughter of Ares and the sister of M\u00e9lanippe and Hippolyte but it must be said that the legends do not always differentiate the three sisters.<br \/>\nAntiope was the queen of the Amazons and she fell in love with Theseus who kidnapped her.<br \/>\nIn one version it was on the occasion of Heracles&#8217; ninth labor where he had to recover Hippolytus&#8217; belt, that the hero captured Antiope and offered her to Theseus.<br \/>\nPausanias says that she was not kidnapped but that she left of her own free will, which is why she was accused of having betrayed her people.<br \/>\nNevertheless, the Amazons attacked Athens in order to save Antiope and recover Hippolytus&#8217; belt. They were defeated in a battle near Mount Ares which is known as the Battle of Attica, Antiope was accidentally killed by the Amazon Molpadia, who in turn was killed by Theseus. The tombs of Antiope and Molpadia could be seen in Athens.<br \/>\nBut it is also said that it was Antiope herself who started the war when she learned of the upcoming marriage of Theseus and Phaedra.<\/p>\n<p>Symmetrical stainless steel necklace, composed of a plastron and a pendant. The plastron is made up of two hammered hoops and a rod connecting them to each other. The pendant is made up of 3 stone settings. The large oval stone is a blue Labradorite. The rectangular stone is a green labradorite. Finally, the small oval stone is a Moonstone. Each stone is in a claw setting. The basic necklace is an symmetrical plastron. The pendant moves on the stem of the necklace. An extension chain ending with a pearl allows you to play with the length of the necklace. Dimensions of the plastron: 45 cm neck circumference, 3 cm wide. Dimensions of the pendant: 6.5 cm by 3.5 cm.<\/p>\n<p>Fantastic and antique medieval style, unique piece!!<\/p>\n<\/div>\n","protected":false},"excerpt":{"rendered":"<p style=\"padding-left: 40px; text-align: center;\"><strong>Collier inox serti Labradorite bleue, verte et Pierre de Lune d\u2019inspiration antique et elfique.<\/strong><\/p>\n<hr \/>\n<div class=\"text-wrap tlid-copy-target\" style=\"text-align: center;\">\n<div class=\"result-shield-container tlid-copy-target\" style=\"text-align: center;\">\n<div class=\"text-wrap tlid-copy-target\" style=\"text-align: center;\">\n<div class=\"result-shield-container tlid-copy-target\" style=\"text-align: center;\"><strong>Stainless Steel <\/strong><span class=\"tlid-translation translation\" lang=\"en\" style=\"text-align: center;\"><span class=\"\" style=\"text-align: center;\" title=\"\"><strong>necklace with blue, green Labradorite and Moonstone setting, of antic and elven inspiration.<\/strong><\/span><\/span><\/div>\n<\/div>\n<\/div>\n<\/div>\n","protected":false},"featured_media":5880,"comment_status":"open","ping_status":"closed","template":"","meta":[],"product_brand":[],"product_cat":[222],"product_tag":[31],"class_list":{"0":"post-5873","1":"product","2":"type-product","3":"status-publish","4":"has-post-thumbnail","6":"product_cat-les-adoptes","7":"product_tag-collier","8":"pa_ambiance-antique","9":"pa_ambiance-art-nouveau","10":"pa_ambiance-baroque","11":"pa_ambiance-elfique","12":"pa_ambiance-feerique","13":"pa_ambiance-gothique","14":"pa_ambiance-grece-antique","15":"pa_ambiance-victorien","16":"pa_matiere-laiton","17":"pa_ornement-labradorite","18":"pa_ornement-labradorite-bleue","19":"pa_ornement-labradorite-doree","20":"pa_ornement-labradorite-verte","21":"pa_ornement-pierre-de-lune","22":"pa_ornement-pierre-semi","24":"first","25":"outofstock","26":"featured","27":"sold-individually","28":"shipping-taxable","29":"purchasable","30":"product-type-simple"},"translation":{"provider":"WPGlobus","version":"3.0.2","language":"en","enabled_languages":["fr","en"],"languages":{"fr":{"title":true,"content":true,"excerpt":true},"en":{"title":false,"content":false,"excerpt":false}}},"jetpack-related-posts":[],"jetpack_sharing_enabled":true,"_links":{"self":[{"href":"https:\/\/www.altisfain.com\/en\/wp-json\/wp\/v2\/product\/5873","targetHints":{"allow":["GET"]}}],"collection":[{"href":"https:\/\/www.altisfain.com\/en\/wp-json\/wp\/v2\/product"}],"about":[{"href":"https:\/\/www.altisfain.com\/en\/wp-json\/wp\/v2\/types\/product"}],"replies":[{"embeddable":true,"href":"https:\/\/www.altisfain.com\/en\/wp-json\/wp\/v2\/comments?post=5873"}],"wp:featuredmedia":[{"embeddable":true,"href":"https:\/\/www.altisfain.com\/en\/wp-json\/wp\/v2\/media\/5880"}],"wp:attachment":[{"href":"https:\/\/www.altisfain.com\/en\/wp-json\/wp\/v2\/media?parent=5873"}],"wp:term":[{"taxonomy":"product_brand","embeddable":true,"href":"https:\/\/www.altisfain.com\/en\/wp-json\/wp\/v2\/product_brand?post=5873"},{"taxonomy":"product_cat","embeddable":true,"href":"https:\/\/www.altisfain.com\/en\/wp-json\/wp\/v2\/product_cat?post=5873"},{"taxonomy":"product_tag","embeddable":true,"href":"https:\/\/www.altisfain.com\/en\/wp-json\/wp\/v2\/product_tag?post=5873"}],"curies":[{"name":"wp","href":"https:\/\/api.w.org\/{rel}","templated":true}]}}